{"id":133,"date":"2020-11-03T09:41:08","date_gmt":"2020-11-03T08:41:08","guid":{"rendered":"https:\/\/ekinox.shop\/boutique\/produit\/ecuyer-mural-tige-en-l-3-points-de-fixation-berceau-pour-main-courante-o-424-mm\/"},"modified":"2020-11-03T09:41:08","modified_gmt":"2020-11-03T08:41:08","slug":"ecuyer-mural-tige-en-l-3-points-de-fixation-berceau-pour-main-courante-o-424-mm","status":"publish","type":"product","link":"https:\/\/ekinox.shop\/boutique\/produit\/ecuyer-mural-tige-en-l-3-points-de-fixation-berceau-pour-main-courante-o-424-mm\/","title":{"rendered":"\u00c9cuyer mural tige en L + 3 points de fixation + berceau pour main courante \u00d8 42,4 mm"},"content":{"rendered":"","protected":false},"excerpt":{"rendered":"<p>Pour composer votre garde-corps, votre rambarde ou main courante :<\/p>\n<p>\u00c9cuyer mural tige en L + 3 points de fixation + berceau pour main courante \u00d8 42,4 mm<\/p>\n<p>Nuance : inox 304 | inox 316 | 316 poli miroir sur\u00a0devis<\/p>\n<p>Sur demande : \u00d8 33.7 x 2 mm | \u00d8 48.3 x 2 mm<\/p>\n","protected":false},"featured_media":129,"template":"","meta":[],"product_brand":[],"product_cat":[35,55],"product_tag":[],"class_list":{"0":"post-133","1":"product","2":"type-product","3":"status-publish","4":"has-post-thumbnail","6":"product_cat-garde-corps-inox","7":"product_cat-supports-de-main-courante","8":"pa_finition-brosse","9":"pa_fixation-murale","10":"pa_fixationsursupportomm-42_4","11":"pa_gamme-cylindrique","12":"pa_matiere-inox","13":"pa_nuanceinox-inox304brosse","14":"pa_nuanceinox-inox316brosse","15":"pa_nuanceinox-aisi304aisi316","16":"pa_orientable-non","17":"pa_pourtube-40x40mm","19":"first","20":"instock","21":"taxable","22":"shipping-taxable","23":"purchasable","24":"product-type-variable","25":"has-default-attributes"},"yoast_head":"<!-- This site is optimized with the Yoast SEO plugin v27.1.1 - https:\/\/yoast.com\/product\/yoast-seo-wordpress\/ -->\n<title>\u00c9cuyer mural tige en L + 3 points de fixation + berceau pour main courante \u00d8 42,4 mm - Ekinox.shop<\/title>\n<meta name=\"robots\" content=\"index, follow, max-snippet:-1, max-image-preview:large, max-video-preview:-1\" \/>\n<link rel=\"canonical\" href=\"https:\/\/ekinox.shop\/boutique\/produit\/ecuyer-mural-tige-en-l-3-points-de-fixation-berceau-pour-main-courante-o-424-mm\/\" \/>\n<meta property=\"og:locale\" content=\"fr_FR\" \/>\n<meta property=\"og:type\" content=\"article\" \/>\n<meta property=\"og:title\" content=\"\u00c9cuyer mural tige en L + 3 points de fixation + berceau pour main courante \u00d8 42,4 mm - Ekinox.shop\" \/>\n<meta property=\"og:description\" content=\"Pour composer votre garde-corps, votre rambarde ou main courante : \u00c9cuyer mural tige en L + 3 points de fixation + berceau pour main courante \u00d8 42,4 mm Nuance : inox 304 | inox 316 | 316 poli miroir sur\u00a0devis Sur demande : \u00d8 33.7 x 2 mm | \u00d8 48.3 x 2 mm\" \/>\n<meta property=\"og:url\" content=\"https:\/\/ekinox.shop\/boutique\/produit\/ecuyer-mural-tige-en-l-3-points-de-fixation-berceau-pour-main-courante-o-424-mm\/\" \/>\n<meta property=\"og:site_name\" content=\"Ekinox.shop\" \/>\n<meta property=\"og:image\" content=\"https:\/\/ekinox.shop\/boutique\/wp-content\/uploads\/2020\/11\/46-e0a-Ecuyer-mural-tige-en-L-3-points-de-fixation-berceau-pour-main-courante-O-424-mm.jpg\" \/>\n\t<meta property=\"og:image:width\" content=\"800\" \/>\n\t<meta property=\"og:image:height\" content=\"600\" \/>\n\t<meta property=\"og:image:type\" content=\"image\/jpeg\" \/>\n<meta name=\"twitter:card\" content=\"summary_large_image\" \/>\n<script type=\"application\/ld+json\" class=\"yoast-schema-graph\">{\"@context\":\"https:\/\/schema.org\",\"@graph\":[{\"@type\":\"WebPage\",\"@id\":\"https:\/\/ekinox.shop\/boutique\/produit\/ecuyer-mural-tige-en-l-3-points-de-fixation-berceau-pour-main-courante-o-424-mm\/\",\"url\":\"https:\/\/ekinox.shop\/boutique\/produit\/ecuyer-mural-tige-en-l-3-points-de-fixation-berceau-pour-main-courante-o-424-mm\/\",\"name\":\"\u00c9cuyer mural tige en L + 3 points de fixation + berceau pour main courante \u00d8 42,4 mm - Ekinox.shop\",\"isPartOf\":{\"@id\":\"https:\/\/ekinox.shop\/boutique\/#website\"},\"primaryImageOfPage\":{\"@id\":\"https:\/\/ekinox.shop\/boutique\/produit\/ecuyer-mural-tige-en-l-3-points-de-fixation-berceau-pour-main-courante-o-424-mm\/#primaryimage\"},\"image\":{\"@id\":\"https:\/\/ekinox.shop\/boutique\/produit\/ecuyer-mural-tige-en-l-3-points-de-fixation-berceau-pour-main-courante-o-424-mm\/#primaryimage\"},\"thumbnailUrl\":\"https:\/\/ekinox.shop\/boutique\/wp-content\/uploads\/2020\/11\/46-e0a-Ecuyer-mural-tige-en-L-3-points-de-fixation-berceau-pour-main-courante-O-424-mm.jpg\",\"datePublished\":\"2020-11-03T08:41:08+00:00\",\"breadcrumb\":{\"@id\":\"https:\/\/ekinox.shop\/boutique\/produit\/ecuyer-mural-tige-en-l-3-points-de-fixation-berceau-pour-main-courante-o-424-mm\/#breadcrumb\"},\"inLanguage\":\"fr-FR\",\"potentialAction\":[{\"@type\":\"ReadAction\",\"target\":[\"https:\/\/ekinox.shop\/boutique\/produit\/ecuyer-mural-tige-en-l-3-points-de-fixation-berceau-pour-main-courante-o-424-mm\/\"]}]},{\"@type\":\"ImageObject\",\"inLanguage\":\"fr-FR\",\"@id\":\"https:\/\/ekinox.shop\/boutique\/produit\/ecuyer-mural-tige-en-l-3-points-de-fixation-berceau-pour-main-courante-o-424-mm\/#primaryimage\",\"url\":\"https:\/\/ekinox.shop\/boutique\/wp-content\/uploads\/2020\/11\/46-e0a-Ecuyer-mural-tige-en-L-3-points-de-fixation-berceau-pour-main-courante-O-424-mm.jpg\",\"contentUrl\":\"https:\/\/ekinox.shop\/boutique\/wp-content\/uploads\/2020\/11\/46-e0a-Ecuyer-mural-tige-en-L-3-points-de-fixation-berceau-pour-main-courante-O-424-mm.jpg\",\"width\":800,\"height\":600,\"caption\":\"\u00c9cuyer mural tige en L + 3 points de fixation + berceau pour main courante \u00d8 42,4 mm\"},{\"@type\":\"BreadcrumbList\",\"@id\":\"https:\/\/ekinox.shop\/boutique\/produit\/ecuyer-mural-tige-en-l-3-points-de-fixation-berceau-pour-main-courante-o-424-mm\/#breadcrumb\",\"itemListElement\":[{\"@type\":\"ListItem\",\"position\":1,\"name\":\"Accueil\",\"item\":\"https:\/\/ekinox.shop\/boutique\/\"},{\"@type\":\"ListItem\",\"position\":2,\"name\":\"Shop\",\"item\":\"https:\/\/ekinox.shop\/boutique\/shop\/\"},{\"@type\":\"ListItem\",\"position\":3,\"name\":\"GARDE-CORPS\",\"item\":\"https:\/\/ekinox.shop\/boutique\/categorie-produit\/garde-corps-inox\/\"},{\"@type\":\"ListItem\",\"position\":4,\"name\":\"SUPPORTS DE MAIN COURANTE\",\"item\":\"https:\/\/ekinox.shop\/boutique\/categorie-produit\/garde-corps-inox\/supports-de-main-courante\/\"},{\"@type\":\"ListItem\",\"position\":5,\"name\":\"\u00c9cuyer mural tige en L + 3 points de fixation + berceau pour main courante \u00d8 42,4 mm\"}]},{\"@type\":\"WebSite\",\"@id\":\"https:\/\/ekinox.shop\/boutique\/#website\",\"url\":\"https:\/\/ekinox.shop\/boutique\/\",\"name\":\"Ekinox.shop\",\"description\":\"Votre garde-corps inox ou aluminium sur-mesure\",\"publisher\":{\"@id\":\"https:\/\/ekinox.shop\/boutique\/#organization\"},\"potentialAction\":[{\"@type\":\"SearchAction\",\"target\":{\"@type\":\"EntryPoint\",\"urlTemplate\":\"https:\/\/ekinox.shop\/boutique\/?s={search_term_string}\"},\"query-input\":{\"@type\":\"PropertyValueSpecification\",\"valueRequired\":true,\"valueName\":\"search_term_string\"}}],\"inLanguage\":\"fr-FR\"},{\"@type\":\"Organization\",\"@id\":\"https:\/\/ekinox.shop\/boutique\/#organization\",\"name\":\"Ekinox.shop\",\"url\":\"https:\/\/ekinox.shop\/boutique\/\",\"logo\":{\"@type\":\"ImageObject\",\"inLanguage\":\"fr-FR\",\"@id\":\"https:\/\/ekinox.shop\/boutique\/#\/schema\/logo\/image\/\",\"url\":\"https:\/\/ekinox.shop\/boutique\/wp-content\/uploads\/2023\/06\/LOGO_EKINOX.svg\",\"contentUrl\":\"https:\/\/ekinox.shop\/boutique\/wp-content\/uploads\/2023\/06\/LOGO_EKINOX.svg\",\"width\":1,\"height\":1,\"caption\":\"Ekinox.shop\"},\"image\":{\"@id\":\"https:\/\/ekinox.shop\/boutique\/#\/schema\/logo\/image\/\"}}]}<\/script>\n<!-- \/ Yoast SEO plugin. -->","yoast_head_json":{"title":"\u00c9cuyer mural tige en L + 3 points de fixation + berceau pour main courante \u00d8 42,4 mm - Ekinox.shop","robots":{"index":"index","follow":"follow","max-snippet":"max-snippet:-1","max-image-preview":"max-image-preview:large","max-video-preview":"max-video-preview:-1"},"canonical":"https:\/\/ekinox.shop\/boutique\/produit\/ecuyer-mural-tige-en-l-3-points-de-fixation-berceau-pour-main-courante-o-424-mm\/","og_locale":"fr_FR","og_type":"article","og_title":"\u00c9cuyer mural tige en L + 3 points de fixation + berceau pour main courante \u00d8 42,4 mm - Ekinox.shop","og_description":"Pour composer votre garde-corps, votre rambarde ou main courante : \u00c9cuyer mural tige en L + 3 points de fixation + berceau pour main courante \u00d8 42,4 mm Nuance : inox 304 | inox 316 | 316 poli miroir sur\u00a0devis Sur demande : \u00d8 33.7 x 2 mm | \u00d8 48.3 x 2 mm","og_url":"https:\/\/ekinox.shop\/boutique\/produit\/ecuyer-mural-tige-en-l-3-points-de-fixation-berceau-pour-main-courante-o-424-mm\/","og_site_name":"Ekinox.shop","og_image":[{"width":800,"height":600,"url":"https:\/\/ekinox.shop\/boutique\/wp-content\/uploads\/2020\/11\/46-e0a-Ecuyer-mural-tige-en-L-3-points-de-fixation-berceau-pour-main-courante-O-424-mm.jpg","type":"image\/jpeg"}],"twitter_card":"summary_large_image","schema":{"@context":"https:\/\/schema.org","@graph":[{"@type":"WebPage","@id":"https:\/\/ekinox.shop\/boutique\/produit\/ecuyer-mural-tige-en-l-3-points-de-fixation-berceau-pour-main-courante-o-424-mm\/","url":"https:\/\/ekinox.shop\/boutique\/produit\/ecuyer-mural-tige-en-l-3-points-de-fixation-berceau-pour-main-courante-o-424-mm\/","name":"\u00c9cuyer mural tige en L + 3 points de fixation + berceau pour main courante \u00d8 42,4 mm - Ekinox.shop","isPartOf":{"@id":"https:\/\/ekinox.shop\/boutique\/#website"},"primaryImageOfPage":{"@id":"https:\/\/ekinox.shop\/boutique\/produit\/ecuyer-mural-tige-en-l-3-points-de-fixation-berceau-pour-main-courante-o-424-mm\/#primaryimage"},"image":{"@id":"https:\/\/ekinox.shop\/boutique\/produit\/ecuyer-mural-tige-en-l-3-points-de-fixation-berceau-pour-main-courante-o-424-mm\/#primaryimage"},"thumbnailUrl":"https:\/\/ekinox.shop\/boutique\/wp-content\/uploads\/2020\/11\/46-e0a-Ecuyer-mural-tige-en-L-3-points-de-fixation-berceau-pour-main-courante-O-424-mm.jpg","datePublished":"2020-11-03T08:41:08+00:00","breadcrumb":{"@id":"https:\/\/ekinox.shop\/boutique\/produit\/ecuyer-mural-tige-en-l-3-points-de-fixation-berceau-pour-main-courante-o-424-mm\/#breadcrumb"},"inLanguage":"fr-FR","potentialAction":[{"@type":"ReadAction","target":["https:\/\/ekinox.shop\/boutique\/produit\/ecuyer-mural-tige-en-l-3-points-de-fixation-berceau-pour-main-courante-o-424-mm\/"]}]},{"@type":"ImageObject","inLanguage":"fr-FR","@id":"https:\/\/ekinox.shop\/boutique\/produit\/ecuyer-mural-tige-en-l-3-points-de-fixation-berceau-pour-main-courante-o-424-mm\/#primaryimage","url":"https:\/\/ekinox.shop\/boutique\/wp-content\/uploads\/2020\/11\/46-e0a-Ecuyer-mural-tige-en-L-3-points-de-fixation-berceau-pour-main-courante-O-424-mm.jpg","contentUrl":"https:\/\/ekinox.shop\/boutique\/wp-content\/uploads\/2020\/11\/46-e0a-Ecuyer-mural-tige-en-L-3-points-de-fixation-berceau-pour-main-courante-O-424-mm.jpg","width":800,"height":600,"caption":"\u00c9cuyer mural tige en L + 3 points de fixation + berceau pour main courante \u00d8 42,4 mm"},{"@type":"BreadcrumbList","@id":"https:\/\/ekinox.shop\/boutique\/produit\/ecuyer-mural-tige-en-l-3-points-de-fixation-berceau-pour-main-courante-o-424-mm\/#breadcrumb","itemListElement":[{"@type":"ListItem","position":1,"name":"Accueil","item":"https:\/\/ekinox.shop\/boutique\/"},{"@type":"ListItem","position":2,"name":"Shop","item":"https:\/\/ekinox.shop\/boutique\/shop\/"},{"@type":"ListItem","position":3,"name":"GARDE-CORPS","item":"https:\/\/ekinox.shop\/boutique\/categorie-produit\/garde-corps-inox\/"},{"@type":"ListItem","position":4,"name":"SUPPORTS DE MAIN COURANTE","item":"https:\/\/ekinox.shop\/boutique\/categorie-produit\/garde-corps-inox\/supports-de-main-courante\/"},{"@type":"ListItem","position":5,"name":"\u00c9cuyer mural tige en L + 3 points de fixation + berceau pour main courante \u00d8 42,4 mm"}]},{"@type":"WebSite","@id":"https:\/\/ekinox.shop\/boutique\/#website","url":"https:\/\/ekinox.shop\/boutique\/","name":"Ekinox.shop","description":"Votre garde-corps inox ou aluminium sur-mesure","publisher":{"@id":"https:\/\/ekinox.shop\/boutique\/#organization"},"potentialAction":[{"@type":"SearchAction","target":{"@type":"EntryPoint","urlTemplate":"https:\/\/ekinox.shop\/boutique\/?s={search_term_string}"},"query-input":{"@type":"PropertyValueSpecification","valueRequired":true,"valueName":"search_term_string"}}],"inLanguage":"fr-FR"},{"@type":"Organization","@id":"https:\/\/ekinox.shop\/boutique\/#organization","name":"Ekinox.shop","url":"https:\/\/ekinox.shop\/boutique\/","logo":{"@type":"ImageObject","inLanguage":"fr-FR","@id":"https:\/\/ekinox.shop\/boutique\/#\/schema\/logo\/image\/","url":"https:\/\/ekinox.shop\/boutique\/wp-content\/uploads\/2023\/06\/LOGO_EKINOX.svg","contentUrl":"https:\/\/ekinox.shop\/boutique\/wp-content\/uploads\/2023\/06\/LOGO_EKINOX.svg","width":1,"height":1,"caption":"Ekinox.shop"},"image":{"@id":"https:\/\/ekinox.shop\/boutique\/#\/schema\/logo\/image\/"}}]}},"jetpack_sharing_enabled":true,"_links":{"self":[{"href":"https:\/\/ekinox.shop\/boutique\/wp-json\/wp\/v2\/product\/133","targetHints":{"allow":["GET"]}}],"collection":[{"href":"https:\/\/ekinox.shop\/boutique\/wp-json\/wp\/v2\/product"}],"about":[{"href":"https:\/\/ekinox.shop\/boutique\/wp-json\/wp\/v2\/types\/product"}],"wp:featuredmedia":[{"embeddable":true,"href":"https:\/\/ekinox.shop\/boutique\/wp-json\/wp\/v2\/media\/129"}],"wp:attachment":[{"href":"https:\/\/ekinox.shop\/boutique\/wp-json\/wp\/v2\/media?parent=133"}],"wp:term":[{"taxonomy":"product_brand","embeddable":true,"href":"https:\/\/ekinox.shop\/boutique\/wp-json\/wp\/v2\/product_brand?post=133"},{"taxonomy":"product_cat","embeddable":true,"href":"https:\/\/ekinox.shop\/boutique\/wp-json\/wp\/v2\/product_cat?post=133"},{"taxonomy":"product_tag","embeddable":true,"href":"https:\/\/ekinox.shop\/boutique\/wp-json\/wp\/v2\/product_tag?post=133"}],"curies":[{"name":"wp","href":"https:\/\/api.w.org\/{rel}","templated":true}]}}