{"id":1979,"date":"2021-05-03T15:22:55","date_gmt":"2021-05-03T13:22:55","guid":{"rendered":"https:\/\/ekinox.shop\/boutique\/produit\/platine-coudee-90-fixation-en-applique-pour-tube-o424-mm-2\/"},"modified":"2021-05-03T15:22:55","modified_gmt":"2021-05-03T13:22:55","slug":"platine-coudee-90-fixation-en-applique-pour-tube-o424-mm-2","status":"publish","type":"product","link":"https:\/\/ekinox.shop\/boutique\/produit\/platine-coudee-90-fixation-en-applique-pour-tube-o424-mm-2\/","title":{"rendered":"Platine coud\u00e9e 90\u00b0 fixation en applique pour tube \u00d842,4 mm"},"content":{"rendered":"<h1><span style=\"color:#003366;\"><strong>La meilleure qualit\u00e9 pour votre garde-corps inox<\/strong><\/span><\/h1>\n<h2><span style=\"color:#003366;\"><strong>Les qualit\u00e9s d\u2019inox et leurs utilisations<\/strong><\/span><\/h2>\n<h3><strong>Acier Inoxydable 304<\/strong><br \/><em>utilisable en int\u00e9rieur et en ext\u00e9rieur<\/em><\/h3>\n<p>L\u2019acier inox 304 est la forme la plus courante d\u2019acier inox utilis\u00e9e dans le monde, due en grande partie \u00e0 son excellente r\u00e9sistance \u00e0 la corrosion et sa qualit\u00e9. Il contient entre 16 et 24 % de chrome et jusqu\u2019\u00e0 35 % de nickel, ainsi que de petites quantit\u00e9s de carbone et mangan\u00e8se.<\/p>\n<p>L\u2019inox 304 peut r\u00e9sister \u00e0 la corrosion de la plupart des acides oxydants et donc \u00eatre pos\u00e9 en ext\u00e9rieur. Cette long\u00e9vit\u00e9 rend le 304 facile \u00e0 d\u00e9sinfecter, et donc id\u00e9al pour la cuisine et les utilisations alimentaires. Il est aussi courant dans les b\u00e2timents, d\u00e9cors et le mobilier ext\u00e9rieur.<\/p>\n<p>L\u2019acier inox 304 est sujet \u00e0 la corrosion par les chlorures, ou les environnements salins comme les r\u00e9gions c\u00f4ti\u00e8res. Les ions de chlorure peuvent cr\u00e9er des zones localis\u00e9es de corrosion, appel\u00e9es \u00ab piq\u00fbres \u00bb, qui peuvent se propager sous la barri\u00e8re de chrome protectrice pour compromettre les structures internes.<\/p>\n<h3><strong>Acier Inoxydable 316<\/strong><br \/><em>utilisable en milieu c\u00f4tier et bord de piscine<\/em><\/h3>\n<p>La qualit\u00e9 316 est la seconde forme d\u2019acier inox la plus courante. Il a presque les m\u00eames propri\u00e9t\u00e9s physiques et m\u00e9caniques que l\u2019acier inox 304, et sa composition physique est similaire.<\/p>\n<p>La diff\u00e9rence essentielle est que l\u2019acier inox 316 contient environ 2 \u00e0 3 % de molybd\u00e8ne. L\u2019addition augmente la r\u00e9sistance \u00e0 la corrosion, particuli\u00e8rement contre les chlorures et autres solvants industriels.<\/p>\n<p>L\u2019acier inox 316 est couramment utilis\u00e9 dans beaucoup d\u2019applications industrielles impliquant des traitements chimiques, tout comme dans des environnements tr\u00e8s salins comme les r\u00e9gions c\u00f4ti\u00e8res et les zones ext\u00e9rieures o\u00f9 des sels de d\u00e9vergla\u00e7age sont courants. Gr\u00e2ce \u00e0 ses qualit\u00e9s non-r\u00e9actives, l\u2019acier inox 316 est aussi utilis\u00e9 dans la fabrication d\u2019instruments m\u00e9dicaux et chirurgicaux.<\/p>\n","protected":false},"excerpt":{"rendered":"<p><span style=\"color:#000000;\">Platine coud\u00e9e 90\u00b0 fixation en applique pour tube \u00d842,4 mm<\/span><\/p>\n<p>\u00d8 81 mm<br \/>dA: 69,8 mm<\/p>\n<p>Nuance inox : AISI 304 | AISI 316<br \/>Finition : Bross\u00e9 \/ Poli miroir sur demande<\/p>\n","protected":false},"featured_media":1977,"template":"","meta":[],"product_brand":[],"product_cat":[34,35,78],"product_tag":[],"class_list":{"0":"post-1979","1":"product","2":"type-product","3":"status-publish","4":"has-post-thumbnail","6":"product_cat-accueil","7":"product_cat-garde-corps-inox","8":"product_cat-platines-garde-corps-inox","9":"pa_diametreomm-42_4","10":"pa_finition-brosse","11":"pa_gamme-cylindrique","12":"pa_matiere-inox","13":"pa_nuanceinox-aisi304","14":"pa_nuanceinox-aisi316","15":"pa_nuanceinox-inox304brosse","16":"pa_nuanceinox-inox316brosse","17":"pa_platine-fixationenapplique","19":"first","20":"instock","21":"taxable","22":"shipping-taxable","23":"purchasable","24":"product-type-variable","25":"has-default-attributes"},"yoast_head":"<!-- This site is optimized with the Yoast SEO plugin v27.1.1 - https:\/\/yoast.com\/product\/yoast-seo-wordpress\/ -->\n<title>Platine coud\u00e9e 90\u00b0 fixation en applique pour tube \u00d842,4 mm - Ekinox.shop<\/title>\n<meta name=\"robots\" content=\"index, follow, max-snippet:-1, max-image-preview:large, max-video-preview:-1\" \/>\n<link rel=\"canonical\" href=\"https:\/\/ekinox.shop\/boutique\/produit\/platine-coudee-90-fixation-en-applique-pour-tube-o424-mm-2\/\" \/>\n<meta property=\"og:locale\" content=\"fr_FR\" \/>\n<meta property=\"og:type\" content=\"article\" \/>\n<meta property=\"og:title\" content=\"Platine coud\u00e9e 90\u00b0 fixation en applique pour tube \u00d842,4 mm - Ekinox.shop\" \/>\n<meta property=\"og:description\" content=\"Platine coud\u00e9e 90\u00b0 fixation en applique pour tube \u00d842,4 mm \u00d8 81 mmdA: 69,8 mm Nuance inox : AISI 304 | AISI 316Finition : Bross\u00e9 \/ Poli miroir sur demande\" \/>\n<meta property=\"og:url\" content=\"https:\/\/ekinox.shop\/boutique\/produit\/platine-coudee-90-fixation-en-applique-pour-tube-o424-mm-2\/\" \/>\n<meta property=\"og:site_name\" content=\"Ekinox.shop\" \/>\n<meta property=\"og:image\" content=\"https:\/\/ekinox.shop\/boutique\/wp-content\/uploads\/2021\/05\/957-Platine-coudee-90\u00b0-fixation-en-applique-pour-tube-O424-mm.jpg\" \/>\n\t<meta property=\"og:image:width\" content=\"1920\" \/>\n\t<meta property=\"og:image:height\" content=\"1919\" \/>\n\t<meta property=\"og:image:type\" content=\"image\/jpeg\" \/>\n<meta name=\"twitter:card\" content=\"summary_large_image\" \/>\n<meta name=\"twitter:label1\" content=\"Dur\u00e9e de lecture estim\u00e9e\" \/>\n\t<meta name=\"twitter:data1\" content=\"2 minutes\" \/>\n<script type=\"application\/ld+json\" class=\"yoast-schema-graph\">{\"@context\":\"https:\/\/schema.org\",\"@graph\":[{\"@type\":\"WebPage\",\"@id\":\"https:\/\/ekinox.shop\/boutique\/produit\/platine-coudee-90-fixation-en-applique-pour-tube-o424-mm-2\/\",\"url\":\"https:\/\/ekinox.shop\/boutique\/produit\/platine-coudee-90-fixation-en-applique-pour-tube-o424-mm-2\/\",\"name\":\"Platine coud\u00e9e 90\u00b0 fixation en applique pour tube \u00d842,4 mm - Ekinox.shop\",\"isPartOf\":{\"@id\":\"https:\/\/ekinox.shop\/boutique\/#website\"},\"primaryImageOfPage\":{\"@id\":\"https:\/\/ekinox.shop\/boutique\/produit\/platine-coudee-90-fixation-en-applique-pour-tube-o424-mm-2\/#primaryimage\"},\"image\":{\"@id\":\"https:\/\/ekinox.shop\/boutique\/produit\/platine-coudee-90-fixation-en-applique-pour-tube-o424-mm-2\/#primaryimage\"},\"thumbnailUrl\":\"https:\/\/ekinox.shop\/boutique\/wp-content\/uploads\/2021\/05\/957-Platine-coudee-90\u00b0-fixation-en-applique-pour-tube-O424-mm.jpg\",\"datePublished\":\"2021-05-03T13:22:55+00:00\",\"breadcrumb\":{\"@id\":\"https:\/\/ekinox.shop\/boutique\/produit\/platine-coudee-90-fixation-en-applique-pour-tube-o424-mm-2\/#breadcrumb\"},\"inLanguage\":\"fr-FR\",\"potentialAction\":[{\"@type\":\"ReadAction\",\"target\":[\"https:\/\/ekinox.shop\/boutique\/produit\/platine-coudee-90-fixation-en-applique-pour-tube-o424-mm-2\/\"]}]},{\"@type\":\"ImageObject\",\"inLanguage\":\"fr-FR\",\"@id\":\"https:\/\/ekinox.shop\/boutique\/produit\/platine-coudee-90-fixation-en-applique-pour-tube-o424-mm-2\/#primaryimage\",\"url\":\"https:\/\/ekinox.shop\/boutique\/wp-content\/uploads\/2021\/05\/957-Platine-coudee-90\u00b0-fixation-en-applique-pour-tube-O424-mm.jpg\",\"contentUrl\":\"https:\/\/ekinox.shop\/boutique\/wp-content\/uploads\/2021\/05\/957-Platine-coudee-90\u00b0-fixation-en-applique-pour-tube-O424-mm.jpg\",\"width\":1920,\"height\":1919,\"caption\":\"Platine coud\u00e9e 90\u00b0 fixation en applique pour tube \u00d842,4 mm\"},{\"@type\":\"BreadcrumbList\",\"@id\":\"https:\/\/ekinox.shop\/boutique\/produit\/platine-coudee-90-fixation-en-applique-pour-tube-o424-mm-2\/#breadcrumb\",\"itemListElement\":[{\"@type\":\"ListItem\",\"position\":1,\"name\":\"Accueil\",\"item\":\"https:\/\/ekinox.shop\/boutique\/\"},{\"@type\":\"ListItem\",\"position\":2,\"name\":\"Shop\",\"item\":\"https:\/\/ekinox.shop\/boutique\/shop\/\"},{\"@type\":\"ListItem\",\"position\":3,\"name\":\"GARDE-CORPS\",\"item\":\"https:\/\/ekinox.shop\/boutique\/categorie-produit\/garde-corps-inox\/\"},{\"@type\":\"ListItem\",\"position\":4,\"name\":\"PLATINES\",\"item\":\"https:\/\/ekinox.shop\/boutique\/categorie-produit\/garde-corps-inox\/platines-garde-corps-inox\/\"},{\"@type\":\"ListItem\",\"position\":5,\"name\":\"Platine coud\u00e9e 90\u00b0 fixation en applique pour tube \u00d842,4 mm\"}]},{\"@type\":\"WebSite\",\"@id\":\"https:\/\/ekinox.shop\/boutique\/#website\",\"url\":\"https:\/\/ekinox.shop\/boutique\/\",\"name\":\"Ekinox.shop\",\"description\":\"Votre garde-corps inox ou aluminium sur-mesure\",\"publisher\":{\"@id\":\"https:\/\/ekinox.shop\/boutique\/#organization\"},\"potentialAction\":[{\"@type\":\"SearchAction\",\"target\":{\"@type\":\"EntryPoint\",\"urlTemplate\":\"https:\/\/ekinox.shop\/boutique\/?s={search_term_string}\"},\"query-input\":{\"@type\":\"PropertyValueSpecification\",\"valueRequired\":true,\"valueName\":\"search_term_string\"}}],\"inLanguage\":\"fr-FR\"},{\"@type\":\"Organization\",\"@id\":\"https:\/\/ekinox.shop\/boutique\/#organization\",\"name\":\"Ekinox.shop\",\"url\":\"https:\/\/ekinox.shop\/boutique\/\",\"logo\":{\"@type\":\"ImageObject\",\"inLanguage\":\"fr-FR\",\"@id\":\"https:\/\/ekinox.shop\/boutique\/#\/schema\/logo\/image\/\",\"url\":\"https:\/\/ekinox.shop\/boutique\/wp-content\/uploads\/2023\/06\/LOGO_EKINOX.svg\",\"contentUrl\":\"https:\/\/ekinox.shop\/boutique\/wp-content\/uploads\/2023\/06\/LOGO_EKINOX.svg\",\"width\":1,\"height\":1,\"caption\":\"Ekinox.shop\"},\"image\":{\"@id\":\"https:\/\/ekinox.shop\/boutique\/#\/schema\/logo\/image\/\"}}]}<\/script>\n<!-- \/ Yoast SEO plugin. -->","yoast_head_json":{"title":"Platine coud\u00e9e 90\u00b0 fixation en applique pour tube \u00d842,4 mm - Ekinox.shop","robots":{"index":"index","follow":"follow","max-snippet":"max-snippet:-1","max-image-preview":"max-image-preview:large","max-video-preview":"max-video-preview:-1"},"canonical":"https:\/\/ekinox.shop\/boutique\/produit\/platine-coudee-90-fixation-en-applique-pour-tube-o424-mm-2\/","og_locale":"fr_FR","og_type":"article","og_title":"Platine coud\u00e9e 90\u00b0 fixation en applique pour tube \u00d842,4 mm - Ekinox.shop","og_description":"Platine coud\u00e9e 90\u00b0 fixation en applique pour tube \u00d842,4 mm \u00d8 81 mmdA: 69,8 mm Nuance inox : AISI 304 | AISI 316Finition : Bross\u00e9 \/ Poli miroir sur demande","og_url":"https:\/\/ekinox.shop\/boutique\/produit\/platine-coudee-90-fixation-en-applique-pour-tube-o424-mm-2\/","og_site_name":"Ekinox.shop","og_image":[{"width":1920,"height":1919,"url":"https:\/\/ekinox.shop\/boutique\/wp-content\/uploads\/2021\/05\/957-Platine-coudee-90\u00b0-fixation-en-applique-pour-tube-O424-mm.jpg","type":"image\/jpeg"}],"twitter_card":"summary_large_image","twitter_misc":{"Dur\u00e9e de lecture estim\u00e9e":"2 minutes"},"schema":{"@context":"https:\/\/schema.org","@graph":[{"@type":"WebPage","@id":"https:\/\/ekinox.shop\/boutique\/produit\/platine-coudee-90-fixation-en-applique-pour-tube-o424-mm-2\/","url":"https:\/\/ekinox.shop\/boutique\/produit\/platine-coudee-90-fixation-en-applique-pour-tube-o424-mm-2\/","name":"Platine coud\u00e9e 90\u00b0 fixation en applique pour tube \u00d842,4 mm - Ekinox.shop","isPartOf":{"@id":"https:\/\/ekinox.shop\/boutique\/#website"},"primaryImageOfPage":{"@id":"https:\/\/ekinox.shop\/boutique\/produit\/platine-coudee-90-fixation-en-applique-pour-tube-o424-mm-2\/#primaryimage"},"image":{"@id":"https:\/\/ekinox.shop\/boutique\/produit\/platine-coudee-90-fixation-en-applique-pour-tube-o424-mm-2\/#primaryimage"},"thumbnailUrl":"https:\/\/ekinox.shop\/boutique\/wp-content\/uploads\/2021\/05\/957-Platine-coudee-90\u00b0-fixation-en-applique-pour-tube-O424-mm.jpg","datePublished":"2021-05-03T13:22:55+00:00","breadcrumb":{"@id":"https:\/\/ekinox.shop\/boutique\/produit\/platine-coudee-90-fixation-en-applique-pour-tube-o424-mm-2\/#breadcrumb"},"inLanguage":"fr-FR","potentialAction":[{"@type":"ReadAction","target":["https:\/\/ekinox.shop\/boutique\/produit\/platine-coudee-90-fixation-en-applique-pour-tube-o424-mm-2\/"]}]},{"@type":"ImageObject","inLanguage":"fr-FR","@id":"https:\/\/ekinox.shop\/boutique\/produit\/platine-coudee-90-fixation-en-applique-pour-tube-o424-mm-2\/#primaryimage","url":"https:\/\/ekinox.shop\/boutique\/wp-content\/uploads\/2021\/05\/957-Platine-coudee-90\u00b0-fixation-en-applique-pour-tube-O424-mm.jpg","contentUrl":"https:\/\/ekinox.shop\/boutique\/wp-content\/uploads\/2021\/05\/957-Platine-coudee-90\u00b0-fixation-en-applique-pour-tube-O424-mm.jpg","width":1920,"height":1919,"caption":"Platine coud\u00e9e 90\u00b0 fixation en applique pour tube \u00d842,4 mm"},{"@type":"BreadcrumbList","@id":"https:\/\/ekinox.shop\/boutique\/produit\/platine-coudee-90-fixation-en-applique-pour-tube-o424-mm-2\/#breadcrumb","itemListElement":[{"@type":"ListItem","position":1,"name":"Accueil","item":"https:\/\/ekinox.shop\/boutique\/"},{"@type":"ListItem","position":2,"name":"Shop","item":"https:\/\/ekinox.shop\/boutique\/shop\/"},{"@type":"ListItem","position":3,"name":"GARDE-CORPS","item":"https:\/\/ekinox.shop\/boutique\/categorie-produit\/garde-corps-inox\/"},{"@type":"ListItem","position":4,"name":"PLATINES","item":"https:\/\/ekinox.shop\/boutique\/categorie-produit\/garde-corps-inox\/platines-garde-corps-inox\/"},{"@type":"ListItem","position":5,"name":"Platine coud\u00e9e 90\u00b0 fixation en applique pour tube \u00d842,4 mm"}]},{"@type":"WebSite","@id":"https:\/\/ekinox.shop\/boutique\/#website","url":"https:\/\/ekinox.shop\/boutique\/","name":"Ekinox.shop","description":"Votre garde-corps inox ou aluminium sur-mesure","publisher":{"@id":"https:\/\/ekinox.shop\/boutique\/#organization"},"potentialAction":[{"@type":"SearchAction","target":{"@type":"EntryPoint","urlTemplate":"https:\/\/ekinox.shop\/boutique\/?s={search_term_string}"},"query-input":{"@type":"PropertyValueSpecification","valueRequired":true,"valueName":"search_term_string"}}],"inLanguage":"fr-FR"},{"@type":"Organization","@id":"https:\/\/ekinox.shop\/boutique\/#organization","name":"Ekinox.shop","url":"https:\/\/ekinox.shop\/boutique\/","logo":{"@type":"ImageObject","inLanguage":"fr-FR","@id":"https:\/\/ekinox.shop\/boutique\/#\/schema\/logo\/image\/","url":"https:\/\/ekinox.shop\/boutique\/wp-content\/uploads\/2023\/06\/LOGO_EKINOX.svg","contentUrl":"https:\/\/ekinox.shop\/boutique\/wp-content\/uploads\/2023\/06\/LOGO_EKINOX.svg","width":1,"height":1,"caption":"Ekinox.shop"},"image":{"@id":"https:\/\/ekinox.shop\/boutique\/#\/schema\/logo\/image\/"}}]}},"jetpack_sharing_enabled":true,"_links":{"self":[{"href":"https:\/\/ekinox.shop\/boutique\/wp-json\/wp\/v2\/product\/1979","targetHints":{"allow":["GET"]}}],"collection":[{"href":"https:\/\/ekinox.shop\/boutique\/wp-json\/wp\/v2\/product"}],"about":[{"href":"https:\/\/ekinox.shop\/boutique\/wp-json\/wp\/v2\/types\/product"}],"wp:featuredmedia":[{"embeddable":true,"href":"https:\/\/ekinox.shop\/boutique\/wp-json\/wp\/v2\/media\/1977"}],"wp:attachment":[{"href":"https:\/\/ekinox.shop\/boutique\/wp-json\/wp\/v2\/media?parent=1979"}],"wp:term":[{"taxonomy":"product_brand","embeddable":true,"href":"https:\/\/ekinox.shop\/boutique\/wp-json\/wp\/v2\/product_brand?post=1979"},{"taxonomy":"product_cat","embeddable":true,"href":"https:\/\/ekinox.shop\/boutique\/wp-json\/wp\/v2\/product_cat?post=1979"},{"taxonomy":"product_tag","embeddable":true,"href":"https:\/\/ekinox.shop\/boutique\/wp-json\/wp\/v2\/product_tag?post=1979"}],"curies":[{"name":"wp","href":"https:\/\/api.w.org\/{rel}","templated":true}]}}