{"id":2577,"date":"2021-05-27T10:55:32","date_gmt":"2021-05-27T08:55:32","guid":{"rendered":"https:\/\/ekinox.shop\/boutique\/produit\/tendeur-fixation-deporte-sur-tube-ou-plat-pour-cable-o-4-a-6-mm\/"},"modified":"2024-01-29T15:28:17","modified_gmt":"2024-01-29T14:28:17","slug":"tendeur-fixation-deporte-sur-tube-ou-plat-pour-cable-o-4-a-6-mm","status":"publish","type":"product","link":"https:\/\/ekinox.shop\/boutique\/produit\/tendeur-fixation-deporte-sur-tube-ou-plat-pour-cable-o-4-a-6-mm\/","title":{"rendered":"Tendeur fixation d\u00e9port\u00e9 sur tube ou plat pour c\u00e2ble \u00d8 4 \u00e0 6 mm"},"content":{"rendered":"","protected":false},"excerpt":{"rendered":"<p>Tendeur fixation d\u00e9port\u00e9 sur tube ou plat pour c\u00e2ble \u00d8 4 \u00e0 6 mm<\/p>\n<p>Nuance : inox 304 | inox 316 | 316 poli miroir sur devis<\/p>\n","protected":false},"featured_media":2574,"template":"","meta":[],"product_brand":[],"product_cat":[35,60],"product_tag":[],"class_list":{"0":"post-2577","1":"product","2":"type-product","3":"status-publish","4":"has-post-thumbnail","6":"product_cat-garde-corps-inox","7":"product_cat-tendeurs-et-cables","8":"pa_finition-brosse","9":"pa_matiere-inox","10":"pa_nuanceinox-inox304brosse","11":"pa_nuanceinox-inox316brosse","12":"pa_nuanceinox-aisi304aisi316","13":"pa_orientable-non","15":"first","16":"instock","17":"taxable","18":"shipping-taxable","19":"purchasable","20":"product-type-variable","21":"has-default-attributes"},"yoast_head":"<!-- This site is optimized with the Yoast SEO plugin v27.1.1 - https:\/\/yoast.com\/product\/yoast-seo-wordpress\/ -->\n<title>Tendeur fixation d\u00e9port\u00e9 sur tube ou plat pour c\u00e2ble \u00d8 4 \u00e0 6 mm - Ekinox.shop<\/title>\n<meta name=\"robots\" content=\"index, follow, max-snippet:-1, max-image-preview:large, max-video-preview:-1\" \/>\n<link rel=\"canonical\" href=\"https:\/\/ekinox.shop\/boutique\/produit\/tendeur-fixation-deporte-sur-tube-ou-plat-pour-cable-o-4-a-6-mm\/\" \/>\n<meta property=\"og:locale\" content=\"fr_FR\" \/>\n<meta property=\"og:type\" content=\"article\" \/>\n<meta property=\"og:title\" content=\"Tendeur fixation d\u00e9port\u00e9 sur tube ou plat pour c\u00e2ble \u00d8 4 \u00e0 6 mm - Ekinox.shop\" \/>\n<meta property=\"og:description\" content=\"Tendeur fixation d\u00e9port\u00e9 sur tube ou plat pour c\u00e2ble \u00d8 4 \u00e0 6 mm  Nuance : inox 304 | inox 316 | 316 poli miroir sur devis\" \/>\n<meta property=\"og:url\" content=\"https:\/\/ekinox.shop\/boutique\/produit\/tendeur-fixation-deporte-sur-tube-ou-plat-pour-cable-o-4-a-6-mm\/\" \/>\n<meta property=\"og:site_name\" content=\"Ekinox.shop\" \/>\n<meta property=\"article:modified_time\" content=\"2024-01-29T14:28:17+00:00\" \/>\n<meta property=\"og:image\" content=\"https:\/\/ekinox.shop\/boutique\/wp-content\/uploads\/2021\/05\/1496-Tendeur-fixation-deporte-sur-tube-ou-plat-pour-cable-O-4-a-6-mm.jpg\" \/>\n\t<meta property=\"og:image:width\" content=\"1599\" \/>\n\t<meta property=\"og:image:height\" content=\"1599\" \/>\n\t<meta property=\"og:image:type\" content=\"image\/jpeg\" \/>\n<meta name=\"twitter:card\" content=\"summary_large_image\" \/>\n<meta name=\"twitter:label1\" content=\"Dur\u00e9e de lecture estim\u00e9e\" \/>\n\t<meta name=\"twitter:data1\" content=\"1 minute\" \/>\n<script type=\"application\/ld+json\" class=\"yoast-schema-graph\">{\"@context\":\"https:\/\/schema.org\",\"@graph\":[{\"@type\":\"WebPage\",\"@id\":\"https:\/\/ekinox.shop\/boutique\/produit\/tendeur-fixation-deporte-sur-tube-ou-plat-pour-cable-o-4-a-6-mm\/\",\"url\":\"https:\/\/ekinox.shop\/boutique\/produit\/tendeur-fixation-deporte-sur-tube-ou-plat-pour-cable-o-4-a-6-mm\/\",\"name\":\"Tendeur fixation d\u00e9port\u00e9 sur tube ou plat pour c\u00e2ble \u00d8 4 \u00e0 6 mm - Ekinox.shop\",\"isPartOf\":{\"@id\":\"https:\/\/ekinox.shop\/boutique\/#website\"},\"primaryImageOfPage\":{\"@id\":\"https:\/\/ekinox.shop\/boutique\/produit\/tendeur-fixation-deporte-sur-tube-ou-plat-pour-cable-o-4-a-6-mm\/#primaryimage\"},\"image\":{\"@id\":\"https:\/\/ekinox.shop\/boutique\/produit\/tendeur-fixation-deporte-sur-tube-ou-plat-pour-cable-o-4-a-6-mm\/#primaryimage\"},\"thumbnailUrl\":\"https:\/\/ekinox.shop\/boutique\/wp-content\/uploads\/2021\/05\/1496-Tendeur-fixation-deporte-sur-tube-ou-plat-pour-cable-O-4-a-6-mm.jpg\",\"datePublished\":\"2021-05-27T08:55:32+00:00\",\"dateModified\":\"2024-01-29T14:28:17+00:00\",\"breadcrumb\":{\"@id\":\"https:\/\/ekinox.shop\/boutique\/produit\/tendeur-fixation-deporte-sur-tube-ou-plat-pour-cable-o-4-a-6-mm\/#breadcrumb\"},\"inLanguage\":\"fr-FR\",\"potentialAction\":[{\"@type\":\"ReadAction\",\"target\":[\"https:\/\/ekinox.shop\/boutique\/produit\/tendeur-fixation-deporte-sur-tube-ou-plat-pour-cable-o-4-a-6-mm\/\"]}]},{\"@type\":\"ImageObject\",\"inLanguage\":\"fr-FR\",\"@id\":\"https:\/\/ekinox.shop\/boutique\/produit\/tendeur-fixation-deporte-sur-tube-ou-plat-pour-cable-o-4-a-6-mm\/#primaryimage\",\"url\":\"https:\/\/ekinox.shop\/boutique\/wp-content\/uploads\/2021\/05\/1496-Tendeur-fixation-deporte-sur-tube-ou-plat-pour-cable-O-4-a-6-mm.jpg\",\"contentUrl\":\"https:\/\/ekinox.shop\/boutique\/wp-content\/uploads\/2021\/05\/1496-Tendeur-fixation-deporte-sur-tube-ou-plat-pour-cable-O-4-a-6-mm.jpg\",\"width\":1599,\"height\":1599,\"caption\":\"Tendeur fixation d\u00e9port\u00e9 sur tube ou plat pour c\u00e2ble \u00d8 4 \u00e0 6 mm\"},{\"@type\":\"BreadcrumbList\",\"@id\":\"https:\/\/ekinox.shop\/boutique\/produit\/tendeur-fixation-deporte-sur-tube-ou-plat-pour-cable-o-4-a-6-mm\/#breadcrumb\",\"itemListElement\":[{\"@type\":\"ListItem\",\"position\":1,\"name\":\"Accueil\",\"item\":\"https:\/\/ekinox.shop\/boutique\/\"},{\"@type\":\"ListItem\",\"position\":2,\"name\":\"Shop\",\"item\":\"https:\/\/ekinox.shop\/boutique\/shop\/\"},{\"@type\":\"ListItem\",\"position\":3,\"name\":\"GARDE-CORPS\",\"item\":\"https:\/\/ekinox.shop\/boutique\/categorie-produit\/garde-corps-inox\/\"},{\"@type\":\"ListItem\",\"position\":4,\"name\":\"TENDEURS ET C\u00c2BLES\",\"item\":\"https:\/\/ekinox.shop\/boutique\/categorie-produit\/garde-corps-inox\/tendeurs-et-cables\/\"},{\"@type\":\"ListItem\",\"position\":5,\"name\":\"Tendeur fixation d\u00e9port\u00e9 sur tube ou plat pour c\u00e2ble \u00d8 4 \u00e0 6 mm\"}]},{\"@type\":\"WebSite\",\"@id\":\"https:\/\/ekinox.shop\/boutique\/#website\",\"url\":\"https:\/\/ekinox.shop\/boutique\/\",\"name\":\"Ekinox.shop\",\"description\":\"Votre garde-corps inox ou aluminium sur-mesure\",\"publisher\":{\"@id\":\"https:\/\/ekinox.shop\/boutique\/#organization\"},\"potentialAction\":[{\"@type\":\"SearchAction\",\"target\":{\"@type\":\"EntryPoint\",\"urlTemplate\":\"https:\/\/ekinox.shop\/boutique\/?s={search_term_string}\"},\"query-input\":{\"@type\":\"PropertyValueSpecification\",\"valueRequired\":true,\"valueName\":\"search_term_string\"}}],\"inLanguage\":\"fr-FR\"},{\"@type\":\"Organization\",\"@id\":\"https:\/\/ekinox.shop\/boutique\/#organization\",\"name\":\"Ekinox.shop\",\"url\":\"https:\/\/ekinox.shop\/boutique\/\",\"logo\":{\"@type\":\"ImageObject\",\"inLanguage\":\"fr-FR\",\"@id\":\"https:\/\/ekinox.shop\/boutique\/#\/schema\/logo\/image\/\",\"url\":\"https:\/\/ekinox.shop\/boutique\/wp-content\/uploads\/2023\/06\/LOGO_EKINOX.svg\",\"contentUrl\":\"https:\/\/ekinox.shop\/boutique\/wp-content\/uploads\/2023\/06\/LOGO_EKINOX.svg\",\"width\":1,\"height\":1,\"caption\":\"Ekinox.shop\"},\"image\":{\"@id\":\"https:\/\/ekinox.shop\/boutique\/#\/schema\/logo\/image\/\"}}]}<\/script>\n<!-- \/ Yoast SEO plugin. -->","yoast_head_json":{"title":"Tendeur fixation d\u00e9port\u00e9 sur tube ou plat pour c\u00e2ble \u00d8 4 \u00e0 6 mm - Ekinox.shop","robots":{"index":"index","follow":"follow","max-snippet":"max-snippet:-1","max-image-preview":"max-image-preview:large","max-video-preview":"max-video-preview:-1"},"canonical":"https:\/\/ekinox.shop\/boutique\/produit\/tendeur-fixation-deporte-sur-tube-ou-plat-pour-cable-o-4-a-6-mm\/","og_locale":"fr_FR","og_type":"article","og_title":"Tendeur fixation d\u00e9port\u00e9 sur tube ou plat pour c\u00e2ble \u00d8 4 \u00e0 6 mm - Ekinox.shop","og_description":"Tendeur fixation d\u00e9port\u00e9 sur tube ou plat pour c\u00e2ble \u00d8 4 \u00e0 6 mm  Nuance : inox 304 | inox 316 | 316 poli miroir sur devis","og_url":"https:\/\/ekinox.shop\/boutique\/produit\/tendeur-fixation-deporte-sur-tube-ou-plat-pour-cable-o-4-a-6-mm\/","og_site_name":"Ekinox.shop","article_modified_time":"2024-01-29T14:28:17+00:00","og_image":[{"width":1599,"height":1599,"url":"https:\/\/ekinox.shop\/boutique\/wp-content\/uploads\/2021\/05\/1496-Tendeur-fixation-deporte-sur-tube-ou-plat-pour-cable-O-4-a-6-mm.jpg","type":"image\/jpeg"}],"twitter_card":"summary_large_image","twitter_misc":{"Dur\u00e9e de lecture estim\u00e9e":"1 minute"},"schema":{"@context":"https:\/\/schema.org","@graph":[{"@type":"WebPage","@id":"https:\/\/ekinox.shop\/boutique\/produit\/tendeur-fixation-deporte-sur-tube-ou-plat-pour-cable-o-4-a-6-mm\/","url":"https:\/\/ekinox.shop\/boutique\/produit\/tendeur-fixation-deporte-sur-tube-ou-plat-pour-cable-o-4-a-6-mm\/","name":"Tendeur fixation d\u00e9port\u00e9 sur tube ou plat pour c\u00e2ble \u00d8 4 \u00e0 6 mm - Ekinox.shop","isPartOf":{"@id":"https:\/\/ekinox.shop\/boutique\/#website"},"primaryImageOfPage":{"@id":"https:\/\/ekinox.shop\/boutique\/produit\/tendeur-fixation-deporte-sur-tube-ou-plat-pour-cable-o-4-a-6-mm\/#primaryimage"},"image":{"@id":"https:\/\/ekinox.shop\/boutique\/produit\/tendeur-fixation-deporte-sur-tube-ou-plat-pour-cable-o-4-a-6-mm\/#primaryimage"},"thumbnailUrl":"https:\/\/ekinox.shop\/boutique\/wp-content\/uploads\/2021\/05\/1496-Tendeur-fixation-deporte-sur-tube-ou-plat-pour-cable-O-4-a-6-mm.jpg","datePublished":"2021-05-27T08:55:32+00:00","dateModified":"2024-01-29T14:28:17+00:00","breadcrumb":{"@id":"https:\/\/ekinox.shop\/boutique\/produit\/tendeur-fixation-deporte-sur-tube-ou-plat-pour-cable-o-4-a-6-mm\/#breadcrumb"},"inLanguage":"fr-FR","potentialAction":[{"@type":"ReadAction","target":["https:\/\/ekinox.shop\/boutique\/produit\/tendeur-fixation-deporte-sur-tube-ou-plat-pour-cable-o-4-a-6-mm\/"]}]},{"@type":"ImageObject","inLanguage":"fr-FR","@id":"https:\/\/ekinox.shop\/boutique\/produit\/tendeur-fixation-deporte-sur-tube-ou-plat-pour-cable-o-4-a-6-mm\/#primaryimage","url":"https:\/\/ekinox.shop\/boutique\/wp-content\/uploads\/2021\/05\/1496-Tendeur-fixation-deporte-sur-tube-ou-plat-pour-cable-O-4-a-6-mm.jpg","contentUrl":"https:\/\/ekinox.shop\/boutique\/wp-content\/uploads\/2021\/05\/1496-Tendeur-fixation-deporte-sur-tube-ou-plat-pour-cable-O-4-a-6-mm.jpg","width":1599,"height":1599,"caption":"Tendeur fixation d\u00e9port\u00e9 sur tube ou plat pour c\u00e2ble \u00d8 4 \u00e0 6 mm"},{"@type":"BreadcrumbList","@id":"https:\/\/ekinox.shop\/boutique\/produit\/tendeur-fixation-deporte-sur-tube-ou-plat-pour-cable-o-4-a-6-mm\/#breadcrumb","itemListElement":[{"@type":"ListItem","position":1,"name":"Accueil","item":"https:\/\/ekinox.shop\/boutique\/"},{"@type":"ListItem","position":2,"name":"Shop","item":"https:\/\/ekinox.shop\/boutique\/shop\/"},{"@type":"ListItem","position":3,"name":"GARDE-CORPS","item":"https:\/\/ekinox.shop\/boutique\/categorie-produit\/garde-corps-inox\/"},{"@type":"ListItem","position":4,"name":"TENDEURS ET C\u00c2BLES","item":"https:\/\/ekinox.shop\/boutique\/categorie-produit\/garde-corps-inox\/tendeurs-et-cables\/"},{"@type":"ListItem","position":5,"name":"Tendeur fixation d\u00e9port\u00e9 sur tube ou plat pour c\u00e2ble \u00d8 4 \u00e0 6 mm"}]},{"@type":"WebSite","@id":"https:\/\/ekinox.shop\/boutique\/#website","url":"https:\/\/ekinox.shop\/boutique\/","name":"Ekinox.shop","description":"Votre garde-corps inox ou aluminium sur-mesure","publisher":{"@id":"https:\/\/ekinox.shop\/boutique\/#organization"},"potentialAction":[{"@type":"SearchAction","target":{"@type":"EntryPoint","urlTemplate":"https:\/\/ekinox.shop\/boutique\/?s={search_term_string}"},"query-input":{"@type":"PropertyValueSpecification","valueRequired":true,"valueName":"search_term_string"}}],"inLanguage":"fr-FR"},{"@type":"Organization","@id":"https:\/\/ekinox.shop\/boutique\/#organization","name":"Ekinox.shop","url":"https:\/\/ekinox.shop\/boutique\/","logo":{"@type":"ImageObject","inLanguage":"fr-FR","@id":"https:\/\/ekinox.shop\/boutique\/#\/schema\/logo\/image\/","url":"https:\/\/ekinox.shop\/boutique\/wp-content\/uploads\/2023\/06\/LOGO_EKINOX.svg","contentUrl":"https:\/\/ekinox.shop\/boutique\/wp-content\/uploads\/2023\/06\/LOGO_EKINOX.svg","width":1,"height":1,"caption":"Ekinox.shop"},"image":{"@id":"https:\/\/ekinox.shop\/boutique\/#\/schema\/logo\/image\/"}}]}},"jetpack_sharing_enabled":true,"_links":{"self":[{"href":"https:\/\/ekinox.shop\/boutique\/wp-json\/wp\/v2\/product\/2577","targetHints":{"allow":["GET"]}}],"collection":[{"href":"https:\/\/ekinox.shop\/boutique\/wp-json\/wp\/v2\/product"}],"about":[{"href":"https:\/\/ekinox.shop\/boutique\/wp-json\/wp\/v2\/types\/product"}],"wp:featuredmedia":[{"embeddable":true,"href":"https:\/\/ekinox.shop\/boutique\/wp-json\/wp\/v2\/media\/2574"}],"wp:attachment":[{"href":"https:\/\/ekinox.shop\/boutique\/wp-json\/wp\/v2\/media?parent=2577"}],"wp:term":[{"taxonomy":"product_brand","embeddable":true,"href":"https:\/\/ekinox.shop\/boutique\/wp-json\/wp\/v2\/product_brand?post=2577"},{"taxonomy":"product_cat","embeddable":true,"href":"https:\/\/ekinox.shop\/boutique\/wp-json\/wp\/v2\/product_cat?post=2577"},{"taxonomy":"product_tag","embeddable":true,"href":"https:\/\/ekinox.shop\/boutique\/wp-json\/wp\/v2\/product_tag?post=2577"}],"curies":[{"name":"wp","href":"https:\/\/api.w.org\/{rel}","templated":true}]}}