{"id":2750,"date":"2021-08-19T14:08:45","date_gmt":"2021-08-19T12:08:45","guid":{"rendered":"https:\/\/ekinox.shop\/boutique\/produit\/oeillet-filetee-m6-m8\/"},"modified":"2021-08-19T14:08:45","modified_gmt":"2021-08-19T12:08:45","slug":"oeillet-filetee-m6-m8","status":"publish","type":"product","link":"https:\/\/ekinox.shop\/boutique\/produit\/oeillet-filetee-m6-m8\/","title":{"rendered":"\u0152illet filet\u00e9e | M6 &#8211; M8"},"content":{"rendered":"","protected":false},"excerpt":{"rendered":"<p>Pour composer votre garde-corps inox :<\/p>\n<p>\u0152illet filet\u00e9e\u00a0| M6 &#8211; M8<\/p>\n<p>Nuance :\u00a0 inox 304<\/p>\n","protected":false},"featured_media":2745,"template":"","meta":[],"product_brand":[],"product_cat":[35,60],"product_tag":[],"class_list":{"0":"post-2750","1":"product","2":"type-product","3":"status-publish","4":"has-post-thumbnail","6":"product_cat-garde-corps-inox","7":"product_cat-tendeurs-et-cables","8":"pa_diametreomm-m6","9":"pa_diametreomm-m8","10":"pa_finition-brosse","11":"pa_matiere-inox","12":"pa_nuanceinox-aisi304","13":"pa_nuanceinox-inox304brosse","14":"pa_orientation-pasagauche","15":"pa_orientation-pasadroite","17":"first","18":"instock","19":"taxable","20":"shipping-taxable","21":"purchasable","22":"product-type-variable","23":"has-default-attributes"},"yoast_head":"<!-- This site is optimized with the Yoast SEO plugin v27.1.1 - https:\/\/yoast.com\/product\/yoast-seo-wordpress\/ -->\n<title>\u0152illet filet\u00e9e | M6 - M8 - Ekinox.shop<\/title>\n<meta name=\"robots\" content=\"index, follow, max-snippet:-1, max-image-preview:large, max-video-preview:-1\" \/>\n<link rel=\"canonical\" href=\"https:\/\/ekinox.shop\/boutique\/produit\/oeillet-filetee-m6-m8\/\" \/>\n<meta property=\"og:locale\" content=\"fr_FR\" \/>\n<meta property=\"og:type\" content=\"article\" \/>\n<meta property=\"og:title\" content=\"\u0152illet filet\u00e9e | M6 - M8 - Ekinox.shop\" \/>\n<meta property=\"og:description\" content=\"Pour composer votre garde-corps inox : \u0152illet filet\u00e9e\u00a0| M6 - M8 Nuance :\u00a0 inox 304\" \/>\n<meta property=\"og:url\" content=\"https:\/\/ekinox.shop\/boutique\/produit\/oeillet-filetee-m6-m8\/\" \/>\n<meta property=\"og:site_name\" content=\"Ekinox.shop\" \/>\n<meta property=\"og:image\" content=\"https:\/\/ekinox.shop\/boutique\/wp-content\/uploads\/2021\/08\/1694-OEillet-filetee-M6-M8.jpg\" \/>\n\t<meta property=\"og:image:width\" content=\"600\" \/>\n\t<meta property=\"og:image:height\" content=\"600\" \/>\n\t<meta property=\"og:image:type\" content=\"image\/jpeg\" \/>\n<meta name=\"twitter:card\" content=\"summary_large_image\" \/>\n<script type=\"application\/ld+json\" class=\"yoast-schema-graph\">{\"@context\":\"https:\/\/schema.org\",\"@graph\":[{\"@type\":\"WebPage\",\"@id\":\"https:\/\/ekinox.shop\/boutique\/produit\/oeillet-filetee-m6-m8\/\",\"url\":\"https:\/\/ekinox.shop\/boutique\/produit\/oeillet-filetee-m6-m8\/\",\"name\":\"\u0152illet filet\u00e9e | M6 - M8 - Ekinox.shop\",\"isPartOf\":{\"@id\":\"https:\/\/ekinox.shop\/boutique\/#website\"},\"primaryImageOfPage\":{\"@id\":\"https:\/\/ekinox.shop\/boutique\/produit\/oeillet-filetee-m6-m8\/#primaryimage\"},\"image\":{\"@id\":\"https:\/\/ekinox.shop\/boutique\/produit\/oeillet-filetee-m6-m8\/#primaryimage\"},\"thumbnailUrl\":\"https:\/\/ekinox.shop\/boutique\/wp-content\/uploads\/2021\/08\/1694-OEillet-filetee-M6-M8.jpg\",\"datePublished\":\"2021-08-19T12:08:45+00:00\",\"breadcrumb\":{\"@id\":\"https:\/\/ekinox.shop\/boutique\/produit\/oeillet-filetee-m6-m8\/#breadcrumb\"},\"inLanguage\":\"fr-FR\",\"potentialAction\":[{\"@type\":\"ReadAction\",\"target\":[\"https:\/\/ekinox.shop\/boutique\/produit\/oeillet-filetee-m6-m8\/\"]}]},{\"@type\":\"ImageObject\",\"inLanguage\":\"fr-FR\",\"@id\":\"https:\/\/ekinox.shop\/boutique\/produit\/oeillet-filetee-m6-m8\/#primaryimage\",\"url\":\"https:\/\/ekinox.shop\/boutique\/wp-content\/uploads\/2021\/08\/1694-OEillet-filetee-M6-M8.jpg\",\"contentUrl\":\"https:\/\/ekinox.shop\/boutique\/wp-content\/uploads\/2021\/08\/1694-OEillet-filetee-M6-M8.jpg\",\"width\":600,\"height\":600,\"caption\":\"\u0152illet filet\u00e9e | M6 - M8\"},{\"@type\":\"BreadcrumbList\",\"@id\":\"https:\/\/ekinox.shop\/boutique\/produit\/oeillet-filetee-m6-m8\/#breadcrumb\",\"itemListElement\":[{\"@type\":\"ListItem\",\"position\":1,\"name\":\"Accueil\",\"item\":\"https:\/\/ekinox.shop\/boutique\/\"},{\"@type\":\"ListItem\",\"position\":2,\"name\":\"Shop\",\"item\":\"https:\/\/ekinox.shop\/boutique\/shop\/\"},{\"@type\":\"ListItem\",\"position\":3,\"name\":\"GARDE-CORPS\",\"item\":\"https:\/\/ekinox.shop\/boutique\/categorie-produit\/garde-corps-inox\/\"},{\"@type\":\"ListItem\",\"position\":4,\"name\":\"TENDEURS ET C\u00c2BLES\",\"item\":\"https:\/\/ekinox.shop\/boutique\/categorie-produit\/garde-corps-inox\/tendeurs-et-cables\/\"},{\"@type\":\"ListItem\",\"position\":5,\"name\":\"\u0152illet filet\u00e9e | M6 &#8211; M8\"}]},{\"@type\":\"WebSite\",\"@id\":\"https:\/\/ekinox.shop\/boutique\/#website\",\"url\":\"https:\/\/ekinox.shop\/boutique\/\",\"name\":\"Ekinox.shop\",\"description\":\"Votre garde-corps inox ou aluminium sur-mesure\",\"publisher\":{\"@id\":\"https:\/\/ekinox.shop\/boutique\/#organization\"},\"potentialAction\":[{\"@type\":\"SearchAction\",\"target\":{\"@type\":\"EntryPoint\",\"urlTemplate\":\"https:\/\/ekinox.shop\/boutique\/?s={search_term_string}\"},\"query-input\":{\"@type\":\"PropertyValueSpecification\",\"valueRequired\":true,\"valueName\":\"search_term_string\"}}],\"inLanguage\":\"fr-FR\"},{\"@type\":\"Organization\",\"@id\":\"https:\/\/ekinox.shop\/boutique\/#organization\",\"name\":\"Ekinox.shop\",\"url\":\"https:\/\/ekinox.shop\/boutique\/\",\"logo\":{\"@type\":\"ImageObject\",\"inLanguage\":\"fr-FR\",\"@id\":\"https:\/\/ekinox.shop\/boutique\/#\/schema\/logo\/image\/\",\"url\":\"https:\/\/ekinox.shop\/boutique\/wp-content\/uploads\/2023\/06\/LOGO_EKINOX.svg\",\"contentUrl\":\"https:\/\/ekinox.shop\/boutique\/wp-content\/uploads\/2023\/06\/LOGO_EKINOX.svg\",\"width\":1,\"height\":1,\"caption\":\"Ekinox.shop\"},\"image\":{\"@id\":\"https:\/\/ekinox.shop\/boutique\/#\/schema\/logo\/image\/\"}}]}<\/script>\n<!-- \/ Yoast SEO plugin. -->","yoast_head_json":{"title":"\u0152illet filet\u00e9e | M6 - M8 - Ekinox.shop","robots":{"index":"index","follow":"follow","max-snippet":"max-snippet:-1","max-image-preview":"max-image-preview:large","max-video-preview":"max-video-preview:-1"},"canonical":"https:\/\/ekinox.shop\/boutique\/produit\/oeillet-filetee-m6-m8\/","og_locale":"fr_FR","og_type":"article","og_title":"\u0152illet filet\u00e9e | M6 - M8 - Ekinox.shop","og_description":"Pour composer votre garde-corps inox : \u0152illet filet\u00e9e\u00a0| M6 - M8 Nuance :\u00a0 inox 304","og_url":"https:\/\/ekinox.shop\/boutique\/produit\/oeillet-filetee-m6-m8\/","og_site_name":"Ekinox.shop","og_image":[{"width":600,"height":600,"url":"https:\/\/ekinox.shop\/boutique\/wp-content\/uploads\/2021\/08\/1694-OEillet-filetee-M6-M8.jpg","type":"image\/jpeg"}],"twitter_card":"summary_large_image","schema":{"@context":"https:\/\/schema.org","@graph":[{"@type":"WebPage","@id":"https:\/\/ekinox.shop\/boutique\/produit\/oeillet-filetee-m6-m8\/","url":"https:\/\/ekinox.shop\/boutique\/produit\/oeillet-filetee-m6-m8\/","name":"\u0152illet filet\u00e9e | M6 - M8 - Ekinox.shop","isPartOf":{"@id":"https:\/\/ekinox.shop\/boutique\/#website"},"primaryImageOfPage":{"@id":"https:\/\/ekinox.shop\/boutique\/produit\/oeillet-filetee-m6-m8\/#primaryimage"},"image":{"@id":"https:\/\/ekinox.shop\/boutique\/produit\/oeillet-filetee-m6-m8\/#primaryimage"},"thumbnailUrl":"https:\/\/ekinox.shop\/boutique\/wp-content\/uploads\/2021\/08\/1694-OEillet-filetee-M6-M8.jpg","datePublished":"2021-08-19T12:08:45+00:00","breadcrumb":{"@id":"https:\/\/ekinox.shop\/boutique\/produit\/oeillet-filetee-m6-m8\/#breadcrumb"},"inLanguage":"fr-FR","potentialAction":[{"@type":"ReadAction","target":["https:\/\/ekinox.shop\/boutique\/produit\/oeillet-filetee-m6-m8\/"]}]},{"@type":"ImageObject","inLanguage":"fr-FR","@id":"https:\/\/ekinox.shop\/boutique\/produit\/oeillet-filetee-m6-m8\/#primaryimage","url":"https:\/\/ekinox.shop\/boutique\/wp-content\/uploads\/2021\/08\/1694-OEillet-filetee-M6-M8.jpg","contentUrl":"https:\/\/ekinox.shop\/boutique\/wp-content\/uploads\/2021\/08\/1694-OEillet-filetee-M6-M8.jpg","width":600,"height":600,"caption":"\u0152illet filet\u00e9e | M6 - M8"},{"@type":"BreadcrumbList","@id":"https:\/\/ekinox.shop\/boutique\/produit\/oeillet-filetee-m6-m8\/#breadcrumb","itemListElement":[{"@type":"ListItem","position":1,"name":"Accueil","item":"https:\/\/ekinox.shop\/boutique\/"},{"@type":"ListItem","position":2,"name":"Shop","item":"https:\/\/ekinox.shop\/boutique\/shop\/"},{"@type":"ListItem","position":3,"name":"GARDE-CORPS","item":"https:\/\/ekinox.shop\/boutique\/categorie-produit\/garde-corps-inox\/"},{"@type":"ListItem","position":4,"name":"TENDEURS ET C\u00c2BLES","item":"https:\/\/ekinox.shop\/boutique\/categorie-produit\/garde-corps-inox\/tendeurs-et-cables\/"},{"@type":"ListItem","position":5,"name":"\u0152illet filet\u00e9e | M6 &#8211; M8"}]},{"@type":"WebSite","@id":"https:\/\/ekinox.shop\/boutique\/#website","url":"https:\/\/ekinox.shop\/boutique\/","name":"Ekinox.shop","description":"Votre garde-corps inox ou aluminium sur-mesure","publisher":{"@id":"https:\/\/ekinox.shop\/boutique\/#organization"},"potentialAction":[{"@type":"SearchAction","target":{"@type":"EntryPoint","urlTemplate":"https:\/\/ekinox.shop\/boutique\/?s={search_term_string}"},"query-input":{"@type":"PropertyValueSpecification","valueRequired":true,"valueName":"search_term_string"}}],"inLanguage":"fr-FR"},{"@type":"Organization","@id":"https:\/\/ekinox.shop\/boutique\/#organization","name":"Ekinox.shop","url":"https:\/\/ekinox.shop\/boutique\/","logo":{"@type":"ImageObject","inLanguage":"fr-FR","@id":"https:\/\/ekinox.shop\/boutique\/#\/schema\/logo\/image\/","url":"https:\/\/ekinox.shop\/boutique\/wp-content\/uploads\/2023\/06\/LOGO_EKINOX.svg","contentUrl":"https:\/\/ekinox.shop\/boutique\/wp-content\/uploads\/2023\/06\/LOGO_EKINOX.svg","width":1,"height":1,"caption":"Ekinox.shop"},"image":{"@id":"https:\/\/ekinox.shop\/boutique\/#\/schema\/logo\/image\/"}}]}},"jetpack_sharing_enabled":true,"_links":{"self":[{"href":"https:\/\/ekinox.shop\/boutique\/wp-json\/wp\/v2\/product\/2750","targetHints":{"allow":["GET"]}}],"collection":[{"href":"https:\/\/ekinox.shop\/boutique\/wp-json\/wp\/v2\/product"}],"about":[{"href":"https:\/\/ekinox.shop\/boutique\/wp-json\/wp\/v2\/types\/product"}],"wp:featuredmedia":[{"embeddable":true,"href":"https:\/\/ekinox.shop\/boutique\/wp-json\/wp\/v2\/media\/2745"}],"wp:attachment":[{"href":"https:\/\/ekinox.shop\/boutique\/wp-json\/wp\/v2\/media?parent=2750"}],"wp:term":[{"taxonomy":"product_brand","embeddable":true,"href":"https:\/\/ekinox.shop\/boutique\/wp-json\/wp\/v2\/product_brand?post=2750"},{"taxonomy":"product_cat","embeddable":true,"href":"https:\/\/ekinox.shop\/boutique\/wp-json\/wp\/v2\/product_cat?post=2750"},{"taxonomy":"product_tag","embeddable":true,"href":"https:\/\/ekinox.shop\/boutique\/wp-json\/wp\/v2\/product_tag?post=2750"}],"curies":[{"name":"wp","href":"https:\/\/api.w.org\/{rel}","templated":true}]}}