{"id":2817,"date":"2024-01-25T15:10:46","date_gmt":"2024-01-25T14:10:46","guid":{"rendered":"https:\/\/ekinox.shop\/boutique\/?post_type=product&#038;p=2817"},"modified":"2024-01-25T15:10:47","modified_gmt":"2024-01-25T14:10:47","slug":"verriere-interieure-type-atelier-dartiste-sur-mesure-modele-usual","status":"publish","type":"product","link":"https:\/\/ekinox.shop\/boutique\/produit\/verriere-interieure-type-atelier-dartiste-sur-mesure-modele-usual\/","title":{"rendered":"Verri\u00e8re int\u00e9rieure  type atelier d\u2019artiste sur-mesure mod\u00e8le USUAL"},"content":{"rendered":"<h1>Votre verri\u00e8re int\u00e9rieure type atelier d&rsquo;artiste sur mesure<\/h1>\n<p>Votre verri\u00e8re int\u00e9rieure sera livr\u00e9e en kit, pr\u00eate \u00e0 assembler avec un vitrage de s\u00e9curit\u00e9.<br \/>\nNos verri\u00e8res d&rsquo;int\u00e9rieur sont compos\u00e9es de profil\u00e9s aluminium faciles \u00e0 assembler et adapt\u00e9es \u00e0 tout bricoleur.<br \/>\nUne verri\u00e8re pour votre cuisine, chambre, couloir, salon, bureau, garage?<\/p>\n<h3>Informations compl\u00e9mentaires :<\/h3>\n<h4>Notre syst\u00e8me de profil\u00e9s pour la r\u00e9alisation de verri\u00e8re int\u00e9rieure est con\u00e7u pour des utilisations diverses :<\/h4>\n<ul style=\"list-style-type: disc;\">\n<li>Longueur : 300 minimum \u00e0 2800 max<\/li>\n<li>Hauteur : 300 minimum \u00e0 2300 max<\/li>\n<li>Nombre de vitrages entre 1 et 15<\/li>\n<li>Pose encastr\u00e9e entre 4 murs.<\/li>\n<li>Pose avec 1 ou 2 passages libres sur les hauteurs avec une finition parfaite sans devoir ajouter de profils de finition.<\/li>\n<li>L&rsquo;essentiel \u00e9tant que votre verri\u00e8re soit fix\u00e9e sur les parties horizontales hautes et basses.<\/li>\n<li>Sur consultation nous pouvons \u00e9galement vous proposer des formes plus sp\u00e9cifiques ( descente escalier,&#8230;)<\/li>\n<\/ul>\n<h1>Comment prendre les c\u00f4tes pour la fabrication de votre verri\u00e8re ?<\/h1>\n<p>Nous fabriquons les verri\u00e8res au millim\u00e8tre (mm) pr\u00e8s et exactement suivant les dimensions que vous allez saisir dans le formulaire.<\/p>\n<p>Prenez 3 ou 4 points de mesure sur la hauteur et sur la largeur, et conservez uniquement la dimension la plus petite.<\/p>\n<p>Exemple : H1: 1512mm ; H2: 1514mm; H3: 1511mm<\/p>\n<p>Dans ce cas, mieux vaut commander votre verri\u00e8re avec une hauteur de 1511mm afin qu&rsquo;elle puisse se loger sans forcer dans son emplacement.<\/p>\n<h1>Quels sont\u00a0les d\u00e9lais de livraison de votre verri\u00e8re ?<\/h1>\n<p>Etant donn\u00e9 que nous sommes en direct pour la production des profil\u00e9s ainsi que des\u00a0 produits verriers, notre force est de pouvoir fabriquer nos verri\u00e8res sur mesure dans un d\u00e9lai de 10\/12 jours ouvr\u00e9s.<\/p>\n<p>Nous remettons ensuite la palette \u00e0 notre transporteur qui prend ensuite contact avec vous par SMS+MAIL afin que vous puissiez choisir le jour de livraison.<\/p>\n<h1>Comment monter votre verri\u00e8re ?<\/h1>\n<p>Nous avons \u00e9tudi\u00e9 l&rsquo;assemblage de votre kit de verri\u00e8re int\u00e9rieure pour le rendre accessible \u00e0 tout bricoleur.<\/p>\n<p>Dans votre colis, nous vous fournissons bien entendu une notice de montage pr\u00e9cise et d\u00e9taill\u00e9e pas \u00e0 pas.<\/p>\n<p>Mais pour vous rassurer, voici les \u00e9tapes de l&rsquo;assemblage:<\/p>\n<h2>PREMIERE ETAPE : ASSEMBLAGE DE L&rsquo;OSSATURE<\/h2>\n<p>Nos profils de verri\u00e8re sont con\u00e7us pour \u00eatre assembl\u00e9s avec un syst\u00e8me d&rsquo;\u00e9querre \u00e0 glisser.<\/p>\n<p>Il vous suffit de pr\u00e9parer de pr\u00e9parer vos profils en y faisant glisser les \u00e9querres n\u00e9cessaires \u00e0 l&rsquo;assemblage.<\/p>\n<ul style=\"list-style-type: disc;\">\n<li>\u00a0 1 \u00e9querre dans chaque angle<\/li>\n<li>\u00a0 2 \u00e9querres par traverse verticale<\/li>\n<\/ul>\n<p><img loading=\"lazy\" decoding=\"async\" src=\"https:\/\/ekinox.shop\/img\/cms\/VERRIERE\/profil%20avec%204%20equerres.jpg\" alt=\"Montage verri\u00e8re\" width=\"623\" height=\"207\" \/><\/p>\n<p>Une fois toutes les \u00e9querres install\u00e9es, il ne vous reste plus qu&rsquo;\u00e0 assembler les profils entre eux, puis de serrer toutes les petites vis pr\u00e9sentes sur les \u00e9querres de jonction pour solidariser l&rsquo;ossature.<\/p>\n<h2>DEUXIEME ETAPE : FIXATION DE L&rsquo;OSSATURE DANS SON EMPLACEMENT<\/h2>\n<ul style=\"list-style-type: disc;\">\n<li>Percez avec un for\u00eat de diam\u00e8tre 4mm ou 5mm, le profil de cadre afin de pouvoir fixer votre verri\u00e8re dans son emplacement.<\/li>\n<li>Pr\u00e9voyez la fixation adapt\u00e9e \u00e0 votre support.<\/li>\n<li>Installez l&rsquo;ossature dans son futur emplacement, prenez soin de vous assurer que le niveau et l&rsquo;\u00e9querrage sont parfaits. Sinon vous devrez trouver un syst\u00e8me de calage de votre ossature pour que tout soit parfaitement droit.<\/li>\n<\/ul>\n<h2>TROISIEME ETAPE : INSTALLATION DES VITRAGES<\/h2>\n<ul style=\"list-style-type: disc;\">\n<li>Ins\u00e9rer les petites cales bois pour \u00e9viter le contact Verre \/\/ M\u00e9tal, il est pr\u00e9vu deux cales par vitrages.<\/li>\n<li>Installer les vitrages en les ins\u00e9rant en biais dans la partie haute du vitrage, puis le laisser reposer sur les cales bois ins\u00e9r\u00e9es sur la partie basse de l&rsquo;ossature.<\/li>\n<\/ul>\n<h2>QUATRIEME ETAPE: CLIPSAGE DES PROFILS DE FINITION<\/h2>\n<ul style=\"list-style-type: disc;\">\n<li>Il ne vous reste plus qu&rsquo;\u00e0 clipser les profils de finition sur le cadre et les traverses.<\/li>\n<li>Votre verri\u00e8re int\u00e9rieure est maintenant termin\u00e9e.<\/li>\n<li>Enfin presque ! Un ultime nettoyage des vitres s&rsquo;impose pour la touche finale.<\/li>\n<\/ul>\n","protected":false},"excerpt":{"rendered":"<h2>Verri\u00e8re int\u00e9rieure type atelier d&rsquo;artiste sur mesure<\/h2>\n<p>Votre verri\u00e8re int\u00e9rieure sera livr\u00e9e en kit, pr\u00eate \u00e0 assembler avec un vitrage de s\u00e9curit\u00e9.<\/p>\n<p>Nos verri\u00e8res d&rsquo;int\u00e9rieur sont compos\u00e9es de profil\u00e9s aluminium faciles \u00e0 assembler et adapt\u00e9es \u00e0 tout bricoleur.<\/p>\n<p>Une verri\u00e8re pour votre cuisine, chambre, couloir, salon, bureau, garage ?<\/p>\n<h3>Informations compl\u00e9mentaires :<\/h3>\n<h4>Notre syst\u00e8me de profil\u00e9s pour la r\u00e9alisation de verri\u00e8re int\u00e9rieure est con\u00e7u pour des utilisations diverses :<\/h4>\n<ul style=\"list-style-type: disc;\">\n<li>Longueur : 300 minimum \u00e0 2800 max<\/li>\n<li>Hauteur : 300 minimum \u00e0 2300 max<\/li>\n<li>Nombre de vitrages entre 1 et 15<\/li>\n<li>Pose encastr\u00e9e entre 4 murs.<\/li>\n<li>Pose avec 1 ou 2 passages libres sur les hauteurs avec une finition parfaite sans devoir ajouter de profils de finition.<\/li>\n<li>L&rsquo;essentiel \u00e9tant que votre verri\u00e8re soit fix\u00e9e sur les parties horizontales hautes et basses.<\/li>\n<li>Sur consultation nous pouvons \u00e9galement vous proposer des formes plus sp\u00e9cifiques (descente escalier,&#8230;)<\/li>\n<li>4 mod\u00e8les de verri\u00e8res pour embellir votre int\u00e9rieur :<\/li>\n<\/ul>\n<p><img loading=\"lazy\" decoding=\"async\" src=\"https:\/\/ekinox.shop\/img\/cms\/VERRIERE\/Sans-titre-1.jpg\" alt=\"Mod\u00e8les de verri\u00e8res\" width=\"800\" height=\"230\" \/><\/p>\n","protected":false},"featured_media":2808,"template":"","meta":[],"product_brand":[],"product_cat":[54,38],"product_tag":[],"class_list":{"0":"post-2817","1":"product","2":"type-product","3":"status-publish","4":"has-post-thumbnail","6":"product_cat-verrieres-type-atelier","7":"product_cat-agencement","8":"pa_finition-peintralouautres","9":"pa_hauteurmm-300a2100mm","10":"pa_longueurmm-300a2800mm","11":"pa_matiere-aluminium","12":"pa_typedeverre-33-miroirdoubleface_epaisseu","13":"pa_typedeverre-verrefeuilletteclair3326_8mm","14":"pa_typedeverre-verrefeuilletteclair4428_8mm","15":"pa_typedeverre-verrefeuilletteopale3326_8mm","16":"pa_typedeverre-verrefeuilletteopale4428_8mm","18":"first","19":"instock","20":"taxable","21":"shipping-taxable","22":"product-type-simple"},"yoast_head":"<!-- This site is optimized with the Yoast SEO plugin v27.1.1 - https:\/\/yoast.com\/product\/yoast-seo-wordpress\/ -->\n<title>Verri\u00e8re int\u00e9rieure type atelier d\u2019artiste sur-mesure mod\u00e8le USUAL - Ekinox.shop<\/title>\n<meta name=\"robots\" content=\"index, follow, max-snippet:-1, max-image-preview:large, max-video-preview:-1\" \/>\n<link rel=\"canonical\" href=\"https:\/\/ekinox.shop\/boutique\/produit\/verriere-interieure-type-atelier-dartiste-sur-mesure-modele-usual\/\" \/>\n<meta property=\"og:locale\" content=\"fr_FR\" \/>\n<meta property=\"og:type\" content=\"article\" \/>\n<meta property=\"og:title\" content=\"Verri\u00e8re int\u00e9rieure type atelier d\u2019artiste sur-mesure mod\u00e8le USUAL - Ekinox.shop\" \/>\n<meta property=\"og:description\" content=\"Verri\u00e8re int\u00e9rieure type atelier d&#039;artiste sur mesure Votre verri\u00e8re int\u00e9rieure sera livr\u00e9e en kit, pr\u00eate \u00e0 assembler avec un vitrage de s\u00e9curit\u00e9.  Nos verri\u00e8res d&#039;int\u00e9rieur sont compos\u00e9es de profil\u00e9s aluminium faciles \u00e0 assembler et adapt\u00e9es \u00e0 tout bricoleur.  Une verri\u00e8re pour votre cuisine, chambre, couloir, salon, bureau, garage ? Informations compl\u00e9mentaires : Notre syst\u00e8me de profil\u00e9s pour la r\u00e9alisation de verri\u00e8re int\u00e9rieure est con\u00e7u pour des utilisations diverses :   Longueur : 300 minimum \u00e0 2800 max  Hauteur : 300 minimum \u00e0 2300 max  Nombre de vitrages entre 1 et 15  Pose encastr\u00e9e entre 4 murs.  Pose avec 1 ou 2 passages libres sur les hauteurs avec une finition parfaite sans devoir ajouter de profils de finition.  L&#039;essentiel \u00e9tant que votre verri\u00e8re soit fix\u00e9e sur les parties horizontales hautes et basses.  Sur consultation nous pouvons \u00e9galement vous proposer des formes plus sp\u00e9cifiques (descente escalier,...)  4 mod\u00e8les de verri\u00e8res pour embellir votre int\u00e9rieur :\" \/>\n<meta property=\"og:url\" content=\"https:\/\/ekinox.shop\/boutique\/produit\/verriere-interieure-type-atelier-dartiste-sur-mesure-modele-usual\/\" \/>\n<meta property=\"og:site_name\" content=\"Ekinox.shop\" \/>\n<meta property=\"article:modified_time\" content=\"2024-01-25T14:10:47+00:00\" \/>\n<meta property=\"og:image\" content=\"https:\/\/ekinox.shop\/boutique\/wp-content\/uploads\/2021\/08\/1750-Verriere-interieure-type-atelier-dartiste-sur-mesure-modele-USUAL.jpg\" \/>\n\t<meta property=\"og:image:width\" content=\"900\" \/>\n\t<meta property=\"og:image:height\" content=\"900\" \/>\n\t<meta property=\"og:image:type\" content=\"image\/jpeg\" \/>\n<meta name=\"twitter:card\" content=\"summary_large_image\" \/>\n<meta name=\"twitter:label1\" content=\"Dur\u00e9e de lecture estim\u00e9e\" \/>\n\t<meta name=\"twitter:data1\" content=\"4 minutes\" \/>\n<script type=\"application\/ld+json\" class=\"yoast-schema-graph\">{\"@context\":\"https:\/\/schema.org\",\"@graph\":[{\"@type\":\"WebPage\",\"@id\":\"https:\/\/ekinox.shop\/boutique\/produit\/verriere-interieure-type-atelier-dartiste-sur-mesure-modele-usual\/\",\"url\":\"https:\/\/ekinox.shop\/boutique\/produit\/verriere-interieure-type-atelier-dartiste-sur-mesure-modele-usual\/\",\"name\":\"Verri\u00e8re int\u00e9rieure type atelier d\u2019artiste sur-mesure mod\u00e8le USUAL - Ekinox.shop\",\"isPartOf\":{\"@id\":\"https:\/\/ekinox.shop\/boutique\/#website\"},\"primaryImageOfPage\":{\"@id\":\"https:\/\/ekinox.shop\/boutique\/produit\/verriere-interieure-type-atelier-dartiste-sur-mesure-modele-usual\/#primaryimage\"},\"image\":{\"@id\":\"https:\/\/ekinox.shop\/boutique\/produit\/verriere-interieure-type-atelier-dartiste-sur-mesure-modele-usual\/#primaryimage\"},\"thumbnailUrl\":\"https:\/\/ekinox.shop\/boutique\/wp-content\/uploads\/2021\/08\/1750-Verriere-interieure-type-atelier-dartiste-sur-mesure-modele-USUAL.jpg\",\"datePublished\":\"2024-01-25T14:10:46+00:00\",\"dateModified\":\"2024-01-25T14:10:47+00:00\",\"breadcrumb\":{\"@id\":\"https:\/\/ekinox.shop\/boutique\/produit\/verriere-interieure-type-atelier-dartiste-sur-mesure-modele-usual\/#breadcrumb\"},\"inLanguage\":\"fr-FR\",\"potentialAction\":[{\"@type\":\"ReadAction\",\"target\":[\"https:\/\/ekinox.shop\/boutique\/produit\/verriere-interieure-type-atelier-dartiste-sur-mesure-modele-usual\/\"]}]},{\"@type\":\"ImageObject\",\"inLanguage\":\"fr-FR\",\"@id\":\"https:\/\/ekinox.shop\/boutique\/produit\/verriere-interieure-type-atelier-dartiste-sur-mesure-modele-usual\/#primaryimage\",\"url\":\"https:\/\/ekinox.shop\/boutique\/wp-content\/uploads\/2021\/08\/1750-Verriere-interieure-type-atelier-dartiste-sur-mesure-modele-USUAL.jpg\",\"contentUrl\":\"https:\/\/ekinox.shop\/boutique\/wp-content\/uploads\/2021\/08\/1750-Verriere-interieure-type-atelier-dartiste-sur-mesure-modele-USUAL.jpg\",\"width\":900,\"height\":900,\"caption\":\"Verri\u00e8re int\u00e9rieure type atelier d\u2019artiste sur-mesure mod\u00e8le USUAL\"},{\"@type\":\"BreadcrumbList\",\"@id\":\"https:\/\/ekinox.shop\/boutique\/produit\/verriere-interieure-type-atelier-dartiste-sur-mesure-modele-usual\/#breadcrumb\",\"itemListElement\":[{\"@type\":\"ListItem\",\"position\":1,\"name\":\"Accueil\",\"item\":\"https:\/\/ekinox.shop\/boutique\/\"},{\"@type\":\"ListItem\",\"position\":2,\"name\":\"Shop\",\"item\":\"https:\/\/ekinox.shop\/boutique\/shop\/\"},{\"@type\":\"ListItem\",\"position\":3,\"name\":\"AGENCEMENT\",\"item\":\"https:\/\/ekinox.shop\/boutique\/categorie-produit\/agencement\/\"},{\"@type\":\"ListItem\",\"position\":4,\"name\":\"VERRI\u00c8RES TYPE ATELIER\",\"item\":\"https:\/\/ekinox.shop\/boutique\/categorie-produit\/agencement\/verrieres-type-atelier\/\"},{\"@type\":\"ListItem\",\"position\":5,\"name\":\"Verri\u00e8re int\u00e9rieure type atelier d\u2019artiste sur-mesure mod\u00e8le USUAL\"}]},{\"@type\":\"WebSite\",\"@id\":\"https:\/\/ekinox.shop\/boutique\/#website\",\"url\":\"https:\/\/ekinox.shop\/boutique\/\",\"name\":\"Ekinox.shop\",\"description\":\"Votre garde-corps inox ou aluminium sur-mesure\",\"publisher\":{\"@id\":\"https:\/\/ekinox.shop\/boutique\/#organization\"},\"potentialAction\":[{\"@type\":\"SearchAction\",\"target\":{\"@type\":\"EntryPoint\",\"urlTemplate\":\"https:\/\/ekinox.shop\/boutique\/?s={search_term_string}\"},\"query-input\":{\"@type\":\"PropertyValueSpecification\",\"valueRequired\":true,\"valueName\":\"search_term_string\"}}],\"inLanguage\":\"fr-FR\"},{\"@type\":\"Organization\",\"@id\":\"https:\/\/ekinox.shop\/boutique\/#organization\",\"name\":\"Ekinox.shop\",\"url\":\"https:\/\/ekinox.shop\/boutique\/\",\"logo\":{\"@type\":\"ImageObject\",\"inLanguage\":\"fr-FR\",\"@id\":\"https:\/\/ekinox.shop\/boutique\/#\/schema\/logo\/image\/\",\"url\":\"https:\/\/ekinox.shop\/boutique\/wp-content\/uploads\/2023\/06\/LOGO_EKINOX.svg\",\"contentUrl\":\"https:\/\/ekinox.shop\/boutique\/wp-content\/uploads\/2023\/06\/LOGO_EKINOX.svg\",\"width\":1,\"height\":1,\"caption\":\"Ekinox.shop\"},\"image\":{\"@id\":\"https:\/\/ekinox.shop\/boutique\/#\/schema\/logo\/image\/\"}}]}<\/script>\n<!-- \/ Yoast SEO plugin. -->","yoast_head_json":{"title":"Verri\u00e8re int\u00e9rieure type atelier d\u2019artiste sur-mesure mod\u00e8le USUAL - Ekinox.shop","robots":{"index":"index","follow":"follow","max-snippet":"max-snippet:-1","max-image-preview":"max-image-preview:large","max-video-preview":"max-video-preview:-1"},"canonical":"https:\/\/ekinox.shop\/boutique\/produit\/verriere-interieure-type-atelier-dartiste-sur-mesure-modele-usual\/","og_locale":"fr_FR","og_type":"article","og_title":"Verri\u00e8re int\u00e9rieure type atelier d\u2019artiste sur-mesure mod\u00e8le USUAL - Ekinox.shop","og_description":"Verri\u00e8re int\u00e9rieure type atelier d'artiste sur mesure Votre verri\u00e8re int\u00e9rieure sera livr\u00e9e en kit, pr\u00eate \u00e0 assembler avec un vitrage de s\u00e9curit\u00e9.  Nos verri\u00e8res d'int\u00e9rieur sont compos\u00e9es de profil\u00e9s aluminium faciles \u00e0 assembler et adapt\u00e9es \u00e0 tout bricoleur.  Une verri\u00e8re pour votre cuisine, chambre, couloir, salon, bureau, garage ? Informations compl\u00e9mentaires : Notre syst\u00e8me de profil\u00e9s pour la r\u00e9alisation de verri\u00e8re int\u00e9rieure est con\u00e7u pour des utilisations diverses :   Longueur : 300 minimum \u00e0 2800 max  Hauteur : 300 minimum \u00e0 2300 max  Nombre de vitrages entre 1 et 15  Pose encastr\u00e9e entre 4 murs.  Pose avec 1 ou 2 passages libres sur les hauteurs avec une finition parfaite sans devoir ajouter de profils de finition.  L'essentiel \u00e9tant que votre verri\u00e8re soit fix\u00e9e sur les parties horizontales hautes et basses.  Sur consultation nous pouvons \u00e9galement vous proposer des formes plus sp\u00e9cifiques (descente escalier,...)  4 mod\u00e8les de verri\u00e8res pour embellir votre int\u00e9rieur :","og_url":"https:\/\/ekinox.shop\/boutique\/produit\/verriere-interieure-type-atelier-dartiste-sur-mesure-modele-usual\/","og_site_name":"Ekinox.shop","article_modified_time":"2024-01-25T14:10:47+00:00","og_image":[{"width":900,"height":900,"url":"https:\/\/ekinox.shop\/boutique\/wp-content\/uploads\/2021\/08\/1750-Verriere-interieure-type-atelier-dartiste-sur-mesure-modele-USUAL.jpg","type":"image\/jpeg"}],"twitter_card":"summary_large_image","twitter_misc":{"Dur\u00e9e de lecture estim\u00e9e":"4 minutes"},"schema":{"@context":"https:\/\/schema.org","@graph":[{"@type":"WebPage","@id":"https:\/\/ekinox.shop\/boutique\/produit\/verriere-interieure-type-atelier-dartiste-sur-mesure-modele-usual\/","url":"https:\/\/ekinox.shop\/boutique\/produit\/verriere-interieure-type-atelier-dartiste-sur-mesure-modele-usual\/","name":"Verri\u00e8re int\u00e9rieure type atelier d\u2019artiste sur-mesure mod\u00e8le USUAL - Ekinox.shop","isPartOf":{"@id":"https:\/\/ekinox.shop\/boutique\/#website"},"primaryImageOfPage":{"@id":"https:\/\/ekinox.shop\/boutique\/produit\/verriere-interieure-type-atelier-dartiste-sur-mesure-modele-usual\/#primaryimage"},"image":{"@id":"https:\/\/ekinox.shop\/boutique\/produit\/verriere-interieure-type-atelier-dartiste-sur-mesure-modele-usual\/#primaryimage"},"thumbnailUrl":"https:\/\/ekinox.shop\/boutique\/wp-content\/uploads\/2021\/08\/1750-Verriere-interieure-type-atelier-dartiste-sur-mesure-modele-USUAL.jpg","datePublished":"2024-01-25T14:10:46+00:00","dateModified":"2024-01-25T14:10:47+00:00","breadcrumb":{"@id":"https:\/\/ekinox.shop\/boutique\/produit\/verriere-interieure-type-atelier-dartiste-sur-mesure-modele-usual\/#breadcrumb"},"inLanguage":"fr-FR","potentialAction":[{"@type":"ReadAction","target":["https:\/\/ekinox.shop\/boutique\/produit\/verriere-interieure-type-atelier-dartiste-sur-mesure-modele-usual\/"]}]},{"@type":"ImageObject","inLanguage":"fr-FR","@id":"https:\/\/ekinox.shop\/boutique\/produit\/verriere-interieure-type-atelier-dartiste-sur-mesure-modele-usual\/#primaryimage","url":"https:\/\/ekinox.shop\/boutique\/wp-content\/uploads\/2021\/08\/1750-Verriere-interieure-type-atelier-dartiste-sur-mesure-modele-USUAL.jpg","contentUrl":"https:\/\/ekinox.shop\/boutique\/wp-content\/uploads\/2021\/08\/1750-Verriere-interieure-type-atelier-dartiste-sur-mesure-modele-USUAL.jpg","width":900,"height":900,"caption":"Verri\u00e8re int\u00e9rieure type atelier d\u2019artiste sur-mesure mod\u00e8le USUAL"},{"@type":"BreadcrumbList","@id":"https:\/\/ekinox.shop\/boutique\/produit\/verriere-interieure-type-atelier-dartiste-sur-mesure-modele-usual\/#breadcrumb","itemListElement":[{"@type":"ListItem","position":1,"name":"Accueil","item":"https:\/\/ekinox.shop\/boutique\/"},{"@type":"ListItem","position":2,"name":"Shop","item":"https:\/\/ekinox.shop\/boutique\/shop\/"},{"@type":"ListItem","position":3,"name":"AGENCEMENT","item":"https:\/\/ekinox.shop\/boutique\/categorie-produit\/agencement\/"},{"@type":"ListItem","position":4,"name":"VERRI\u00c8RES TYPE ATELIER","item":"https:\/\/ekinox.shop\/boutique\/categorie-produit\/agencement\/verrieres-type-atelier\/"},{"@type":"ListItem","position":5,"name":"Verri\u00e8re int\u00e9rieure type atelier d\u2019artiste sur-mesure mod\u00e8le USUAL"}]},{"@type":"WebSite","@id":"https:\/\/ekinox.shop\/boutique\/#website","url":"https:\/\/ekinox.shop\/boutique\/","name":"Ekinox.shop","description":"Votre garde-corps inox ou aluminium sur-mesure","publisher":{"@id":"https:\/\/ekinox.shop\/boutique\/#organization"},"potentialAction":[{"@type":"SearchAction","target":{"@type":"EntryPoint","urlTemplate":"https:\/\/ekinox.shop\/boutique\/?s={search_term_string}"},"query-input":{"@type":"PropertyValueSpecification","valueRequired":true,"valueName":"search_term_string"}}],"inLanguage":"fr-FR"},{"@type":"Organization","@id":"https:\/\/ekinox.shop\/boutique\/#organization","name":"Ekinox.shop","url":"https:\/\/ekinox.shop\/boutique\/","logo":{"@type":"ImageObject","inLanguage":"fr-FR","@id":"https:\/\/ekinox.shop\/boutique\/#\/schema\/logo\/image\/","url":"https:\/\/ekinox.shop\/boutique\/wp-content\/uploads\/2023\/06\/LOGO_EKINOX.svg","contentUrl":"https:\/\/ekinox.shop\/boutique\/wp-content\/uploads\/2023\/06\/LOGO_EKINOX.svg","width":1,"height":1,"caption":"Ekinox.shop"},"image":{"@id":"https:\/\/ekinox.shop\/boutique\/#\/schema\/logo\/image\/"}}]}},"jetpack_sharing_enabled":true,"_links":{"self":[{"href":"https:\/\/ekinox.shop\/boutique\/wp-json\/wp\/v2\/product\/2817","targetHints":{"allow":["GET"]}}],"collection":[{"href":"https:\/\/ekinox.shop\/boutique\/wp-json\/wp\/v2\/product"}],"about":[{"href":"https:\/\/ekinox.shop\/boutique\/wp-json\/wp\/v2\/types\/product"}],"wp:featuredmedia":[{"embeddable":true,"href":"https:\/\/ekinox.shop\/boutique\/wp-json\/wp\/v2\/media\/2808"}],"wp:attachment":[{"href":"https:\/\/ekinox.shop\/boutique\/wp-json\/wp\/v2\/media?parent=2817"}],"wp:term":[{"taxonomy":"product_brand","embeddable":true,"href":"https:\/\/ekinox.shop\/boutique\/wp-json\/wp\/v2\/product_brand?post=2817"},{"taxonomy":"product_cat","embeddable":true,"href":"https:\/\/ekinox.shop\/boutique\/wp-json\/wp\/v2\/product_cat?post=2817"},{"taxonomy":"product_tag","embeddable":true,"href":"https:\/\/ekinox.shop\/boutique\/wp-json\/wp\/v2\/product_tag?post=2817"}],"curies":[{"name":"wp","href":"https:\/\/api.w.org\/{rel}","templated":true}]}}