{"id":285,"date":"2020-11-03T18:37:30","date_gmt":"2020-11-03T17:37:30","guid":{"rendered":"https:\/\/ekinox.shop\/boutique\/produit\/pince-vitrage-inox-63-x-45-mm-pour-verre-de-876-a-1076-mm-fixation-sur-tube-o-424-mm\/"},"modified":"2020-11-03T18:37:30","modified_gmt":"2020-11-03T17:37:30","slug":"pince-vitrage-inox-63-x-45-mm-pour-verre-de-876-a-1076-mm-fixation-sur-tube-o-424-mm","status":"publish","type":"product","link":"https:\/\/ekinox.shop\/boutique\/produit\/pince-vitrage-inox-63-x-45-mm-pour-verre-de-876-a-1076-mm-fixation-sur-tube-o-424-mm\/","title":{"rendered":"Pince vitrage inox 63 x 45 mm pour verre de 8,76 \u00e0 10,76 mm fixation sur tube \u00d8 42,4 mm"},"content":{"rendered":"","protected":false},"excerpt":{"rendered":"<p>Pince fixation vitrage en inox 63 x 45 mm pour verre \u00e9paisseur de 8,76 \u00e0 10,76 mm fixation sur tube \u00d8 42,4 mm<\/p>\n<p>Nuance : inox 304 | inox 316 | 316 poli miroir sur devis<\/p>\n<p>Sur demande : \u00d8 33.7 x 2 mm | \u00d8 48.3 x 2 mm<\/p>\n","protected":false},"featured_media":278,"template":"","meta":[],"product_brand":[],"product_cat":[34,35,68],"product_tag":[],"class_list":{"0":"post-285","1":"product","2":"type-product","3":"status-publish","4":"has-post-thumbnail","6":"product_cat-accueil","7":"product_cat-garde-corps-inox","8":"product_cat-pince-a-verre","9":"pa_diametreomm-42_4","10":"pa_finition-brosse","11":"pa_fixation-o42_4mm","12":"pa_fixationsursupportomm-42_4","13":"pa_gamme-demi_ronde","14":"pa_matiere-inox","15":"pa_nuanceinox-inox304brosse","16":"pa_nuanceinox-inox316brosse","17":"pa_nuanceinox-aisi304aisi316","19":"first","20":"instock","21":"taxable","22":"shipping-taxable","23":"purchasable","24":"product-type-variable","25":"has-default-attributes"},"yoast_head":"<!-- This site is optimized with the Yoast SEO plugin v27.1.1 - https:\/\/yoast.com\/product\/yoast-seo-wordpress\/ -->\n<title>Pince vitrage inox 63 x 45 mm pour verre de 8,76 \u00e0 10,76 mm fixation sur tube \u00d8 42,4 mm - Ekinox.shop<\/title>\n<meta name=\"robots\" content=\"index, follow, max-snippet:-1, max-image-preview:large, max-video-preview:-1\" \/>\n<link rel=\"canonical\" href=\"https:\/\/ekinox.shop\/boutique\/produit\/pince-vitrage-inox-63-x-45-mm-pour-verre-de-876-a-1076-mm-fixation-sur-tube-o-424-mm\/\" \/>\n<meta property=\"og:locale\" content=\"fr_FR\" \/>\n<meta property=\"og:type\" content=\"article\" \/>\n<meta property=\"og:title\" content=\"Pince vitrage inox 63 x 45 mm pour verre de 8,76 \u00e0 10,76 mm fixation sur tube \u00d8 42,4 mm - Ekinox.shop\" \/>\n<meta property=\"og:description\" content=\"Pince fixation vitrage en inox 63 x 45 mm pour verre \u00e9paisseur de 8,76 \u00e0 10,76 mm fixation sur tube \u00d8 42,4 mm Nuance : inox 304 | inox 316 | 316 poli miroir sur devis Sur demande : \u00d8 33.7 x 2 mm | \u00d8 48.3 x 2 mm\" \/>\n<meta property=\"og:url\" content=\"https:\/\/ekinox.shop\/boutique\/produit\/pince-vitrage-inox-63-x-45-mm-pour-verre-de-876-a-1076-mm-fixation-sur-tube-o-424-mm\/\" \/>\n<meta property=\"og:site_name\" content=\"Ekinox.shop\" \/>\n<meta property=\"og:image\" content=\"https:\/\/ekinox.shop\/boutique\/wp-content\/uploads\/2020\/11\/226-43f-Pince-vitrage-inox-63-x-45-mm-pour-verre-de-876-a-1076-mm-fixation-sur-tube-O-424-mm.jpg\" \/>\n\t<meta property=\"og:image:width\" content=\"800\" \/>\n\t<meta property=\"og:image:height\" content=\"600\" \/>\n\t<meta property=\"og:image:type\" content=\"image\/jpeg\" \/>\n<meta name=\"twitter:card\" content=\"summary_large_image\" \/>\n<script type=\"application\/ld+json\" class=\"yoast-schema-graph\">{\"@context\":\"https:\/\/schema.org\",\"@graph\":[{\"@type\":\"WebPage\",\"@id\":\"https:\/\/ekinox.shop\/boutique\/produit\/pince-vitrage-inox-63-x-45-mm-pour-verre-de-876-a-1076-mm-fixation-sur-tube-o-424-mm\/\",\"url\":\"https:\/\/ekinox.shop\/boutique\/produit\/pince-vitrage-inox-63-x-45-mm-pour-verre-de-876-a-1076-mm-fixation-sur-tube-o-424-mm\/\",\"name\":\"Pince vitrage inox 63 x 45 mm pour verre de 8,76 \u00e0 10,76 mm fixation sur tube \u00d8 42,4 mm - Ekinox.shop\",\"isPartOf\":{\"@id\":\"https:\/\/ekinox.shop\/boutique\/#website\"},\"primaryImageOfPage\":{\"@id\":\"https:\/\/ekinox.shop\/boutique\/produit\/pince-vitrage-inox-63-x-45-mm-pour-verre-de-876-a-1076-mm-fixation-sur-tube-o-424-mm\/#primaryimage\"},\"image\":{\"@id\":\"https:\/\/ekinox.shop\/boutique\/produit\/pince-vitrage-inox-63-x-45-mm-pour-verre-de-876-a-1076-mm-fixation-sur-tube-o-424-mm\/#primaryimage\"},\"thumbnailUrl\":\"https:\/\/ekinox.shop\/boutique\/wp-content\/uploads\/2020\/11\/226-43f-Pince-vitrage-inox-63-x-45-mm-pour-verre-de-876-a-1076-mm-fixation-sur-tube-O-424-mm.jpg\",\"datePublished\":\"2020-11-03T17:37:30+00:00\",\"breadcrumb\":{\"@id\":\"https:\/\/ekinox.shop\/boutique\/produit\/pince-vitrage-inox-63-x-45-mm-pour-verre-de-876-a-1076-mm-fixation-sur-tube-o-424-mm\/#breadcrumb\"},\"inLanguage\":\"fr-FR\",\"potentialAction\":[{\"@type\":\"ReadAction\",\"target\":[\"https:\/\/ekinox.shop\/boutique\/produit\/pince-vitrage-inox-63-x-45-mm-pour-verre-de-876-a-1076-mm-fixation-sur-tube-o-424-mm\/\"]}]},{\"@type\":\"ImageObject\",\"inLanguage\":\"fr-FR\",\"@id\":\"https:\/\/ekinox.shop\/boutique\/produit\/pince-vitrage-inox-63-x-45-mm-pour-verre-de-876-a-1076-mm-fixation-sur-tube-o-424-mm\/#primaryimage\",\"url\":\"https:\/\/ekinox.shop\/boutique\/wp-content\/uploads\/2020\/11\/226-43f-Pince-vitrage-inox-63-x-45-mm-pour-verre-de-876-a-1076-mm-fixation-sur-tube-O-424-mm.jpg\",\"contentUrl\":\"https:\/\/ekinox.shop\/boutique\/wp-content\/uploads\/2020\/11\/226-43f-Pince-vitrage-inox-63-x-45-mm-pour-verre-de-876-a-1076-mm-fixation-sur-tube-O-424-mm.jpg\",\"width\":800,\"height\":600,\"caption\":\"Pince vitrage inox 63 x 45 mm pour verre de 8,76 \u00e0 10,76 mm fixation sur tube \u00d8 42,4 mm\"},{\"@type\":\"BreadcrumbList\",\"@id\":\"https:\/\/ekinox.shop\/boutique\/produit\/pince-vitrage-inox-63-x-45-mm-pour-verre-de-876-a-1076-mm-fixation-sur-tube-o-424-mm\/#breadcrumb\",\"itemListElement\":[{\"@type\":\"ListItem\",\"position\":1,\"name\":\"Accueil\",\"item\":\"https:\/\/ekinox.shop\/boutique\/\"},{\"@type\":\"ListItem\",\"position\":2,\"name\":\"Shop\",\"item\":\"https:\/\/ekinox.shop\/boutique\/shop\/\"},{\"@type\":\"ListItem\",\"position\":3,\"name\":\"GARDE-CORPS\",\"item\":\"https:\/\/ekinox.shop\/boutique\/categorie-produit\/garde-corps-inox\/\"},{\"@type\":\"ListItem\",\"position\":4,\"name\":\"PINCE \u00c0 VERRE\",\"item\":\"https:\/\/ekinox.shop\/boutique\/categorie-produit\/garde-corps-inox\/pince-a-verre\/\"},{\"@type\":\"ListItem\",\"position\":5,\"name\":\"Pince vitrage inox 63 x 45 mm pour verre de 8,76 \u00e0 10,76 mm fixation sur tube \u00d8 42,4 mm\"}]},{\"@type\":\"WebSite\",\"@id\":\"https:\/\/ekinox.shop\/boutique\/#website\",\"url\":\"https:\/\/ekinox.shop\/boutique\/\",\"name\":\"Ekinox.shop\",\"description\":\"Votre garde-corps inox ou aluminium sur-mesure\",\"publisher\":{\"@id\":\"https:\/\/ekinox.shop\/boutique\/#organization\"},\"potentialAction\":[{\"@type\":\"SearchAction\",\"target\":{\"@type\":\"EntryPoint\",\"urlTemplate\":\"https:\/\/ekinox.shop\/boutique\/?s={search_term_string}\"},\"query-input\":{\"@type\":\"PropertyValueSpecification\",\"valueRequired\":true,\"valueName\":\"search_term_string\"}}],\"inLanguage\":\"fr-FR\"},{\"@type\":\"Organization\",\"@id\":\"https:\/\/ekinox.shop\/boutique\/#organization\",\"name\":\"Ekinox.shop\",\"url\":\"https:\/\/ekinox.shop\/boutique\/\",\"logo\":{\"@type\":\"ImageObject\",\"inLanguage\":\"fr-FR\",\"@id\":\"https:\/\/ekinox.shop\/boutique\/#\/schema\/logo\/image\/\",\"url\":\"https:\/\/ekinox.shop\/boutique\/wp-content\/uploads\/2023\/06\/LOGO_EKINOX.svg\",\"contentUrl\":\"https:\/\/ekinox.shop\/boutique\/wp-content\/uploads\/2023\/06\/LOGO_EKINOX.svg\",\"width\":1,\"height\":1,\"caption\":\"Ekinox.shop\"},\"image\":{\"@id\":\"https:\/\/ekinox.shop\/boutique\/#\/schema\/logo\/image\/\"}}]}<\/script>\n<!-- \/ Yoast SEO plugin. -->","yoast_head_json":{"title":"Pince vitrage inox 63 x 45 mm pour verre de 8,76 \u00e0 10,76 mm fixation sur tube \u00d8 42,4 mm - Ekinox.shop","robots":{"index":"index","follow":"follow","max-snippet":"max-snippet:-1","max-image-preview":"max-image-preview:large","max-video-preview":"max-video-preview:-1"},"canonical":"https:\/\/ekinox.shop\/boutique\/produit\/pince-vitrage-inox-63-x-45-mm-pour-verre-de-876-a-1076-mm-fixation-sur-tube-o-424-mm\/","og_locale":"fr_FR","og_type":"article","og_title":"Pince vitrage inox 63 x 45 mm pour verre de 8,76 \u00e0 10,76 mm fixation sur tube \u00d8 42,4 mm - Ekinox.shop","og_description":"Pince fixation vitrage en inox 63 x 45 mm pour verre \u00e9paisseur de 8,76 \u00e0 10,76 mm fixation sur tube \u00d8 42,4 mm Nuance : inox 304 | inox 316 | 316 poli miroir sur devis Sur demande : \u00d8 33.7 x 2 mm | \u00d8 48.3 x 2 mm","og_url":"https:\/\/ekinox.shop\/boutique\/produit\/pince-vitrage-inox-63-x-45-mm-pour-verre-de-876-a-1076-mm-fixation-sur-tube-o-424-mm\/","og_site_name":"Ekinox.shop","og_image":[{"width":800,"height":600,"url":"https:\/\/ekinox.shop\/boutique\/wp-content\/uploads\/2020\/11\/226-43f-Pince-vitrage-inox-63-x-45-mm-pour-verre-de-876-a-1076-mm-fixation-sur-tube-O-424-mm.jpg","type":"image\/jpeg"}],"twitter_card":"summary_large_image","schema":{"@context":"https:\/\/schema.org","@graph":[{"@type":"WebPage","@id":"https:\/\/ekinox.shop\/boutique\/produit\/pince-vitrage-inox-63-x-45-mm-pour-verre-de-876-a-1076-mm-fixation-sur-tube-o-424-mm\/","url":"https:\/\/ekinox.shop\/boutique\/produit\/pince-vitrage-inox-63-x-45-mm-pour-verre-de-876-a-1076-mm-fixation-sur-tube-o-424-mm\/","name":"Pince vitrage inox 63 x 45 mm pour verre de 8,76 \u00e0 10,76 mm fixation sur tube \u00d8 42,4 mm - Ekinox.shop","isPartOf":{"@id":"https:\/\/ekinox.shop\/boutique\/#website"},"primaryImageOfPage":{"@id":"https:\/\/ekinox.shop\/boutique\/produit\/pince-vitrage-inox-63-x-45-mm-pour-verre-de-876-a-1076-mm-fixation-sur-tube-o-424-mm\/#primaryimage"},"image":{"@id":"https:\/\/ekinox.shop\/boutique\/produit\/pince-vitrage-inox-63-x-45-mm-pour-verre-de-876-a-1076-mm-fixation-sur-tube-o-424-mm\/#primaryimage"},"thumbnailUrl":"https:\/\/ekinox.shop\/boutique\/wp-content\/uploads\/2020\/11\/226-43f-Pince-vitrage-inox-63-x-45-mm-pour-verre-de-876-a-1076-mm-fixation-sur-tube-O-424-mm.jpg","datePublished":"2020-11-03T17:37:30+00:00","breadcrumb":{"@id":"https:\/\/ekinox.shop\/boutique\/produit\/pince-vitrage-inox-63-x-45-mm-pour-verre-de-876-a-1076-mm-fixation-sur-tube-o-424-mm\/#breadcrumb"},"inLanguage":"fr-FR","potentialAction":[{"@type":"ReadAction","target":["https:\/\/ekinox.shop\/boutique\/produit\/pince-vitrage-inox-63-x-45-mm-pour-verre-de-876-a-1076-mm-fixation-sur-tube-o-424-mm\/"]}]},{"@type":"ImageObject","inLanguage":"fr-FR","@id":"https:\/\/ekinox.shop\/boutique\/produit\/pince-vitrage-inox-63-x-45-mm-pour-verre-de-876-a-1076-mm-fixation-sur-tube-o-424-mm\/#primaryimage","url":"https:\/\/ekinox.shop\/boutique\/wp-content\/uploads\/2020\/11\/226-43f-Pince-vitrage-inox-63-x-45-mm-pour-verre-de-876-a-1076-mm-fixation-sur-tube-O-424-mm.jpg","contentUrl":"https:\/\/ekinox.shop\/boutique\/wp-content\/uploads\/2020\/11\/226-43f-Pince-vitrage-inox-63-x-45-mm-pour-verre-de-876-a-1076-mm-fixation-sur-tube-O-424-mm.jpg","width":800,"height":600,"caption":"Pince vitrage inox 63 x 45 mm pour verre de 8,76 \u00e0 10,76 mm fixation sur tube \u00d8 42,4 mm"},{"@type":"BreadcrumbList","@id":"https:\/\/ekinox.shop\/boutique\/produit\/pince-vitrage-inox-63-x-45-mm-pour-verre-de-876-a-1076-mm-fixation-sur-tube-o-424-mm\/#breadcrumb","itemListElement":[{"@type":"ListItem","position":1,"name":"Accueil","item":"https:\/\/ekinox.shop\/boutique\/"},{"@type":"ListItem","position":2,"name":"Shop","item":"https:\/\/ekinox.shop\/boutique\/shop\/"},{"@type":"ListItem","position":3,"name":"GARDE-CORPS","item":"https:\/\/ekinox.shop\/boutique\/categorie-produit\/garde-corps-inox\/"},{"@type":"ListItem","position":4,"name":"PINCE \u00c0 VERRE","item":"https:\/\/ekinox.shop\/boutique\/categorie-produit\/garde-corps-inox\/pince-a-verre\/"},{"@type":"ListItem","position":5,"name":"Pince vitrage inox 63 x 45 mm pour verre de 8,76 \u00e0 10,76 mm fixation sur tube \u00d8 42,4 mm"}]},{"@type":"WebSite","@id":"https:\/\/ekinox.shop\/boutique\/#website","url":"https:\/\/ekinox.shop\/boutique\/","name":"Ekinox.shop","description":"Votre garde-corps inox ou aluminium sur-mesure","publisher":{"@id":"https:\/\/ekinox.shop\/boutique\/#organization"},"potentialAction":[{"@type":"SearchAction","target":{"@type":"EntryPoint","urlTemplate":"https:\/\/ekinox.shop\/boutique\/?s={search_term_string}"},"query-input":{"@type":"PropertyValueSpecification","valueRequired":true,"valueName":"search_term_string"}}],"inLanguage":"fr-FR"},{"@type":"Organization","@id":"https:\/\/ekinox.shop\/boutique\/#organization","name":"Ekinox.shop","url":"https:\/\/ekinox.shop\/boutique\/","logo":{"@type":"ImageObject","inLanguage":"fr-FR","@id":"https:\/\/ekinox.shop\/boutique\/#\/schema\/logo\/image\/","url":"https:\/\/ekinox.shop\/boutique\/wp-content\/uploads\/2023\/06\/LOGO_EKINOX.svg","contentUrl":"https:\/\/ekinox.shop\/boutique\/wp-content\/uploads\/2023\/06\/LOGO_EKINOX.svg","width":1,"height":1,"caption":"Ekinox.shop"},"image":{"@id":"https:\/\/ekinox.shop\/boutique\/#\/schema\/logo\/image\/"}}]}},"jetpack_sharing_enabled":true,"_links":{"self":[{"href":"https:\/\/ekinox.shop\/boutique\/wp-json\/wp\/v2\/product\/285","targetHints":{"allow":["GET"]}}],"collection":[{"href":"https:\/\/ekinox.shop\/boutique\/wp-json\/wp\/v2\/product"}],"about":[{"href":"https:\/\/ekinox.shop\/boutique\/wp-json\/wp\/v2\/types\/product"}],"wp:featuredmedia":[{"embeddable":true,"href":"https:\/\/ekinox.shop\/boutique\/wp-json\/wp\/v2\/media\/278"}],"wp:attachment":[{"href":"https:\/\/ekinox.shop\/boutique\/wp-json\/wp\/v2\/media?parent=285"}],"wp:term":[{"taxonomy":"product_brand","embeddable":true,"href":"https:\/\/ekinox.shop\/boutique\/wp-json\/wp\/v2\/product_brand?post=285"},{"taxonomy":"product_cat","embeddable":true,"href":"https:\/\/ekinox.shop\/boutique\/wp-json\/wp\/v2\/product_cat?post=285"},{"taxonomy":"product_tag","embeddable":true,"href":"https:\/\/ekinox.shop\/boutique\/wp-json\/wp\/v2\/product_tag?post=285"}],"curies":[{"name":"wp","href":"https:\/\/api.w.org\/{rel}","templated":true}]}}