{"id":2904,"date":"2022-02-02T15:28:21","date_gmt":"2022-02-02T14:28:21","guid":{"rendered":"https:\/\/ekinox.shop\/boutique\/produit\/rail-pour-marquise-aluminium-eclairage-led-l-3000-mm\/"},"modified":"2022-02-02T15:28:21","modified_gmt":"2022-02-02T14:28:21","slug":"rail-pour-marquise-aluminium-eclairage-led-l-3000-mm","status":"publish","type":"product","link":"https:\/\/ekinox.shop\/boutique\/produit\/rail-pour-marquise-aluminium-eclairage-led-l-3000-mm\/","title":{"rendered":"Rail pour marquise aluminium + \u00e9clairage LED L 3000 MM"},"content":{"rendered":"","protected":false},"excerpt":{"rendered":"<p>Rail pour marquise aluminium + \u00e9clairage LED L 3000 MM<\/p>\n<p>Rail en aluminium pour verre de s\u00e9curit\u00e9 VSG\/ESG 21,52mm, 1,6kN \/ m2, <br \/>Fourni sans verre. <br \/>L&rsquo;ensemble contient : un profil, des bouchons obturateurs, des joints et les pi\u00e8ces n\u00e9cessaires pour l&rsquo;assemblage final du verre.<\/p><\/p>\n","protected":false},"featured_media":2900,"template":"","meta":[],"product_brand":[],"product_cat":[59],"product_tag":[],"class_list":{"0":"post-2904","1":"product","2":"type-product","3":"status-publish","4":"has-post-thumbnail","6":"product_cat-auvents-marquises","7":"pa_matiere-aluminium","9":"first","10":"instock","11":"taxable","12":"shipping-taxable","13":"purchasable","14":"product-type-simple"},"yoast_head":"<!-- This site is optimized with the Yoast SEO plugin v27.1.1 - https:\/\/yoast.com\/product\/yoast-seo-wordpress\/ -->\n<title>Rail pour marquise aluminium + \u00e9clairage LED L 3000 MM - Ekinox.shop<\/title>\n<meta name=\"robots\" content=\"index, follow, max-snippet:-1, max-image-preview:large, max-video-preview:-1\" \/>\n<link rel=\"canonical\" href=\"https:\/\/ekinox.shop\/boutique\/produit\/rail-pour-marquise-aluminium-eclairage-led-l-3000-mm\/\" \/>\n<meta property=\"og:locale\" content=\"fr_FR\" \/>\n<meta property=\"og:type\" content=\"article\" \/>\n<meta property=\"og:title\" content=\"Rail pour marquise aluminium + \u00e9clairage LED L 3000 MM - Ekinox.shop\" \/>\n<meta property=\"og:description\" content=\"Rail pour marquise aluminium + \u00e9clairage LED L 3000 MM Rail en aluminium pour verre de s\u00e9curit\u00e9 VSG\/ESG 21,52mm, 1,6kN \/ m2, Fourni sans verre. L&#039;ensemble contient : un profil, des bouchons obturateurs, des joints et les pi\u00e8ces n\u00e9cessaires pour l&#039;assemblage final du verre.\" \/>\n<meta property=\"og:url\" content=\"https:\/\/ekinox.shop\/boutique\/produit\/rail-pour-marquise-aluminium-eclairage-led-l-3000-mm\/\" \/>\n<meta property=\"og:site_name\" content=\"Ekinox.shop\" \/>\n<meta property=\"og:image\" content=\"https:\/\/ekinox.shop\/boutique\/wp-content\/uploads\/2022\/02\/1854-Rail-pour-marquise-aluminium-eclairage-LED-L-3000-MM.jpg\" \/>\n\t<meta property=\"og:image:width\" content=\"1030\" \/>\n\t<meta property=\"og:image:height\" content=\"860\" \/>\n\t<meta property=\"og:image:type\" content=\"image\/jpeg\" \/>\n<meta name=\"twitter:card\" content=\"summary_large_image\" \/>\n<script type=\"application\/ld+json\" class=\"yoast-schema-graph\">{\"@context\":\"https:\/\/schema.org\",\"@graph\":[{\"@type\":\"WebPage\",\"@id\":\"https:\/\/ekinox.shop\/boutique\/produit\/rail-pour-marquise-aluminium-eclairage-led-l-3000-mm\/\",\"url\":\"https:\/\/ekinox.shop\/boutique\/produit\/rail-pour-marquise-aluminium-eclairage-led-l-3000-mm\/\",\"name\":\"Rail pour marquise aluminium + \u00e9clairage LED L 3000 MM - Ekinox.shop\",\"isPartOf\":{\"@id\":\"https:\/\/ekinox.shop\/boutique\/#website\"},\"primaryImageOfPage\":{\"@id\":\"https:\/\/ekinox.shop\/boutique\/produit\/rail-pour-marquise-aluminium-eclairage-led-l-3000-mm\/#primaryimage\"},\"image\":{\"@id\":\"https:\/\/ekinox.shop\/boutique\/produit\/rail-pour-marquise-aluminium-eclairage-led-l-3000-mm\/#primaryimage\"},\"thumbnailUrl\":\"https:\/\/ekinox.shop\/boutique\/wp-content\/uploads\/2022\/02\/1854-Rail-pour-marquise-aluminium-eclairage-LED-L-3000-MM.jpg\",\"datePublished\":\"2022-02-02T14:28:21+00:00\",\"breadcrumb\":{\"@id\":\"https:\/\/ekinox.shop\/boutique\/produit\/rail-pour-marquise-aluminium-eclairage-led-l-3000-mm\/#breadcrumb\"},\"inLanguage\":\"fr-FR\",\"potentialAction\":[{\"@type\":\"ReadAction\",\"target\":[\"https:\/\/ekinox.shop\/boutique\/produit\/rail-pour-marquise-aluminium-eclairage-led-l-3000-mm\/\"]}]},{\"@type\":\"ImageObject\",\"inLanguage\":\"fr-FR\",\"@id\":\"https:\/\/ekinox.shop\/boutique\/produit\/rail-pour-marquise-aluminium-eclairage-led-l-3000-mm\/#primaryimage\",\"url\":\"https:\/\/ekinox.shop\/boutique\/wp-content\/uploads\/2022\/02\/1854-Rail-pour-marquise-aluminium-eclairage-LED-L-3000-MM.jpg\",\"contentUrl\":\"https:\/\/ekinox.shop\/boutique\/wp-content\/uploads\/2022\/02\/1854-Rail-pour-marquise-aluminium-eclairage-LED-L-3000-MM.jpg\",\"width\":1030,\"height\":860,\"caption\":\"Rail pour marquise aluminium + \u00e9clairage LED L 3000 MM\"},{\"@type\":\"BreadcrumbList\",\"@id\":\"https:\/\/ekinox.shop\/boutique\/produit\/rail-pour-marquise-aluminium-eclairage-led-l-3000-mm\/#breadcrumb\",\"itemListElement\":[{\"@type\":\"ListItem\",\"position\":1,\"name\":\"Accueil\",\"item\":\"https:\/\/ekinox.shop\/boutique\/\"},{\"@type\":\"ListItem\",\"position\":2,\"name\":\"Shop\",\"item\":\"https:\/\/ekinox.shop\/boutique\/shop\/\"},{\"@type\":\"ListItem\",\"position\":3,\"name\":\"AGENCEMENT\",\"item\":\"https:\/\/ekinox.shop\/boutique\/categorie-produit\/agencement\/\"},{\"@type\":\"ListItem\",\"position\":4,\"name\":\"AUVENTS MARQUISES\",\"item\":\"https:\/\/ekinox.shop\/boutique\/categorie-produit\/agencement\/auvents-marquises\/\"},{\"@type\":\"ListItem\",\"position\":5,\"name\":\"Rail pour marquise aluminium + \u00e9clairage LED L 3000 MM\"}]},{\"@type\":\"WebSite\",\"@id\":\"https:\/\/ekinox.shop\/boutique\/#website\",\"url\":\"https:\/\/ekinox.shop\/boutique\/\",\"name\":\"Ekinox.shop\",\"description\":\"Votre garde-corps inox ou aluminium sur-mesure\",\"publisher\":{\"@id\":\"https:\/\/ekinox.shop\/boutique\/#organization\"},\"potentialAction\":[{\"@type\":\"SearchAction\",\"target\":{\"@type\":\"EntryPoint\",\"urlTemplate\":\"https:\/\/ekinox.shop\/boutique\/?s={search_term_string}\"},\"query-input\":{\"@type\":\"PropertyValueSpecification\",\"valueRequired\":true,\"valueName\":\"search_term_string\"}}],\"inLanguage\":\"fr-FR\"},{\"@type\":\"Organization\",\"@id\":\"https:\/\/ekinox.shop\/boutique\/#organization\",\"name\":\"Ekinox.shop\",\"url\":\"https:\/\/ekinox.shop\/boutique\/\",\"logo\":{\"@type\":\"ImageObject\",\"inLanguage\":\"fr-FR\",\"@id\":\"https:\/\/ekinox.shop\/boutique\/#\/schema\/logo\/image\/\",\"url\":\"https:\/\/ekinox.shop\/boutique\/wp-content\/uploads\/2023\/06\/LOGO_EKINOX.svg\",\"contentUrl\":\"https:\/\/ekinox.shop\/boutique\/wp-content\/uploads\/2023\/06\/LOGO_EKINOX.svg\",\"width\":1,\"height\":1,\"caption\":\"Ekinox.shop\"},\"image\":{\"@id\":\"https:\/\/ekinox.shop\/boutique\/#\/schema\/logo\/image\/\"}}]}<\/script>\n<!-- \/ Yoast SEO plugin. -->","yoast_head_json":{"title":"Rail pour marquise aluminium + \u00e9clairage LED L 3000 MM - Ekinox.shop","robots":{"index":"index","follow":"follow","max-snippet":"max-snippet:-1","max-image-preview":"max-image-preview:large","max-video-preview":"max-video-preview:-1"},"canonical":"https:\/\/ekinox.shop\/boutique\/produit\/rail-pour-marquise-aluminium-eclairage-led-l-3000-mm\/","og_locale":"fr_FR","og_type":"article","og_title":"Rail pour marquise aluminium + \u00e9clairage LED L 3000 MM - Ekinox.shop","og_description":"Rail pour marquise aluminium + \u00e9clairage LED L 3000 MM Rail en aluminium pour verre de s\u00e9curit\u00e9 VSG\/ESG 21,52mm, 1,6kN \/ m2, Fourni sans verre. L'ensemble contient : un profil, des bouchons obturateurs, des joints et les pi\u00e8ces n\u00e9cessaires pour l'assemblage final du verre.","og_url":"https:\/\/ekinox.shop\/boutique\/produit\/rail-pour-marquise-aluminium-eclairage-led-l-3000-mm\/","og_site_name":"Ekinox.shop","og_image":[{"width":1030,"height":860,"url":"https:\/\/ekinox.shop\/boutique\/wp-content\/uploads\/2022\/02\/1854-Rail-pour-marquise-aluminium-eclairage-LED-L-3000-MM.jpg","type":"image\/jpeg"}],"twitter_card":"summary_large_image","schema":{"@context":"https:\/\/schema.org","@graph":[{"@type":"WebPage","@id":"https:\/\/ekinox.shop\/boutique\/produit\/rail-pour-marquise-aluminium-eclairage-led-l-3000-mm\/","url":"https:\/\/ekinox.shop\/boutique\/produit\/rail-pour-marquise-aluminium-eclairage-led-l-3000-mm\/","name":"Rail pour marquise aluminium + \u00e9clairage LED L 3000 MM - Ekinox.shop","isPartOf":{"@id":"https:\/\/ekinox.shop\/boutique\/#website"},"primaryImageOfPage":{"@id":"https:\/\/ekinox.shop\/boutique\/produit\/rail-pour-marquise-aluminium-eclairage-led-l-3000-mm\/#primaryimage"},"image":{"@id":"https:\/\/ekinox.shop\/boutique\/produit\/rail-pour-marquise-aluminium-eclairage-led-l-3000-mm\/#primaryimage"},"thumbnailUrl":"https:\/\/ekinox.shop\/boutique\/wp-content\/uploads\/2022\/02\/1854-Rail-pour-marquise-aluminium-eclairage-LED-L-3000-MM.jpg","datePublished":"2022-02-02T14:28:21+00:00","breadcrumb":{"@id":"https:\/\/ekinox.shop\/boutique\/produit\/rail-pour-marquise-aluminium-eclairage-led-l-3000-mm\/#breadcrumb"},"inLanguage":"fr-FR","potentialAction":[{"@type":"ReadAction","target":["https:\/\/ekinox.shop\/boutique\/produit\/rail-pour-marquise-aluminium-eclairage-led-l-3000-mm\/"]}]},{"@type":"ImageObject","inLanguage":"fr-FR","@id":"https:\/\/ekinox.shop\/boutique\/produit\/rail-pour-marquise-aluminium-eclairage-led-l-3000-mm\/#primaryimage","url":"https:\/\/ekinox.shop\/boutique\/wp-content\/uploads\/2022\/02\/1854-Rail-pour-marquise-aluminium-eclairage-LED-L-3000-MM.jpg","contentUrl":"https:\/\/ekinox.shop\/boutique\/wp-content\/uploads\/2022\/02\/1854-Rail-pour-marquise-aluminium-eclairage-LED-L-3000-MM.jpg","width":1030,"height":860,"caption":"Rail pour marquise aluminium + \u00e9clairage LED L 3000 MM"},{"@type":"BreadcrumbList","@id":"https:\/\/ekinox.shop\/boutique\/produit\/rail-pour-marquise-aluminium-eclairage-led-l-3000-mm\/#breadcrumb","itemListElement":[{"@type":"ListItem","position":1,"name":"Accueil","item":"https:\/\/ekinox.shop\/boutique\/"},{"@type":"ListItem","position":2,"name":"Shop","item":"https:\/\/ekinox.shop\/boutique\/shop\/"},{"@type":"ListItem","position":3,"name":"AGENCEMENT","item":"https:\/\/ekinox.shop\/boutique\/categorie-produit\/agencement\/"},{"@type":"ListItem","position":4,"name":"AUVENTS MARQUISES","item":"https:\/\/ekinox.shop\/boutique\/categorie-produit\/agencement\/auvents-marquises\/"},{"@type":"ListItem","position":5,"name":"Rail pour marquise aluminium + \u00e9clairage LED L 3000 MM"}]},{"@type":"WebSite","@id":"https:\/\/ekinox.shop\/boutique\/#website","url":"https:\/\/ekinox.shop\/boutique\/","name":"Ekinox.shop","description":"Votre garde-corps inox ou aluminium sur-mesure","publisher":{"@id":"https:\/\/ekinox.shop\/boutique\/#organization"},"potentialAction":[{"@type":"SearchAction","target":{"@type":"EntryPoint","urlTemplate":"https:\/\/ekinox.shop\/boutique\/?s={search_term_string}"},"query-input":{"@type":"PropertyValueSpecification","valueRequired":true,"valueName":"search_term_string"}}],"inLanguage":"fr-FR"},{"@type":"Organization","@id":"https:\/\/ekinox.shop\/boutique\/#organization","name":"Ekinox.shop","url":"https:\/\/ekinox.shop\/boutique\/","logo":{"@type":"ImageObject","inLanguage":"fr-FR","@id":"https:\/\/ekinox.shop\/boutique\/#\/schema\/logo\/image\/","url":"https:\/\/ekinox.shop\/boutique\/wp-content\/uploads\/2023\/06\/LOGO_EKINOX.svg","contentUrl":"https:\/\/ekinox.shop\/boutique\/wp-content\/uploads\/2023\/06\/LOGO_EKINOX.svg","width":1,"height":1,"caption":"Ekinox.shop"},"image":{"@id":"https:\/\/ekinox.shop\/boutique\/#\/schema\/logo\/image\/"}}]}},"jetpack_sharing_enabled":true,"_links":{"self":[{"href":"https:\/\/ekinox.shop\/boutique\/wp-json\/wp\/v2\/product\/2904","targetHints":{"allow":["GET"]}}],"collection":[{"href":"https:\/\/ekinox.shop\/boutique\/wp-json\/wp\/v2\/product"}],"about":[{"href":"https:\/\/ekinox.shop\/boutique\/wp-json\/wp\/v2\/types\/product"}],"wp:featuredmedia":[{"embeddable":true,"href":"https:\/\/ekinox.shop\/boutique\/wp-json\/wp\/v2\/media\/2900"}],"wp:attachment":[{"href":"https:\/\/ekinox.shop\/boutique\/wp-json\/wp\/v2\/media?parent=2904"}],"wp:term":[{"taxonomy":"product_brand","embeddable":true,"href":"https:\/\/ekinox.shop\/boutique\/wp-json\/wp\/v2\/product_brand?post=2904"},{"taxonomy":"product_cat","embeddable":true,"href":"https:\/\/ekinox.shop\/boutique\/wp-json\/wp\/v2\/product_cat?post=2904"},{"taxonomy":"product_tag","embeddable":true,"href":"https:\/\/ekinox.shop\/boutique\/wp-json\/wp\/v2\/product_tag?post=2904"}],"curies":[{"name":"wp","href":"https:\/\/api.w.org\/{rel}","templated":true}]}}