{"id":2924,"date":"2022-06-27T12:43:53","date_gmt":"2022-06-27T10:43:53","guid":{"rendered":"https:\/\/ekinox.shop\/boutique\/?post_type=product&#038;p=2924"},"modified":"2024-01-29T14:35:06","modified_gmt":"2024-01-29T13:35:06","slug":"clou-podotactile-deveil-de-vigilance-colore-a-coller-ou-a-sceller-waccess","status":"publish","type":"product","link":"https:\/\/ekinox.shop\/boutique\/produit\/clou-podotactile-deveil-de-vigilance-colore-a-coller-ou-a-sceller-waccess\/","title":{"rendered":"CLOU PODOTACTILE D\u2019\u00c9VEIL DE VIGILANCE COLOR\u00c9 \u00c0 COLLER OU \u00c0 SCELLER"},"content":{"rendered":"<p>Les clous podotactiles d\u2019\u00e9veil de vigilance WACCESS\u00ae se positionnent avant et parall\u00e8lement \u00e0 une zone \u00e0 risque (escalier, vide, travers\u00e9e dangereuse, passage pour pi\u00e9tons, quai de m\u00e9tro\u2026) pour alerter du danger de chute \u00e0 toute personne s\u2019en approchant. Leur g\u00e9om\u00e9trie en 3D permet la d\u00e9tection du danger par le pied. La gamme de clous Wattelez r\u00e9siste tr\u00e8s bien au passage intensif.<\/p>\n<p><strong>LES + PRODUITS<\/strong><\/p>\n<ul>\n<li>Solidit\u00e9 exceptionnelle gr\u00e2ce au<\/li>\n<li>scellement dans le sol<\/li>\n<li>Pr\u00e9vention renforc\u00e9e par un meilleur\u00a0contraste visuel par rapport au sol (large\u00a0choix de couleurs)<\/li>\n<li>Pose facile (gabarit fourni)<\/li>\n<li>Conforme \u00e0 la norme NF P98-351<\/li>\n<li>1 gabarit de pose de 1 380 x 413 mm fourni<\/li>\n<\/ul>\n<p><strong>CARACT\u00c9RISTIQUES<\/strong><\/p>\n<table style=\"height: 80px; width: 1000px;\" width=\"861\" cellpadding=\"10\">\n<tbody>\n<tr>\n<td><strong>R\u00e9f\u00e9rence<\/strong><\/td>\n<td><strong>Dimensions<\/strong><\/td>\n<td><strong>Mode de pose<\/strong><\/td>\n<td><strong>Conditionnement<\/strong><\/td>\n<td><strong>Diam\u00e8tre de per\u00e7age<\/strong><\/td>\n<td><strong>Usage<\/strong><\/td>\n<td><strong>Mati\u00e8re<\/strong><\/td>\n<\/tr>\n<tr>\n<td>630 023<\/td>\n<td>25 (t\u00eate) x 5 (diam) x 10 (tige) mm<\/td>\n<td>\u00c0 coller ou \u00e0 sceller<\/td>\n<td>Kit de 200 clous<\/td>\n<td>8 mm<\/td>\n<td>Int\u00e9rieur\/ext\u00e9rieur<\/td>\n<td>PA6<\/td>\n<\/tr>\n<\/tbody>\n<\/table>\n","protected":false},"excerpt":{"rendered":"<p>LES + PRODUITS<\/p>\n<ul>\n<li>Solidit\u00e9 exceptionnelle gr\u00e2ce au<\/li>\n<li>scellement dans le sol<\/li>\n<li>Pr\u00e9vention renforc\u00e9e par un meilleur contraste visuel par rapport au sol (large choix de couleurs)<\/li>\n<li>Pose facile (gabarit fourni)<\/li>\n<li>Conforme \u00e0 la norme NF P98-351<\/li>\n<li>1 gabarit de pose de 1 380 x 413 mm<\/li>\n<li>fourni<\/li>\n<\/ul>\n","protected":false},"featured_media":2914,"template":"","meta":[],"product_brand":[],"product_cat":[49,83,37],"product_tag":[],"class_list":{"0":"post-2924","1":"product","2":"type-product","3":"status-publish","4":"has-post-thumbnail","6":"product_cat-accessibilite-des-pmr","7":"product_cat-clous-podotactiles","8":"product_cat-protection-des-personnes","10":"first","11":"instock","12":"taxable","13":"shipping-taxable","14":"product-type-simple"},"yoast_head":"<!-- This site is optimized with the Yoast SEO plugin v27.1.1 - https:\/\/yoast.com\/product\/yoast-seo-wordpress\/ -->\n<title>CLOU PODOTACTILE D\u2019\u00c9VEIL DE VIGILANCE COLOR\u00c9 \u00c0 COLLER OU \u00c0 SCELLER - Ekinox.shop<\/title>\n<meta name=\"robots\" content=\"index, follow, max-snippet:-1, max-image-preview:large, max-video-preview:-1\" \/>\n<link rel=\"canonical\" href=\"https:\/\/ekinox.shop\/boutique\/produit\/clou-podotactile-deveil-de-vigilance-colore-a-coller-ou-a-sceller-waccess\/\" \/>\n<meta property=\"og:locale\" content=\"fr_FR\" \/>\n<meta property=\"og:type\" content=\"article\" \/>\n<meta property=\"og:title\" content=\"CLOU PODOTACTILE D\u2019\u00c9VEIL DE VIGILANCE COLOR\u00c9 \u00c0 COLLER OU \u00c0 SCELLER - Ekinox.shop\" \/>\n<meta property=\"og:description\" content=\"LES + PRODUITS   Solidit\u00e9 exceptionnelle gr\u00e2ce au  scellement dans le sol  Pr\u00e9vention renforc\u00e9e par un meilleur contraste visuel par rapport au sol (large choix de couleurs)  Pose facile (gabarit fourni)  Conforme \u00e0 la norme NF P98-351  1 gabarit de pose de 1 380 x 413 mm  fourni\" \/>\n<meta property=\"og:url\" content=\"https:\/\/ekinox.shop\/boutique\/produit\/clou-podotactile-deveil-de-vigilance-colore-a-coller-ou-a-sceller-waccess\/\" \/>\n<meta property=\"og:site_name\" content=\"Ekinox.shop\" \/>\n<meta property=\"article:modified_time\" content=\"2024-01-29T13:35:06+00:00\" \/>\n<meta property=\"og:image\" content=\"https:\/\/ekinox.shop\/boutique\/wp-content\/uploads\/2022\/06\/1881-CLOU-PODOTACTILE-DEVEIL-DE-VIGILANCE-COLORE-A-COLLER-OU-A-SCELLER-WACCESSR.jpg\" \/>\n\t<meta property=\"og:image:width\" content=\"800\" \/>\n\t<meta property=\"og:image:height\" content=\"500\" \/>\n\t<meta property=\"og:image:type\" content=\"image\/jpeg\" \/>\n<meta name=\"twitter:card\" content=\"summary_large_image\" \/>\n<meta name=\"twitter:label1\" content=\"Dur\u00e9e de lecture estim\u00e9e\" \/>\n\t<meta name=\"twitter:data1\" content=\"1 minute\" \/>\n<script type=\"application\/ld+json\" class=\"yoast-schema-graph\">{\"@context\":\"https:\/\/schema.org\",\"@graph\":[{\"@type\":\"WebPage\",\"@id\":\"https:\/\/ekinox.shop\/boutique\/produit\/clou-podotactile-deveil-de-vigilance-colore-a-coller-ou-a-sceller-waccess\/\",\"url\":\"https:\/\/ekinox.shop\/boutique\/produit\/clou-podotactile-deveil-de-vigilance-colore-a-coller-ou-a-sceller-waccess\/\",\"name\":\"CLOU PODOTACTILE D\u2019\u00c9VEIL DE VIGILANCE COLOR\u00c9 \u00c0 COLLER OU \u00c0 SCELLER - Ekinox.shop\",\"isPartOf\":{\"@id\":\"https:\/\/ekinox.shop\/boutique\/#website\"},\"primaryImageOfPage\":{\"@id\":\"https:\/\/ekinox.shop\/boutique\/produit\/clou-podotactile-deveil-de-vigilance-colore-a-coller-ou-a-sceller-waccess\/#primaryimage\"},\"image\":{\"@id\":\"https:\/\/ekinox.shop\/boutique\/produit\/clou-podotactile-deveil-de-vigilance-colore-a-coller-ou-a-sceller-waccess\/#primaryimage\"},\"thumbnailUrl\":\"https:\/\/ekinox.shop\/boutique\/wp-content\/uploads\/2022\/06\/1881-CLOU-PODOTACTILE-DEVEIL-DE-VIGILANCE-COLORE-A-COLLER-OU-A-SCELLER-WACCESSR.jpg\",\"datePublished\":\"2022-06-27T10:43:53+00:00\",\"dateModified\":\"2024-01-29T13:35:06+00:00\",\"breadcrumb\":{\"@id\":\"https:\/\/ekinox.shop\/boutique\/produit\/clou-podotactile-deveil-de-vigilance-colore-a-coller-ou-a-sceller-waccess\/#breadcrumb\"},\"inLanguage\":\"fr-FR\",\"potentialAction\":[{\"@type\":\"ReadAction\",\"target\":[\"https:\/\/ekinox.shop\/boutique\/produit\/clou-podotactile-deveil-de-vigilance-colore-a-coller-ou-a-sceller-waccess\/\"]}]},{\"@type\":\"ImageObject\",\"inLanguage\":\"fr-FR\",\"@id\":\"https:\/\/ekinox.shop\/boutique\/produit\/clou-podotactile-deveil-de-vigilance-colore-a-coller-ou-a-sceller-waccess\/#primaryimage\",\"url\":\"https:\/\/ekinox.shop\/boutique\/wp-content\/uploads\/2022\/06\/1881-CLOU-PODOTACTILE-DEVEIL-DE-VIGILANCE-COLORE-A-COLLER-OU-A-SCELLER-WACCESSR.jpg\",\"contentUrl\":\"https:\/\/ekinox.shop\/boutique\/wp-content\/uploads\/2022\/06\/1881-CLOU-PODOTACTILE-DEVEIL-DE-VIGILANCE-COLORE-A-COLLER-OU-A-SCELLER-WACCESSR.jpg\",\"width\":800,\"height\":500,\"caption\":\"CLOU PODOTACTILE D\u2019\u00c9VEIL DE VIGILANCE COLOR\u00c9 \u00c0 COLLER OU \u00c0 SCELLER WACCESS\u00ae\"},{\"@type\":\"BreadcrumbList\",\"@id\":\"https:\/\/ekinox.shop\/boutique\/produit\/clou-podotactile-deveil-de-vigilance-colore-a-coller-ou-a-sceller-waccess\/#breadcrumb\",\"itemListElement\":[{\"@type\":\"ListItem\",\"position\":1,\"name\":\"Accueil\",\"item\":\"https:\/\/ekinox.shop\/boutique\/\"},{\"@type\":\"ListItem\",\"position\":2,\"name\":\"Shop\",\"item\":\"https:\/\/ekinox.shop\/boutique\/shop\/\"},{\"@type\":\"ListItem\",\"position\":3,\"name\":\"PROTECTION DES PERSONNES\",\"item\":\"https:\/\/ekinox.shop\/boutique\/categorie-produit\/protection-des-personnes\/\"},{\"@type\":\"ListItem\",\"position\":4,\"name\":\"ACCESSIBILIT\u00c9 DES PMR\",\"item\":\"https:\/\/ekinox.shop\/boutique\/categorie-produit\/protection-des-personnes\/accessibilite-des-pmr\/\"},{\"@type\":\"ListItem\",\"position\":5,\"name\":\"CLOUS PODOTACTILES\",\"item\":\"https:\/\/ekinox.shop\/boutique\/categorie-produit\/protection-des-personnes\/accessibilite-des-pmr\/clous-podotactiles\/\"},{\"@type\":\"ListItem\",\"position\":6,\"name\":\"CLOU PODOTACTILE D\u2019\u00c9VEIL DE VIGILANCE COLOR\u00c9 \u00c0 COLLER OU \u00c0 SCELLER\"}]},{\"@type\":\"WebSite\",\"@id\":\"https:\/\/ekinox.shop\/boutique\/#website\",\"url\":\"https:\/\/ekinox.shop\/boutique\/\",\"name\":\"Ekinox.shop\",\"description\":\"Votre garde-corps inox ou aluminium sur-mesure\",\"publisher\":{\"@id\":\"https:\/\/ekinox.shop\/boutique\/#organization\"},\"potentialAction\":[{\"@type\":\"SearchAction\",\"target\":{\"@type\":\"EntryPoint\",\"urlTemplate\":\"https:\/\/ekinox.shop\/boutique\/?s={search_term_string}\"},\"query-input\":{\"@type\":\"PropertyValueSpecification\",\"valueRequired\":true,\"valueName\":\"search_term_string\"}}],\"inLanguage\":\"fr-FR\"},{\"@type\":\"Organization\",\"@id\":\"https:\/\/ekinox.shop\/boutique\/#organization\",\"name\":\"Ekinox.shop\",\"url\":\"https:\/\/ekinox.shop\/boutique\/\",\"logo\":{\"@type\":\"ImageObject\",\"inLanguage\":\"fr-FR\",\"@id\":\"https:\/\/ekinox.shop\/boutique\/#\/schema\/logo\/image\/\",\"url\":\"https:\/\/ekinox.shop\/boutique\/wp-content\/uploads\/2023\/06\/LOGO_EKINOX.svg\",\"contentUrl\":\"https:\/\/ekinox.shop\/boutique\/wp-content\/uploads\/2023\/06\/LOGO_EKINOX.svg\",\"width\":1,\"height\":1,\"caption\":\"Ekinox.shop\"},\"image\":{\"@id\":\"https:\/\/ekinox.shop\/boutique\/#\/schema\/logo\/image\/\"}}]}<\/script>\n<!-- \/ Yoast SEO plugin. -->","yoast_head_json":{"title":"CLOU PODOTACTILE D\u2019\u00c9VEIL DE VIGILANCE COLOR\u00c9 \u00c0 COLLER OU \u00c0 SCELLER - Ekinox.shop","robots":{"index":"index","follow":"follow","max-snippet":"max-snippet:-1","max-image-preview":"max-image-preview:large","max-video-preview":"max-video-preview:-1"},"canonical":"https:\/\/ekinox.shop\/boutique\/produit\/clou-podotactile-deveil-de-vigilance-colore-a-coller-ou-a-sceller-waccess\/","og_locale":"fr_FR","og_type":"article","og_title":"CLOU PODOTACTILE D\u2019\u00c9VEIL DE VIGILANCE COLOR\u00c9 \u00c0 COLLER OU \u00c0 SCELLER - Ekinox.shop","og_description":"LES + PRODUITS   Solidit\u00e9 exceptionnelle gr\u00e2ce au  scellement dans le sol  Pr\u00e9vention renforc\u00e9e par un meilleur contraste visuel par rapport au sol (large choix de couleurs)  Pose facile (gabarit fourni)  Conforme \u00e0 la norme NF P98-351  1 gabarit de pose de 1 380 x 413 mm  fourni","og_url":"https:\/\/ekinox.shop\/boutique\/produit\/clou-podotactile-deveil-de-vigilance-colore-a-coller-ou-a-sceller-waccess\/","og_site_name":"Ekinox.shop","article_modified_time":"2024-01-29T13:35:06+00:00","og_image":[{"width":800,"height":500,"url":"https:\/\/ekinox.shop\/boutique\/wp-content\/uploads\/2022\/06\/1881-CLOU-PODOTACTILE-DEVEIL-DE-VIGILANCE-COLORE-A-COLLER-OU-A-SCELLER-WACCESSR.jpg","type":"image\/jpeg"}],"twitter_card":"summary_large_image","twitter_misc":{"Dur\u00e9e de lecture estim\u00e9e":"1 minute"},"schema":{"@context":"https:\/\/schema.org","@graph":[{"@type":"WebPage","@id":"https:\/\/ekinox.shop\/boutique\/produit\/clou-podotactile-deveil-de-vigilance-colore-a-coller-ou-a-sceller-waccess\/","url":"https:\/\/ekinox.shop\/boutique\/produit\/clou-podotactile-deveil-de-vigilance-colore-a-coller-ou-a-sceller-waccess\/","name":"CLOU PODOTACTILE D\u2019\u00c9VEIL DE VIGILANCE COLOR\u00c9 \u00c0 COLLER OU \u00c0 SCELLER - Ekinox.shop","isPartOf":{"@id":"https:\/\/ekinox.shop\/boutique\/#website"},"primaryImageOfPage":{"@id":"https:\/\/ekinox.shop\/boutique\/produit\/clou-podotactile-deveil-de-vigilance-colore-a-coller-ou-a-sceller-waccess\/#primaryimage"},"image":{"@id":"https:\/\/ekinox.shop\/boutique\/produit\/clou-podotactile-deveil-de-vigilance-colore-a-coller-ou-a-sceller-waccess\/#primaryimage"},"thumbnailUrl":"https:\/\/ekinox.shop\/boutique\/wp-content\/uploads\/2022\/06\/1881-CLOU-PODOTACTILE-DEVEIL-DE-VIGILANCE-COLORE-A-COLLER-OU-A-SCELLER-WACCESSR.jpg","datePublished":"2022-06-27T10:43:53+00:00","dateModified":"2024-01-29T13:35:06+00:00","breadcrumb":{"@id":"https:\/\/ekinox.shop\/boutique\/produit\/clou-podotactile-deveil-de-vigilance-colore-a-coller-ou-a-sceller-waccess\/#breadcrumb"},"inLanguage":"fr-FR","potentialAction":[{"@type":"ReadAction","target":["https:\/\/ekinox.shop\/boutique\/produit\/clou-podotactile-deveil-de-vigilance-colore-a-coller-ou-a-sceller-waccess\/"]}]},{"@type":"ImageObject","inLanguage":"fr-FR","@id":"https:\/\/ekinox.shop\/boutique\/produit\/clou-podotactile-deveil-de-vigilance-colore-a-coller-ou-a-sceller-waccess\/#primaryimage","url":"https:\/\/ekinox.shop\/boutique\/wp-content\/uploads\/2022\/06\/1881-CLOU-PODOTACTILE-DEVEIL-DE-VIGILANCE-COLORE-A-COLLER-OU-A-SCELLER-WACCESSR.jpg","contentUrl":"https:\/\/ekinox.shop\/boutique\/wp-content\/uploads\/2022\/06\/1881-CLOU-PODOTACTILE-DEVEIL-DE-VIGILANCE-COLORE-A-COLLER-OU-A-SCELLER-WACCESSR.jpg","width":800,"height":500,"caption":"CLOU PODOTACTILE D\u2019\u00c9VEIL DE VIGILANCE COLOR\u00c9 \u00c0 COLLER OU \u00c0 SCELLER WACCESS\u00ae"},{"@type":"BreadcrumbList","@id":"https:\/\/ekinox.shop\/boutique\/produit\/clou-podotactile-deveil-de-vigilance-colore-a-coller-ou-a-sceller-waccess\/#breadcrumb","itemListElement":[{"@type":"ListItem","position":1,"name":"Accueil","item":"https:\/\/ekinox.shop\/boutique\/"},{"@type":"ListItem","position":2,"name":"Shop","item":"https:\/\/ekinox.shop\/boutique\/shop\/"},{"@type":"ListItem","position":3,"name":"PROTECTION DES PERSONNES","item":"https:\/\/ekinox.shop\/boutique\/categorie-produit\/protection-des-personnes\/"},{"@type":"ListItem","position":4,"name":"ACCESSIBILIT\u00c9 DES PMR","item":"https:\/\/ekinox.shop\/boutique\/categorie-produit\/protection-des-personnes\/accessibilite-des-pmr\/"},{"@type":"ListItem","position":5,"name":"CLOUS PODOTACTILES","item":"https:\/\/ekinox.shop\/boutique\/categorie-produit\/protection-des-personnes\/accessibilite-des-pmr\/clous-podotactiles\/"},{"@type":"ListItem","position":6,"name":"CLOU PODOTACTILE D\u2019\u00c9VEIL DE VIGILANCE COLOR\u00c9 \u00c0 COLLER OU \u00c0 SCELLER"}]},{"@type":"WebSite","@id":"https:\/\/ekinox.shop\/boutique\/#website","url":"https:\/\/ekinox.shop\/boutique\/","name":"Ekinox.shop","description":"Votre garde-corps inox ou aluminium sur-mesure","publisher":{"@id":"https:\/\/ekinox.shop\/boutique\/#organization"},"potentialAction":[{"@type":"SearchAction","target":{"@type":"EntryPoint","urlTemplate":"https:\/\/ekinox.shop\/boutique\/?s={search_term_string}"},"query-input":{"@type":"PropertyValueSpecification","valueRequired":true,"valueName":"search_term_string"}}],"inLanguage":"fr-FR"},{"@type":"Organization","@id":"https:\/\/ekinox.shop\/boutique\/#organization","name":"Ekinox.shop","url":"https:\/\/ekinox.shop\/boutique\/","logo":{"@type":"ImageObject","inLanguage":"fr-FR","@id":"https:\/\/ekinox.shop\/boutique\/#\/schema\/logo\/image\/","url":"https:\/\/ekinox.shop\/boutique\/wp-content\/uploads\/2023\/06\/LOGO_EKINOX.svg","contentUrl":"https:\/\/ekinox.shop\/boutique\/wp-content\/uploads\/2023\/06\/LOGO_EKINOX.svg","width":1,"height":1,"caption":"Ekinox.shop"},"image":{"@id":"https:\/\/ekinox.shop\/boutique\/#\/schema\/logo\/image\/"}}]}},"jetpack_sharing_enabled":true,"_links":{"self":[{"href":"https:\/\/ekinox.shop\/boutique\/wp-json\/wp\/v2\/product\/2924","targetHints":{"allow":["GET"]}}],"collection":[{"href":"https:\/\/ekinox.shop\/boutique\/wp-json\/wp\/v2\/product"}],"about":[{"href":"https:\/\/ekinox.shop\/boutique\/wp-json\/wp\/v2\/types\/product"}],"wp:featuredmedia":[{"embeddable":true,"href":"https:\/\/ekinox.shop\/boutique\/wp-json\/wp\/v2\/media\/2914"}],"wp:attachment":[{"href":"https:\/\/ekinox.shop\/boutique\/wp-json\/wp\/v2\/media?parent=2924"}],"wp:term":[{"taxonomy":"product_brand","embeddable":true,"href":"https:\/\/ekinox.shop\/boutique\/wp-json\/wp\/v2\/product_brand?post=2924"},{"taxonomy":"product_cat","embeddable":true,"href":"https:\/\/ekinox.shop\/boutique\/wp-json\/wp\/v2\/product_cat?post=2924"},{"taxonomy":"product_tag","embeddable":true,"href":"https:\/\/ekinox.shop\/boutique\/wp-json\/wp\/v2\/product_tag?post=2924"}],"curies":[{"name":"wp","href":"https:\/\/api.w.org\/{rel}","templated":true}]}}