{"id":2942,"date":"2022-06-27T13:26:35","date_gmt":"2022-06-27T11:26:35","guid":{"rendered":"https:\/\/ekinox.shop\/boutique\/?post_type=product&#038;p=2942"},"modified":"2024-01-25T15:58:23","modified_gmt":"2024-01-25T14:58:23","slug":"colles","status":"publish","type":"product","link":"https:\/\/ekinox.shop\/boutique\/produit\/colles\/","title":{"rendered":"COLLES"},"content":{"rendered":"<p><strong>CARACT\u00c9RISTIQUES<\/strong><\/p>\n<table>\n<tbody>\n<tr>\n<td><strong>R\u00e9f\u00e9rence<\/strong><\/td>\n<td><strong>Contenance et utilisation<\/strong><\/td>\n<td><b>Consommation<\/b><\/td>\n<td><strong>Temps de prise<\/strong><\/td>\n<td><strong>Couleur du produit<\/strong><\/td>\n<td><strong>Usage<\/strong><\/td>\n<\/tr>\n<tr>\n<td>801 520<\/td>\n<td>\n<ul>\n<li>Colle bi-composants sp\u00e9cifique produits TPU ou compound vinylique<\/li>\n<li>Sous forme de bi-sac, il n&rsquo;y a aucun contact avec le produit<\/li>\n<li>Utilisation pour des temp\u00e9ratures &gt;10\u00b0c<\/li>\n<li>Bi-sac 1kg<\/li>\n<\/ul>\n<\/td>\n<td>\n<ul>\n<li>1,5 Kg\/ m\u00b2<\/li>\n<li>1 Kg : 0, 67 m\u00b2<\/li>\n<\/ul>\n<\/td>\n<td>\n<ul>\n<li>60 minutes apr\u00e8s pose<\/li>\n<li>24h pour un usage intensif<\/li>\n<\/ul>\n<\/td>\n<td>Beige<\/td>\n<td>Ext\u00e9rieur<\/td>\n<\/tr>\n<tr>\n<td>801 521<\/td>\n<td>\n<ul>\n<li>Colle bi-composants sp\u00e9cifique produits TPU ou compound vinylique<\/li>\n<li>Sous forme de bi-sac, il n&rsquo;y a aucun contact avec le produit<\/li>\n<li>Utilisation pour des temp\u00e9ratures &gt;10\u00b0c<\/li>\n<li>Pots de 1 kg + 4 kg soit 5 kg<\/li>\n<\/ul>\n<\/td>\n<td>\n<ul>\n<li>1,5 Kg\/ m\u00b2<\/li>\n<li>5 Kg: 3,30 m\u00b2<\/li>\n<\/ul>\n<\/td>\n<td>\n<ul>\n<li>60 minutes apr\u00e8s pose<\/li>\n<li>24h pour un usage intensif<\/li>\n<\/ul>\n<\/td>\n<td>Beige<\/td>\n<td>Ext\u00e9rieur<\/td>\n<\/tr>\n<tr>\n<td>801 523<\/td>\n<td>\n<ul>\n<li>Colle polym\u00e8re sp\u00e9cifique produits en SEBS, CVI, et TPU<\/li>\n<li>Cartouche de 290 mL<\/li>\n<li>Pose imp\u00e9rative du primaire d&rsquo;accrochage au pr\u00e9alable<\/li>\n<\/ul>\n<\/td>\n<td>\n<ul>\n<li>Cordon de 14 m environ<\/li>\n<li>1 tube : 0,3 m\u00b2<\/li>\n<\/ul>\n<\/td>\n<td>\n<ul>\n<li>24 \u00e0 48h<\/li>\n<\/ul>\n<\/td>\n<td>Noir<\/td>\n<td>Int\u00e9rieur\/ext\u00e9rieur<\/td>\n<\/tr>\n<tr>\n<td>801 526<\/td>\n<td>\n<ul>\n<li>Colle bi-composants haute r\u00e9sistance au cisaillement<\/li>\n<li>Cartouche de 50 g permettant de poser 100 pastilles (Pistolet indispensable pour l&rsquo;utilisation)<\/li>\n<\/ul>\n<\/td>\n<td style=\"text-align: left;\">\n<ul>\n<li>1 Kg\/m\u00b2<\/li>\n<li>1 tube : 100 pastilles<\/li>\n<\/ul>\n<\/td>\n<td>\n<ul>\n<li>10 \u00e0 12 minutes apr\u00e8s pose<\/li>\n<li>24 h pour un usage intensif<\/li>\n<\/ul>\n<\/td>\n<td>Gris<\/td>\n<td>Int\u00e9rieur\/ext\u00e9rieur<\/td>\n<\/tr>\n<tr>\n<td>801 528<\/td>\n<td>\n<ul>\n<li>Scellement chimique haute performance sp\u00e9cifique inox (304 et 316), laiton et acier<\/li>\n<li>Cartouche de 170 mL<\/li>\n<\/ul>\n<\/td>\n<td>\n<ul>\n<li>1 mL\/m\u00b2<\/li>\n<li>1 tube : 100 clous<\/li>\n<\/ul>\n<\/td>\n<td>\n<ul>\n<li>20\/30 minutes apr\u00e8s pose<\/li>\n<li>24h pour un usage intensif<\/li>\n<\/ul>\n<\/td>\n<td>Beige<\/td>\n<td>Int\u00e9rieur\/ext\u00e9rieur<\/td>\n<\/tr>\n<tr>\n<td>801 536<\/td>\n<td>\n<ul>\n<li>Pistolet bi-composants adapt\u00e9 \u00e0 la r\u00e9f\u00e9rence 80 15 26<\/li>\n<\/ul>\n<\/td>\n<td>&#8211;<\/td>\n<td>&#8211;<\/td>\n<td>Gris\/Noir<\/td>\n<td>&#8211;<\/td>\n<\/tr>\n<tr>\n<td>801 539<\/td>\n<td>\n<ul>\n<li>Colle polym\u00e8re<\/li>\n<li>Cartouche de 390 g<\/li>\n<\/ul>\n<\/td>\n<td>\n<ul>\n<li>Cordon de 14 m environ<\/li>\n<li>1 tube : 0,3 m\u00b2<\/li>\n<\/ul>\n<\/td>\n<td>24 h \u00e0 48 h pour un usage intensif<\/td>\n<td>Beige<\/td>\n<td>Int\u00e9rieur\/ext\u00e9rieur<\/td>\n<\/tr>\n<\/tbody>\n<\/table>\n","protected":false},"excerpt":{"rendered":"<p>Colles pour clous et pastilles<\/p>\n","protected":false},"featured_media":2933,"template":"","meta":[],"product_brand":[],"product_cat":[49,83,84,37],"product_tag":[],"class_list":{"0":"post-2942","1":"product","2":"type-product","3":"status-publish","4":"has-post-thumbnail","6":"product_cat-accessibilite-des-pmr","7":"product_cat-clous-podotactiles","8":"product_cat-bande-d-eveil-de-vigilance-bev","9":"product_cat-protection-des-personnes","11":"first","12":"instock","13":"taxable","14":"shipping-taxable","15":"product-type-simple"},"yoast_head":"<!-- This site is optimized with the Yoast SEO plugin v27.1.1 - https:\/\/yoast.com\/product\/yoast-seo-wordpress\/ -->\n<title>COLLES - Ekinox.shop<\/title>\n<meta name=\"robots\" content=\"index, follow, max-snippet:-1, max-image-preview:large, max-video-preview:-1\" \/>\n<link rel=\"canonical\" href=\"https:\/\/ekinox.shop\/boutique\/produit\/colles\/\" \/>\n<meta property=\"og:locale\" content=\"fr_FR\" \/>\n<meta property=\"og:type\" content=\"article\" \/>\n<meta property=\"og:title\" content=\"COLLES - Ekinox.shop\" \/>\n<meta property=\"og:description\" content=\"Colles pour clous et pastilles\" \/>\n<meta property=\"og:url\" content=\"https:\/\/ekinox.shop\/boutique\/produit\/colles\/\" \/>\n<meta property=\"og:site_name\" content=\"Ekinox.shop\" \/>\n<meta property=\"article:modified_time\" content=\"2024-01-25T14:58:23+00:00\" \/>\n<meta property=\"og:image\" content=\"https:\/\/ekinox.shop\/boutique\/wp-content\/uploads\/2022\/06\/1911-COLLES.jpg\" \/>\n\t<meta property=\"og:image:width\" content=\"800\" \/>\n\t<meta property=\"og:image:height\" content=\"500\" \/>\n\t<meta property=\"og:image:type\" content=\"image\/jpeg\" \/>\n<meta name=\"twitter:card\" content=\"summary_large_image\" \/>\n<meta name=\"twitter:label1\" content=\"Dur\u00e9e de lecture estim\u00e9e\" \/>\n\t<meta name=\"twitter:data1\" content=\"2 minutes\" \/>\n<script type=\"application\/ld+json\" class=\"yoast-schema-graph\">{\"@context\":\"https:\/\/schema.org\",\"@graph\":[{\"@type\":\"WebPage\",\"@id\":\"https:\/\/ekinox.shop\/boutique\/produit\/colles\/\",\"url\":\"https:\/\/ekinox.shop\/boutique\/produit\/colles\/\",\"name\":\"COLLES - Ekinox.shop\",\"isPartOf\":{\"@id\":\"https:\/\/ekinox.shop\/boutique\/#website\"},\"primaryImageOfPage\":{\"@id\":\"https:\/\/ekinox.shop\/boutique\/produit\/colles\/#primaryimage\"},\"image\":{\"@id\":\"https:\/\/ekinox.shop\/boutique\/produit\/colles\/#primaryimage\"},\"thumbnailUrl\":\"https:\/\/ekinox.shop\/boutique\/wp-content\/uploads\/2022\/06\/1911-COLLES.jpg\",\"datePublished\":\"2022-06-27T11:26:35+00:00\",\"dateModified\":\"2024-01-25T14:58:23+00:00\",\"breadcrumb\":{\"@id\":\"https:\/\/ekinox.shop\/boutique\/produit\/colles\/#breadcrumb\"},\"inLanguage\":\"fr-FR\",\"potentialAction\":[{\"@type\":\"ReadAction\",\"target\":[\"https:\/\/ekinox.shop\/boutique\/produit\/colles\/\"]}]},{\"@type\":\"ImageObject\",\"inLanguage\":\"fr-FR\",\"@id\":\"https:\/\/ekinox.shop\/boutique\/produit\/colles\/#primaryimage\",\"url\":\"https:\/\/ekinox.shop\/boutique\/wp-content\/uploads\/2022\/06\/1911-COLLES.jpg\",\"contentUrl\":\"https:\/\/ekinox.shop\/boutique\/wp-content\/uploads\/2022\/06\/1911-COLLES.jpg\",\"width\":800,\"height\":500,\"caption\":\"COLLES\"},{\"@type\":\"BreadcrumbList\",\"@id\":\"https:\/\/ekinox.shop\/boutique\/produit\/colles\/#breadcrumb\",\"itemListElement\":[{\"@type\":\"ListItem\",\"position\":1,\"name\":\"Accueil\",\"item\":\"https:\/\/ekinox.shop\/boutique\/\"},{\"@type\":\"ListItem\",\"position\":2,\"name\":\"Shop\",\"item\":\"https:\/\/ekinox.shop\/boutique\/shop\/\"},{\"@type\":\"ListItem\",\"position\":3,\"name\":\"PROTECTION DES PERSONNES\",\"item\":\"https:\/\/ekinox.shop\/boutique\/categorie-produit\/protection-des-personnes\/\"},{\"@type\":\"ListItem\",\"position\":4,\"name\":\"ACCESSIBILIT\u00c9 DES PMR\",\"item\":\"https:\/\/ekinox.shop\/boutique\/categorie-produit\/protection-des-personnes\/accessibilite-des-pmr\/\"},{\"@type\":\"ListItem\",\"position\":5,\"name\":\"CLOUS PODOTACTILES\",\"item\":\"https:\/\/ekinox.shop\/boutique\/categorie-produit\/protection-des-personnes\/accessibilite-des-pmr\/clous-podotactiles\/\"},{\"@type\":\"ListItem\",\"position\":6,\"name\":\"COLLES\"}]},{\"@type\":\"WebSite\",\"@id\":\"https:\/\/ekinox.shop\/boutique\/#website\",\"url\":\"https:\/\/ekinox.shop\/boutique\/\",\"name\":\"Ekinox.shop\",\"description\":\"Votre garde-corps inox ou aluminium sur-mesure\",\"publisher\":{\"@id\":\"https:\/\/ekinox.shop\/boutique\/#organization\"},\"potentialAction\":[{\"@type\":\"SearchAction\",\"target\":{\"@type\":\"EntryPoint\",\"urlTemplate\":\"https:\/\/ekinox.shop\/boutique\/?s={search_term_string}\"},\"query-input\":{\"@type\":\"PropertyValueSpecification\",\"valueRequired\":true,\"valueName\":\"search_term_string\"}}],\"inLanguage\":\"fr-FR\"},{\"@type\":\"Organization\",\"@id\":\"https:\/\/ekinox.shop\/boutique\/#organization\",\"name\":\"Ekinox.shop\",\"url\":\"https:\/\/ekinox.shop\/boutique\/\",\"logo\":{\"@type\":\"ImageObject\",\"inLanguage\":\"fr-FR\",\"@id\":\"https:\/\/ekinox.shop\/boutique\/#\/schema\/logo\/image\/\",\"url\":\"https:\/\/ekinox.shop\/boutique\/wp-content\/uploads\/2023\/06\/LOGO_EKINOX.svg\",\"contentUrl\":\"https:\/\/ekinox.shop\/boutique\/wp-content\/uploads\/2023\/06\/LOGO_EKINOX.svg\",\"width\":1,\"height\":1,\"caption\":\"Ekinox.shop\"},\"image\":{\"@id\":\"https:\/\/ekinox.shop\/boutique\/#\/schema\/logo\/image\/\"}}]}<\/script>\n<!-- \/ Yoast SEO plugin. -->","yoast_head_json":{"title":"COLLES - Ekinox.shop","robots":{"index":"index","follow":"follow","max-snippet":"max-snippet:-1","max-image-preview":"max-image-preview:large","max-video-preview":"max-video-preview:-1"},"canonical":"https:\/\/ekinox.shop\/boutique\/produit\/colles\/","og_locale":"fr_FR","og_type":"article","og_title":"COLLES - Ekinox.shop","og_description":"Colles pour clous et pastilles","og_url":"https:\/\/ekinox.shop\/boutique\/produit\/colles\/","og_site_name":"Ekinox.shop","article_modified_time":"2024-01-25T14:58:23+00:00","og_image":[{"width":800,"height":500,"url":"https:\/\/ekinox.shop\/boutique\/wp-content\/uploads\/2022\/06\/1911-COLLES.jpg","type":"image\/jpeg"}],"twitter_card":"summary_large_image","twitter_misc":{"Dur\u00e9e de lecture estim\u00e9e":"2 minutes"},"schema":{"@context":"https:\/\/schema.org","@graph":[{"@type":"WebPage","@id":"https:\/\/ekinox.shop\/boutique\/produit\/colles\/","url":"https:\/\/ekinox.shop\/boutique\/produit\/colles\/","name":"COLLES - Ekinox.shop","isPartOf":{"@id":"https:\/\/ekinox.shop\/boutique\/#website"},"primaryImageOfPage":{"@id":"https:\/\/ekinox.shop\/boutique\/produit\/colles\/#primaryimage"},"image":{"@id":"https:\/\/ekinox.shop\/boutique\/produit\/colles\/#primaryimage"},"thumbnailUrl":"https:\/\/ekinox.shop\/boutique\/wp-content\/uploads\/2022\/06\/1911-COLLES.jpg","datePublished":"2022-06-27T11:26:35+00:00","dateModified":"2024-01-25T14:58:23+00:00","breadcrumb":{"@id":"https:\/\/ekinox.shop\/boutique\/produit\/colles\/#breadcrumb"},"inLanguage":"fr-FR","potentialAction":[{"@type":"ReadAction","target":["https:\/\/ekinox.shop\/boutique\/produit\/colles\/"]}]},{"@type":"ImageObject","inLanguage":"fr-FR","@id":"https:\/\/ekinox.shop\/boutique\/produit\/colles\/#primaryimage","url":"https:\/\/ekinox.shop\/boutique\/wp-content\/uploads\/2022\/06\/1911-COLLES.jpg","contentUrl":"https:\/\/ekinox.shop\/boutique\/wp-content\/uploads\/2022\/06\/1911-COLLES.jpg","width":800,"height":500,"caption":"COLLES"},{"@type":"BreadcrumbList","@id":"https:\/\/ekinox.shop\/boutique\/produit\/colles\/#breadcrumb","itemListElement":[{"@type":"ListItem","position":1,"name":"Accueil","item":"https:\/\/ekinox.shop\/boutique\/"},{"@type":"ListItem","position":2,"name":"Shop","item":"https:\/\/ekinox.shop\/boutique\/shop\/"},{"@type":"ListItem","position":3,"name":"PROTECTION DES PERSONNES","item":"https:\/\/ekinox.shop\/boutique\/categorie-produit\/protection-des-personnes\/"},{"@type":"ListItem","position":4,"name":"ACCESSIBILIT\u00c9 DES PMR","item":"https:\/\/ekinox.shop\/boutique\/categorie-produit\/protection-des-personnes\/accessibilite-des-pmr\/"},{"@type":"ListItem","position":5,"name":"CLOUS PODOTACTILES","item":"https:\/\/ekinox.shop\/boutique\/categorie-produit\/protection-des-personnes\/accessibilite-des-pmr\/clous-podotactiles\/"},{"@type":"ListItem","position":6,"name":"COLLES"}]},{"@type":"WebSite","@id":"https:\/\/ekinox.shop\/boutique\/#website","url":"https:\/\/ekinox.shop\/boutique\/","name":"Ekinox.shop","description":"Votre garde-corps inox ou aluminium sur-mesure","publisher":{"@id":"https:\/\/ekinox.shop\/boutique\/#organization"},"potentialAction":[{"@type":"SearchAction","target":{"@type":"EntryPoint","urlTemplate":"https:\/\/ekinox.shop\/boutique\/?s={search_term_string}"},"query-input":{"@type":"PropertyValueSpecification","valueRequired":true,"valueName":"search_term_string"}}],"inLanguage":"fr-FR"},{"@type":"Organization","@id":"https:\/\/ekinox.shop\/boutique\/#organization","name":"Ekinox.shop","url":"https:\/\/ekinox.shop\/boutique\/","logo":{"@type":"ImageObject","inLanguage":"fr-FR","@id":"https:\/\/ekinox.shop\/boutique\/#\/schema\/logo\/image\/","url":"https:\/\/ekinox.shop\/boutique\/wp-content\/uploads\/2023\/06\/LOGO_EKINOX.svg","contentUrl":"https:\/\/ekinox.shop\/boutique\/wp-content\/uploads\/2023\/06\/LOGO_EKINOX.svg","width":1,"height":1,"caption":"Ekinox.shop"},"image":{"@id":"https:\/\/ekinox.shop\/boutique\/#\/schema\/logo\/image\/"}}]}},"jetpack_sharing_enabled":true,"_links":{"self":[{"href":"https:\/\/ekinox.shop\/boutique\/wp-json\/wp\/v2\/product\/2942","targetHints":{"allow":["GET"]}}],"collection":[{"href":"https:\/\/ekinox.shop\/boutique\/wp-json\/wp\/v2\/product"}],"about":[{"href":"https:\/\/ekinox.shop\/boutique\/wp-json\/wp\/v2\/types\/product"}],"wp:featuredmedia":[{"embeddable":true,"href":"https:\/\/ekinox.shop\/boutique\/wp-json\/wp\/v2\/media\/2933"}],"wp:attachment":[{"href":"https:\/\/ekinox.shop\/boutique\/wp-json\/wp\/v2\/media?parent=2942"}],"wp:term":[{"taxonomy":"product_brand","embeddable":true,"href":"https:\/\/ekinox.shop\/boutique\/wp-json\/wp\/v2\/product_brand?post=2942"},{"taxonomy":"product_cat","embeddable":true,"href":"https:\/\/ekinox.shop\/boutique\/wp-json\/wp\/v2\/product_cat?post=2942"},{"taxonomy":"product_tag","embeddable":true,"href":"https:\/\/ekinox.shop\/boutique\/wp-json\/wp\/v2\/product_tag?post=2942"}],"curies":[{"name":"wp","href":"https:\/\/api.w.org\/{rel}","templated":true}]}}