{"id":3018,"date":"2022-07-05T09:25:01","date_gmt":"2022-07-05T07:25:01","guid":{"rendered":"https:\/\/ekinox.shop\/boutique\/?post_type=product&#038;p=3018"},"modified":"2024-01-29T14:33:21","modified_gmt":"2024-01-29T13:33:21","slug":"bande-deveil-a-la-vigilance-exterieure-waccess-2","status":"publish","type":"product","link":"https:\/\/ekinox.shop\/boutique\/produit\/bande-deveil-a-la-vigilance-exterieure-waccess-2\/","title":{"rendered":"BANDE D\u2019\u00c9VEIL \u00c0 LA VIGILANCE EXT\u00c9RIEURE"},"content":{"rendered":"<p>La bande d\u2019\u00e9veil de vigilance podotactile se positionne avant et parall\u00e8lement \u00e0 une zone \u00e0 risque (escalier, vide, travers\u00e9e dangereuse, passage pour pi\u00e9tons, quai de m\u00e9tro\u2026) pour alerter du danger de chute \u00e0 toute personne s\u2019en approchant. Sa g\u00e9om\u00e9trie en 3D permet la d\u00e9tection du danger par le pied.<\/p>\n<p>Les BEV ext\u00e9rieures ont une tr\u00e8s bonne r\u00e9sistance aux U.V. Plusieurs versions sont disponibles : \u00e0 coller ,auto-adh\u00e9sif ext\u00e9rieur ou \u00e0 visser. Deux finitions : lisse ou larm\u00e9e.<\/p>\n<p>LES + PRODUITS<\/p>\n<p>&nbsp;<\/p>\n<ul>\n<li>Conforme \u00e0 la norme NF P98-351<\/li>\n<li>Inodore<\/li>\n<li>Produit souple, non cassant lors des manipulations<\/li>\n<li>Durable : r\u00e9sistance remarquable aux UV, aux \u00e9carts de<\/li>\n<li>temp\u00e9rature et aux passages intensifs<\/li>\n<li>Version adh\u00e9siv\u00e9e ext\u00e9rieure, tr\u00e8s facile et rapide \u00e0 poser<\/li>\n<li>Finition effet pierre (gris ou beige) pour les BEV granit\u00e9es<\/li>\n<\/ul>\n<p><strong>CARACT\u00c9RISTIQUES<\/strong><\/p>\n<p>&nbsp;<\/p>\n<table style=\"height: 80px; width: 1000px;\" width=\"861\" cellpadding=\"10\">\n<tbody>\n<tr>\n<td><strong>R\u00e9f\u00e9rence<\/strong><\/td>\n<td><strong>Sp\u00e9cialit\u00e9<\/strong><\/td>\n<td><strong>Couleurs<\/strong><\/td>\n<td><strong>Dimensions<\/strong><\/td>\n<td><strong>Mode de pose<\/strong><\/td>\n<td><strong>Usage<\/strong><\/td>\n<td><strong>Mati\u00e8res<\/strong><\/td>\n<td><strong>Nbre BVE coll\u00e9s avec ref 820 520<\/strong><\/td>\n<td><strong>Nbre BVE coll\u00e9s avec ref 820 521<\/strong><\/td>\n<\/tr>\n<tr>\n<td>630 054<\/td>\n<td>Lisse avec t\u00e9moins d&rsquo;usure<\/td>\n<td>Couleurs standards<\/td>\n<td>445 x 400 x 7 mm<\/td>\n<td>A coller<\/td>\n<td>Ext\u00e9rieure<\/td>\n<td>Compound vinylique<\/td>\n<td>4<\/td>\n<td>20<\/td>\n<\/tr>\n<tr>\n<td>630 057 ADH EXT<\/td>\n<td>Lisse avec t\u00e9moins d&rsquo;usure<\/td>\n<td>Couleurs standards<\/td>\n<td>445 x 400 x 7 mm<\/td>\n<td>Adh\u00e9sif butyl<\/td>\n<td>Ext\u00e9rieure<\/td>\n<td>Compound vinylique<\/td>\n<td>4<\/td>\n<td>20<\/td>\n<\/tr>\n<tr>\n<td>630 055<\/td>\n<td>Lisse avec t\u00e9moins d&rsquo;usure<\/td>\n<td>Couleurs standards et granit\u00e9s<\/td>\n<td>815 x 400 x 7 mm<\/td>\n<td>A coller<\/td>\n<td>Ext\u00e9rieure<\/td>\n<td>Compound vinylique<\/td>\n<td>2<\/td>\n<td>10<\/td>\n<\/tr>\n<tr>\n<td>630 058 ADH EXT<\/td>\n<td>Lisse avec t\u00e9moins d&rsquo;usure<\/td>\n<td>Couleurs standards et granit\u00e9es<\/td>\n<td>815 x 400 x 7 mm<\/td>\n<td>Adh\u00e9sif butyl<\/td>\n<td>Ext\u00e9rieure<\/td>\n<td>Compound vinylique<\/td>\n<td>2<\/td>\n<td>10<\/td>\n<\/tr>\n<tr>\n<td>630 078 ADH EXT<\/td>\n<td>\n<ul>\n<li>Surface l&rsquo;arm\u00e9e avec antid\u00e9rapants<\/li>\n<li>Format sp\u00e9cifique voirie<\/li>\n<\/ul>\n<\/td>\n<td>Couleurs standards et granit\u00e9es<\/td>\n<td>590 x 405 x 7 mm<\/td>\n<td>Adh\u00e9sif butyl<\/td>\n<td>Ext\u00e9rieure<\/td>\n<td>Compound vinylique<\/td>\n<td>2<\/td>\n<td>12<\/td>\n<\/tr>\n<tr>\n<td>630 079<\/td>\n<td>\n<ul>\n<li>Surface l&rsquo;arm\u00e9e avec antid\u00e9rapants<\/li>\n<li>Format sp\u00e9cifique voirie<\/li>\n<\/ul>\n<\/td>\n<td>Couleurs standards et granit\u00e9es<\/td>\n<td>590 x 405 x 7 mm<\/td>\n<td>A coller<\/td>\n<td>Ext\u00e9rieure<\/td>\n<td>Compound vinylique<\/td>\n<td>2<\/td>\n<td>12<\/td>\n<\/tr>\n<tr>\n<td>630 077<\/td>\n<td>\n<ul>\n<li>Surface l&rsquo;arm\u00e9e avec antid\u00e9rapants<\/li>\n<li>Pr\u00e9-perc\u00e9<\/li>\n<li>BEV rigide<\/li>\n<li>Format sp\u00e9cifique voirie<\/li>\n<\/ul>\n<\/td>\n<td>Couleurs standards<\/td>\n<td>590 x 405 x 7 mm<\/td>\n<td>A visser,<br \/>\nDiam 0,5 mm<\/td>\n<td>Ext\u00e9rieure<\/td>\n<td>ABS<\/td>\n<td>2<\/td>\n<td>12<\/td>\n<\/tr>\n<tr>\n<td>630 074 ADH EXT<\/td>\n<td>Surface l&rsquo;arm\u00e9e avec antid\u00e9rapants<\/td>\n<td>Couleurs standards<\/td>\n<td>820 x 400 x 7 mm<\/td>\n<td>Adh\u00e9sif butyl<\/td>\n<td>Ext\u00e9rieure<\/td>\n<td>Compound vinylique<\/td>\n<td>2<\/td>\n<td>10<\/td>\n<\/tr>\n<tr>\n<td>630 075<\/td>\n<td>Surface l&rsquo;arm\u00e9e avec antid\u00e9rapants<\/td>\n<td>Couleurs standards<\/td>\n<td>823 x 400 x 7 mm<\/td>\n<td>A coller<\/td>\n<td>Ext\u00e9rieure<\/td>\n<td>Compound vinylique<\/td>\n<td>2<\/td>\n<td>10<\/td>\n<\/tr>\n<tr>\n<td>630 076<\/td>\n<td>\n<ul>\n<li>Surface l&rsquo;arm\u00e9e avec antid\u00e9rapants<\/li>\n<li>Pr\u00e9-perc\u00e9<\/li>\n<li>BEV rigide<\/li>\n<\/ul>\n<\/td>\n<td>Couleurs standards<\/td>\n<td>823 x 400 x 7 mm<\/td>\n<td>A visser,<br \/>\nDiam 0,5 mm<\/td>\n<td>Ext\u00e9rieure<\/td>\n<td>ABS<\/td>\n<td>2<\/td>\n<td>10<\/td>\n<\/tr>\n<tr>\n<td>630 017<\/td>\n<td>Lisse avec t\u00e9moins d&rsquo;usure<\/td>\n<td>Couleurs standards et granit\u00e9es<\/td>\n<td>600 x 600 x 7 mm<br \/>\n(sp\u00e9cifique normes belges)<\/td>\n<td>A coller<\/td>\n<td>Ext\u00e9rieure<\/td>\n<td>Compound vinylique<\/td>\n<td>2<\/td>\n<td>12<\/td>\n<\/tr>\n<tr>\n<td>630 056<\/td>\n<td>Lisse avec t\u00e9moins d&rsquo;usure<\/td>\n<td>Couleurs standards<\/td>\n<td>1350 x 400 x 7 mm<\/td>\n<td>A coller<\/td>\n<td>Ext\u00e9rieure<\/td>\n<td>Compound vinylique<\/td>\n<td>1<\/td>\n<td>5<\/td>\n<\/tr>\n<tr>\n<td>630 059 ADH EXT<\/td>\n<td>Lisse avec t\u00e9moins d&rsquo;usure<\/td>\n<td>Couleurs standards<\/td>\n<td>1350 x 400 x 7 mm<\/td>\n<td>Adh\u00e9sif butyl<\/td>\n<td>Ext\u00e9rieure<\/td>\n<td>Compound vinylique<\/td>\n<td>1<\/td>\n<td>5<\/td>\n<\/tr>\n<\/tbody>\n<\/table>\n","protected":false},"excerpt":{"rendered":"<p>Les BEV ext\u00e9rieures ont une tr\u00e8s bonne r\u00e9sistance aux U.V. Plusieurs versions sont disponibles : \u00e0 coller ,auto-adh\u00e9sif ext\u00e9rieur ou \u00e0 visser. Deux finitions : lisse ou larm\u00e9e.<\/p>\n<p>LES + PRODUITS<\/p>\n<ul>\n<li>Conforme \u00e0 la norme NF P98-351<\/li>\n<li>Inodore<\/li>\n<li>Produit souple, non cassant lors des manipulations<\/li>\n<li>Durable : r\u00e9sistance remarquable aux UV, aux \u00e9carts de<\/li>\n<li>temp\u00e9rature et aux passages intensifs<\/li>\n<li>Version adh\u00e9siv\u00e9e ext\u00e9rieure, tr\u00e8s facile et rapide \u00e0 poser<\/li>\n<li>Finition effet pierre (gris ou beige) pour les BEV granit\u00e9es<\/li>\n<\/ul>\n","protected":false},"featured_media":3009,"template":"","meta":[],"product_brand":[],"product_cat":[49,84,37],"product_tag":[],"class_list":{"0":"post-3018","1":"product","2":"type-product","3":"status-publish","4":"has-post-thumbnail","6":"product_cat-accessibilite-des-pmr","7":"product_cat-bande-d-eveil-de-vigilance-bev","8":"product_cat-protection-des-personnes","10":"first","11":"instock","12":"taxable","13":"shipping-taxable","14":"product-type-simple"},"yoast_head":"<!-- This site is optimized with the Yoast SEO plugin v27.1.1 - https:\/\/yoast.com\/product\/yoast-seo-wordpress\/ -->\n<title>BANDE D\u2019\u00c9VEIL \u00c0 LA VIGILANCE EXT\u00c9RIEURE - Ekinox.shop<\/title>\n<meta name=\"robots\" content=\"index, follow, max-snippet:-1, max-image-preview:large, max-video-preview:-1\" \/>\n<link rel=\"canonical\" href=\"https:\/\/ekinox.shop\/boutique\/produit\/bande-deveil-a-la-vigilance-exterieure-waccess-2\/\" \/>\n<meta property=\"og:locale\" content=\"fr_FR\" \/>\n<meta property=\"og:type\" content=\"article\" \/>\n<meta property=\"og:title\" content=\"BANDE D\u2019\u00c9VEIL \u00c0 LA VIGILANCE EXT\u00c9RIEURE - Ekinox.shop\" \/>\n<meta property=\"og:description\" content=\"Les BEV ext\u00e9rieures ont une tr\u00e8s bonne r\u00e9sistance aux U.V. Plusieurs versions sont disponibles : \u00e0 coller ,auto-adh\u00e9sif ext\u00e9rieur ou \u00e0 visser. Deux finitions : lisse ou larm\u00e9e.  LES + PRODUITS   Conforme \u00e0 la norme NF P98-351  Inodore  Produit souple, non cassant lors des manipulations  Durable : r\u00e9sistance remarquable aux UV, aux \u00e9carts de  temp\u00e9rature et aux passages intensifs  Version adh\u00e9siv\u00e9e ext\u00e9rieure, tr\u00e8s facile et rapide \u00e0 poser  Finition effet pierre (gris ou beige) pour les BEV granit\u00e9es\" \/>\n<meta property=\"og:url\" content=\"https:\/\/ekinox.shop\/boutique\/produit\/bande-deveil-a-la-vigilance-exterieure-waccess-2\/\" \/>\n<meta property=\"og:site_name\" content=\"Ekinox.shop\" \/>\n<meta property=\"article:modified_time\" content=\"2024-01-29T13:33:21+00:00\" \/>\n<meta property=\"og:image\" content=\"https:\/\/ekinox.shop\/boutique\/wp-content\/uploads\/2022\/07\/1991-BANDE-DEVEIL-A-LA-VIGILANCE-EXTERIEURE-WACCESSR.jpg\" \/>\n\t<meta property=\"og:image:width\" content=\"800\" \/>\n\t<meta property=\"og:image:height\" content=\"500\" \/>\n\t<meta property=\"og:image:type\" content=\"image\/jpeg\" \/>\n<meta name=\"twitter:card\" content=\"summary_large_image\" \/>\n<meta name=\"twitter:label1\" content=\"Dur\u00e9e de lecture estim\u00e9e\" \/>\n\t<meta name=\"twitter:data1\" content=\"3 minutes\" \/>\n<script type=\"application\/ld+json\" class=\"yoast-schema-graph\">{\"@context\":\"https:\/\/schema.org\",\"@graph\":[{\"@type\":\"WebPage\",\"@id\":\"https:\/\/ekinox.shop\/boutique\/produit\/bande-deveil-a-la-vigilance-exterieure-waccess-2\/\",\"url\":\"https:\/\/ekinox.shop\/boutique\/produit\/bande-deveil-a-la-vigilance-exterieure-waccess-2\/\",\"name\":\"BANDE D\u2019\u00c9VEIL \u00c0 LA VIGILANCE EXT\u00c9RIEURE - Ekinox.shop\",\"isPartOf\":{\"@id\":\"https:\/\/ekinox.shop\/boutique\/#website\"},\"primaryImageOfPage\":{\"@id\":\"https:\/\/ekinox.shop\/boutique\/produit\/bande-deveil-a-la-vigilance-exterieure-waccess-2\/#primaryimage\"},\"image\":{\"@id\":\"https:\/\/ekinox.shop\/boutique\/produit\/bande-deveil-a-la-vigilance-exterieure-waccess-2\/#primaryimage\"},\"thumbnailUrl\":\"https:\/\/ekinox.shop\/boutique\/wp-content\/uploads\/2022\/07\/1991-BANDE-DEVEIL-A-LA-VIGILANCE-EXTERIEURE-WACCESSR.jpg\",\"datePublished\":\"2022-07-05T07:25:01+00:00\",\"dateModified\":\"2024-01-29T13:33:21+00:00\",\"breadcrumb\":{\"@id\":\"https:\/\/ekinox.shop\/boutique\/produit\/bande-deveil-a-la-vigilance-exterieure-waccess-2\/#breadcrumb\"},\"inLanguage\":\"fr-FR\",\"potentialAction\":[{\"@type\":\"ReadAction\",\"target\":[\"https:\/\/ekinox.shop\/boutique\/produit\/bande-deveil-a-la-vigilance-exterieure-waccess-2\/\"]}]},{\"@type\":\"ImageObject\",\"inLanguage\":\"fr-FR\",\"@id\":\"https:\/\/ekinox.shop\/boutique\/produit\/bande-deveil-a-la-vigilance-exterieure-waccess-2\/#primaryimage\",\"url\":\"https:\/\/ekinox.shop\/boutique\/wp-content\/uploads\/2022\/07\/1991-BANDE-DEVEIL-A-LA-VIGILANCE-EXTERIEURE-WACCESSR.jpg\",\"contentUrl\":\"https:\/\/ekinox.shop\/boutique\/wp-content\/uploads\/2022\/07\/1991-BANDE-DEVEIL-A-LA-VIGILANCE-EXTERIEURE-WACCESSR.jpg\",\"width\":800,\"height\":500,\"caption\":\"BANDE D\u2019\u00c9VEIL \u00c0 LA VIGILANCE EXT\u00c9RIEURE WACCESS\u00ae\"},{\"@type\":\"BreadcrumbList\",\"@id\":\"https:\/\/ekinox.shop\/boutique\/produit\/bande-deveil-a-la-vigilance-exterieure-waccess-2\/#breadcrumb\",\"itemListElement\":[{\"@type\":\"ListItem\",\"position\":1,\"name\":\"Accueil\",\"item\":\"https:\/\/ekinox.shop\/boutique\/\"},{\"@type\":\"ListItem\",\"position\":2,\"name\":\"Shop\",\"item\":\"https:\/\/ekinox.shop\/boutique\/shop\/\"},{\"@type\":\"ListItem\",\"position\":3,\"name\":\"PROTECTION DES PERSONNES\",\"item\":\"https:\/\/ekinox.shop\/boutique\/categorie-produit\/protection-des-personnes\/\"},{\"@type\":\"ListItem\",\"position\":4,\"name\":\"ACCESSIBILIT\u00c9 DES PMR\",\"item\":\"https:\/\/ekinox.shop\/boutique\/categorie-produit\/protection-des-personnes\/accessibilite-des-pmr\/\"},{\"@type\":\"ListItem\",\"position\":5,\"name\":\"BANDE D'EVEIL DE VIGILANCE (B.E.V.)\",\"item\":\"https:\/\/ekinox.shop\/boutique\/categorie-produit\/protection-des-personnes\/accessibilite-des-pmr\/bande-d-eveil-de-vigilance-bev\/\"},{\"@type\":\"ListItem\",\"position\":6,\"name\":\"BANDE D\u2019\u00c9VEIL \u00c0 LA VIGILANCE EXT\u00c9RIEURE\"}]},{\"@type\":\"WebSite\",\"@id\":\"https:\/\/ekinox.shop\/boutique\/#website\",\"url\":\"https:\/\/ekinox.shop\/boutique\/\",\"name\":\"Ekinox.shop\",\"description\":\"Votre garde-corps inox ou aluminium sur-mesure\",\"publisher\":{\"@id\":\"https:\/\/ekinox.shop\/boutique\/#organization\"},\"potentialAction\":[{\"@type\":\"SearchAction\",\"target\":{\"@type\":\"EntryPoint\",\"urlTemplate\":\"https:\/\/ekinox.shop\/boutique\/?s={search_term_string}\"},\"query-input\":{\"@type\":\"PropertyValueSpecification\",\"valueRequired\":true,\"valueName\":\"search_term_string\"}}],\"inLanguage\":\"fr-FR\"},{\"@type\":\"Organization\",\"@id\":\"https:\/\/ekinox.shop\/boutique\/#organization\",\"name\":\"Ekinox.shop\",\"url\":\"https:\/\/ekinox.shop\/boutique\/\",\"logo\":{\"@type\":\"ImageObject\",\"inLanguage\":\"fr-FR\",\"@id\":\"https:\/\/ekinox.shop\/boutique\/#\/schema\/logo\/image\/\",\"url\":\"https:\/\/ekinox.shop\/boutique\/wp-content\/uploads\/2023\/06\/LOGO_EKINOX.svg\",\"contentUrl\":\"https:\/\/ekinox.shop\/boutique\/wp-content\/uploads\/2023\/06\/LOGO_EKINOX.svg\",\"width\":1,\"height\":1,\"caption\":\"Ekinox.shop\"},\"image\":{\"@id\":\"https:\/\/ekinox.shop\/boutique\/#\/schema\/logo\/image\/\"}}]}<\/script>\n<!-- \/ Yoast SEO plugin. -->","yoast_head_json":{"title":"BANDE D\u2019\u00c9VEIL \u00c0 LA VIGILANCE EXT\u00c9RIEURE - Ekinox.shop","robots":{"index":"index","follow":"follow","max-snippet":"max-snippet:-1","max-image-preview":"max-image-preview:large","max-video-preview":"max-video-preview:-1"},"canonical":"https:\/\/ekinox.shop\/boutique\/produit\/bande-deveil-a-la-vigilance-exterieure-waccess-2\/","og_locale":"fr_FR","og_type":"article","og_title":"BANDE D\u2019\u00c9VEIL \u00c0 LA VIGILANCE EXT\u00c9RIEURE - Ekinox.shop","og_description":"Les BEV ext\u00e9rieures ont une tr\u00e8s bonne r\u00e9sistance aux U.V. Plusieurs versions sont disponibles : \u00e0 coller ,auto-adh\u00e9sif ext\u00e9rieur ou \u00e0 visser. Deux finitions : lisse ou larm\u00e9e.  LES + PRODUITS   Conforme \u00e0 la norme NF P98-351  Inodore  Produit souple, non cassant lors des manipulations  Durable : r\u00e9sistance remarquable aux UV, aux \u00e9carts de  temp\u00e9rature et aux passages intensifs  Version adh\u00e9siv\u00e9e ext\u00e9rieure, tr\u00e8s facile et rapide \u00e0 poser  Finition effet pierre (gris ou beige) pour les BEV granit\u00e9es","og_url":"https:\/\/ekinox.shop\/boutique\/produit\/bande-deveil-a-la-vigilance-exterieure-waccess-2\/","og_site_name":"Ekinox.shop","article_modified_time":"2024-01-29T13:33:21+00:00","og_image":[{"width":800,"height":500,"url":"https:\/\/ekinox.shop\/boutique\/wp-content\/uploads\/2022\/07\/1991-BANDE-DEVEIL-A-LA-VIGILANCE-EXTERIEURE-WACCESSR.jpg","type":"image\/jpeg"}],"twitter_card":"summary_large_image","twitter_misc":{"Dur\u00e9e de lecture estim\u00e9e":"3 minutes"},"schema":{"@context":"https:\/\/schema.org","@graph":[{"@type":"WebPage","@id":"https:\/\/ekinox.shop\/boutique\/produit\/bande-deveil-a-la-vigilance-exterieure-waccess-2\/","url":"https:\/\/ekinox.shop\/boutique\/produit\/bande-deveil-a-la-vigilance-exterieure-waccess-2\/","name":"BANDE D\u2019\u00c9VEIL \u00c0 LA VIGILANCE EXT\u00c9RIEURE - Ekinox.shop","isPartOf":{"@id":"https:\/\/ekinox.shop\/boutique\/#website"},"primaryImageOfPage":{"@id":"https:\/\/ekinox.shop\/boutique\/produit\/bande-deveil-a-la-vigilance-exterieure-waccess-2\/#primaryimage"},"image":{"@id":"https:\/\/ekinox.shop\/boutique\/produit\/bande-deveil-a-la-vigilance-exterieure-waccess-2\/#primaryimage"},"thumbnailUrl":"https:\/\/ekinox.shop\/boutique\/wp-content\/uploads\/2022\/07\/1991-BANDE-DEVEIL-A-LA-VIGILANCE-EXTERIEURE-WACCESSR.jpg","datePublished":"2022-07-05T07:25:01+00:00","dateModified":"2024-01-29T13:33:21+00:00","breadcrumb":{"@id":"https:\/\/ekinox.shop\/boutique\/produit\/bande-deveil-a-la-vigilance-exterieure-waccess-2\/#breadcrumb"},"inLanguage":"fr-FR","potentialAction":[{"@type":"ReadAction","target":["https:\/\/ekinox.shop\/boutique\/produit\/bande-deveil-a-la-vigilance-exterieure-waccess-2\/"]}]},{"@type":"ImageObject","inLanguage":"fr-FR","@id":"https:\/\/ekinox.shop\/boutique\/produit\/bande-deveil-a-la-vigilance-exterieure-waccess-2\/#primaryimage","url":"https:\/\/ekinox.shop\/boutique\/wp-content\/uploads\/2022\/07\/1991-BANDE-DEVEIL-A-LA-VIGILANCE-EXTERIEURE-WACCESSR.jpg","contentUrl":"https:\/\/ekinox.shop\/boutique\/wp-content\/uploads\/2022\/07\/1991-BANDE-DEVEIL-A-LA-VIGILANCE-EXTERIEURE-WACCESSR.jpg","width":800,"height":500,"caption":"BANDE D\u2019\u00c9VEIL \u00c0 LA VIGILANCE EXT\u00c9RIEURE WACCESS\u00ae"},{"@type":"BreadcrumbList","@id":"https:\/\/ekinox.shop\/boutique\/produit\/bande-deveil-a-la-vigilance-exterieure-waccess-2\/#breadcrumb","itemListElement":[{"@type":"ListItem","position":1,"name":"Accueil","item":"https:\/\/ekinox.shop\/boutique\/"},{"@type":"ListItem","position":2,"name":"Shop","item":"https:\/\/ekinox.shop\/boutique\/shop\/"},{"@type":"ListItem","position":3,"name":"PROTECTION DES PERSONNES","item":"https:\/\/ekinox.shop\/boutique\/categorie-produit\/protection-des-personnes\/"},{"@type":"ListItem","position":4,"name":"ACCESSIBILIT\u00c9 DES PMR","item":"https:\/\/ekinox.shop\/boutique\/categorie-produit\/protection-des-personnes\/accessibilite-des-pmr\/"},{"@type":"ListItem","position":5,"name":"BANDE D'EVEIL DE VIGILANCE (B.E.V.)","item":"https:\/\/ekinox.shop\/boutique\/categorie-produit\/protection-des-personnes\/accessibilite-des-pmr\/bande-d-eveil-de-vigilance-bev\/"},{"@type":"ListItem","position":6,"name":"BANDE D\u2019\u00c9VEIL \u00c0 LA VIGILANCE EXT\u00c9RIEURE"}]},{"@type":"WebSite","@id":"https:\/\/ekinox.shop\/boutique\/#website","url":"https:\/\/ekinox.shop\/boutique\/","name":"Ekinox.shop","description":"Votre garde-corps inox ou aluminium sur-mesure","publisher":{"@id":"https:\/\/ekinox.shop\/boutique\/#organization"},"potentialAction":[{"@type":"SearchAction","target":{"@type":"EntryPoint","urlTemplate":"https:\/\/ekinox.shop\/boutique\/?s={search_term_string}"},"query-input":{"@type":"PropertyValueSpecification","valueRequired":true,"valueName":"search_term_string"}}],"inLanguage":"fr-FR"},{"@type":"Organization","@id":"https:\/\/ekinox.shop\/boutique\/#organization","name":"Ekinox.shop","url":"https:\/\/ekinox.shop\/boutique\/","logo":{"@type":"ImageObject","inLanguage":"fr-FR","@id":"https:\/\/ekinox.shop\/boutique\/#\/schema\/logo\/image\/","url":"https:\/\/ekinox.shop\/boutique\/wp-content\/uploads\/2023\/06\/LOGO_EKINOX.svg","contentUrl":"https:\/\/ekinox.shop\/boutique\/wp-content\/uploads\/2023\/06\/LOGO_EKINOX.svg","width":1,"height":1,"caption":"Ekinox.shop"},"image":{"@id":"https:\/\/ekinox.shop\/boutique\/#\/schema\/logo\/image\/"}}]}},"jetpack_sharing_enabled":true,"_links":{"self":[{"href":"https:\/\/ekinox.shop\/boutique\/wp-json\/wp\/v2\/product\/3018","targetHints":{"allow":["GET"]}}],"collection":[{"href":"https:\/\/ekinox.shop\/boutique\/wp-json\/wp\/v2\/product"}],"about":[{"href":"https:\/\/ekinox.shop\/boutique\/wp-json\/wp\/v2\/types\/product"}],"wp:featuredmedia":[{"embeddable":true,"href":"https:\/\/ekinox.shop\/boutique\/wp-json\/wp\/v2\/media\/3009"}],"wp:attachment":[{"href":"https:\/\/ekinox.shop\/boutique\/wp-json\/wp\/v2\/media?parent=3018"}],"wp:term":[{"taxonomy":"product_brand","embeddable":true,"href":"https:\/\/ekinox.shop\/boutique\/wp-json\/wp\/v2\/product_brand?post=3018"},{"taxonomy":"product_cat","embeddable":true,"href":"https:\/\/ekinox.shop\/boutique\/wp-json\/wp\/v2\/product_cat?post=3018"},{"taxonomy":"product_tag","embeddable":true,"href":"https:\/\/ekinox.shop\/boutique\/wp-json\/wp\/v2\/product_tag?post=3018"}],"curies":[{"name":"wp","href":"https:\/\/api.w.org\/{rel}","templated":true}]}}