{"id":3074,"date":"2022-07-05T11:49:22","date_gmt":"2022-07-05T09:49:22","guid":{"rendered":"https:\/\/ekinox.shop\/boutique\/?post_type=product&#038;p=3074"},"modified":"2024-01-29T14:30:15","modified_gmt":"2024-01-29T13:30:15","slug":"rampe-dacces-ressaut-waccess","status":"publish","type":"product","link":"https:\/\/ekinox.shop\/boutique\/produit\/rampe-dacces-ressaut-waccess\/","title":{"rendered":"RAMPE D\u2019ACC\u00c8S RESSAUT"},"content":{"rendered":"<p>Les rampes d\u2019acc\u00e8s rendent le franchissement d\u2019obstacles de diff\u00e9rents niveaux accessible aux personnes en fauteuil roulant<\/p>\n<p>Sp\u00e9cialement con\u00e7ue pour franchir des \u00e9carts de faibles niveaux (type ressauts), inf\u00e9rieurs \u00e0 4 cm. Autoportante, \u00e0 coller ou adh\u00e9siv\u00e9e pour l\u2019int\u00e9rieur ou l\u2019ext\u00e9rieur.<\/p>\n<p>LES + PRODUITS<\/p>\n<ul>\n<li>Facile \u00e0 transporter et \u00e0 mettre en place<\/li>\n<li>Auto-portante<\/li>\n<li>Large choix selon la hauteur de l\u2019obstacle \u00e0 franchir<\/li>\n<li>Supporte 300kg<\/li>\n<\/ul>\n<p><strong>CARACT\u00c9RISTIQUES<\/strong><\/p>\n<table style=\"height: 80px; width: 1000px;\" width=\"861\" cellpadding=\"10\">\n<tbody>\n<tr>\n<td><strong>R\u00e9f\u00e9rence<\/strong><\/td>\n<td><strong>Dimensions<\/strong><\/td>\n<td><b>Hauteur de franchissement maximum<\/b><\/td>\n<td><b>Mode de pose<\/b><\/td>\n<td><b>Environnement d&rsquo;usage<\/b><\/td>\n<td><b>Mati\u00e8re<\/b><\/td>\n<\/tr>\n<tr>\n<td>629 996<\/td>\n<td>1 m x 150 mm x 40 mm<\/td>\n<td>4 cm<\/td>\n<td>A coller ou auto-plombant<\/td>\n<td>Int\u00e9rieur\/ext\u00e9rieur<\/td>\n<td>SEBS<\/td>\n<\/tr>\n<tr>\n<td>629 998<\/td>\n<td>1 m x 110 mm x 30 mm<\/td>\n<td>3 cm<\/td>\n<td>A coller ou auto-plombant<\/td>\n<td>Int\u00e9rieur\/ext\u00e9rieur<\/td>\n<td>SEBS<\/td>\n<\/tr>\n<tr>\n<td>630 000<\/td>\n<td>1 m x 70 mm x 20 mm<\/td>\n<td>2 cm<\/td>\n<td>A coller ou auto-plombant<\/td>\n<td>Int\u00e9rieur\/ext\u00e9rieur<\/td>\n<td>SEBS<\/td>\n<\/tr>\n<tr>\n<td>629 996 ADH<\/td>\n<td>1 m x 150 mm x 40 mm<\/td>\n<td>4 cm<\/td>\n<td>Auto-adh\u00e9sif int\u00e9rieur<\/td>\n<td>Int\u00e9rieur<\/td>\n<td>SEBS<\/td>\n<\/tr>\n<tr>\n<td>629 998 ADH<\/td>\n<td>1 m x 110 mm x 30 mm<\/td>\n<td>3 cm<\/td>\n<td>Auto-adh\u00e9sif int\u00e9rieur<\/td>\n<td>Int\u00e9rieur<\/td>\n<td>SEBS<\/td>\n<\/tr>\n<tr>\n<td>630 000 ADH<\/td>\n<td>1 m x 70 mm x 20 mm<\/td>\n<td>2cm<\/td>\n<td>Auto-adh\u00e9sif int\u00e9rieur<\/td>\n<td>Int\u00e9rieur<\/td>\n<td>SEBS<\/td>\n<\/tr>\n<tr>\n<td>630 996 ADH EXT<\/td>\n<td>1 m x 150 mm x 40 mm<\/td>\n<td>4 cm<\/td>\n<td>Auto-adh\u00e9sif sp\u00e9cial ext\u00e9rieur<\/td>\n<td>Ext\u00e9rieur<\/td>\n<td>SEBS<\/td>\n<\/tr>\n<tr>\n<td>630 998 ADH EXT<\/td>\n<td>1 m x 110 mm x 30 mm<\/td>\n<td>3 cm<\/td>\n<td>Auto-adh\u00e9sif sp\u00e9cial ext\u00e9rieur<\/td>\n<td>Ext\u00e9rieur<\/td>\n<td>SEBS<\/td>\n<\/tr>\n<tr>\n<td>630 000 ADH EXT<\/td>\n<td>1 m x 70 mm x 20 mm<\/td>\n<td>2 cm<\/td>\n<td>Auto-adh\u00e9sif sp\u00e9cial ext\u00e9rieur<\/td>\n<td>Ext\u00e9rieur<\/td>\n<td>SEBS<\/td>\n<\/tr>\n<\/tbody>\n<\/table>\n","protected":false},"excerpt":{"rendered":"<p>Sp\u00e9cialement con\u00e7ue pour franchir des \u00e9carts de faibles niveaux (type ressauts), inf\u00e9rieurs \u00e0 4 cm. Autoportante, \u00e0 coller ou adh\u00e9siv\u00e9e pour l\u2019int\u00e9rieur ou l\u2019ext\u00e9rieur.<\/p>\n<p>LES + PRODUITS<\/p>\n<ul>\n<li>Facile \u00e0 transporter et \u00e0 mettre en place<\/li>\n<li>Auto-portante<\/li>\n<li>Large choix selon la hauteur de l\u2019obstacle \u00e0 franchir<\/li>\n<li>Supporte 300kg<\/li>\n<\/ul>\n","protected":false},"featured_media":3060,"template":"","meta":[],"product_brand":[],"product_cat":[49,37,85],"product_tag":[],"class_list":{"0":"post-3074","1":"product","2":"type-product","3":"status-publish","4":"has-post-thumbnail","6":"product_cat-accessibilite-des-pmr","7":"product_cat-protection-des-personnes","8":"product_cat-rampe-d-acces","10":"first","11":"instock","12":"taxable","13":"shipping-taxable","14":"product-type-simple"},"yoast_head":"<!-- This site is optimized with the Yoast SEO plugin v27.1.1 - https:\/\/yoast.com\/product\/yoast-seo-wordpress\/ -->\n<title>RAMPE D\u2019ACC\u00c8S RESSAUT - Ekinox.shop<\/title>\n<meta name=\"robots\" content=\"index, follow, max-snippet:-1, max-image-preview:large, max-video-preview:-1\" \/>\n<link rel=\"canonical\" href=\"https:\/\/ekinox.shop\/boutique\/produit\/rampe-dacces-ressaut-waccess\/\" \/>\n<meta property=\"og:locale\" content=\"fr_FR\" \/>\n<meta property=\"og:type\" content=\"article\" \/>\n<meta property=\"og:title\" content=\"RAMPE D\u2019ACC\u00c8S RESSAUT - Ekinox.shop\" \/>\n<meta property=\"og:description\" content=\"Sp\u00e9cialement con\u00e7ue pour franchir des \u00e9carts de faibles niveaux (type ressauts), inf\u00e9rieurs \u00e0 4 cm. Autoportante, \u00e0 coller ou adh\u00e9siv\u00e9e pour l\u2019int\u00e9rieur ou l\u2019ext\u00e9rieur.  LES + PRODUITS   Facile \u00e0 transporter et \u00e0 mettre en place  Auto-portante  Large choix selon la hauteur de l\u2019obstacle \u00e0 franchir  Supporte 300kg\" \/>\n<meta property=\"og:url\" content=\"https:\/\/ekinox.shop\/boutique\/produit\/rampe-dacces-ressaut-waccess\/\" \/>\n<meta property=\"og:site_name\" content=\"Ekinox.shop\" \/>\n<meta property=\"article:modified_time\" content=\"2024-01-29T13:30:15+00:00\" \/>\n<meta property=\"og:image\" content=\"https:\/\/ekinox.shop\/boutique\/wp-content\/uploads\/2022\/07\/2046-RAMPE-DACCES-RESSAUT-WACCESSR.jpg\" \/>\n\t<meta property=\"og:image:width\" content=\"800\" \/>\n\t<meta property=\"og:image:height\" content=\"500\" \/>\n\t<meta property=\"og:image:type\" content=\"image\/jpeg\" \/>\n<meta name=\"twitter:card\" content=\"summary_large_image\" \/>\n<meta name=\"twitter:label1\" content=\"Dur\u00e9e de lecture estim\u00e9e\" \/>\n\t<meta name=\"twitter:data1\" content=\"2 minutes\" \/>\n<script type=\"application\/ld+json\" class=\"yoast-schema-graph\">{\"@context\":\"https:\/\/schema.org\",\"@graph\":[{\"@type\":\"WebPage\",\"@id\":\"https:\/\/ekinox.shop\/boutique\/produit\/rampe-dacces-ressaut-waccess\/\",\"url\":\"https:\/\/ekinox.shop\/boutique\/produit\/rampe-dacces-ressaut-waccess\/\",\"name\":\"RAMPE D\u2019ACC\u00c8S RESSAUT - Ekinox.shop\",\"isPartOf\":{\"@id\":\"https:\/\/ekinox.shop\/boutique\/#website\"},\"primaryImageOfPage\":{\"@id\":\"https:\/\/ekinox.shop\/boutique\/produit\/rampe-dacces-ressaut-waccess\/#primaryimage\"},\"image\":{\"@id\":\"https:\/\/ekinox.shop\/boutique\/produit\/rampe-dacces-ressaut-waccess\/#primaryimage\"},\"thumbnailUrl\":\"https:\/\/ekinox.shop\/boutique\/wp-content\/uploads\/2022\/07\/2046-RAMPE-DACCES-RESSAUT-WACCESSR.jpg\",\"datePublished\":\"2022-07-05T09:49:22+00:00\",\"dateModified\":\"2024-01-29T13:30:15+00:00\",\"breadcrumb\":{\"@id\":\"https:\/\/ekinox.shop\/boutique\/produit\/rampe-dacces-ressaut-waccess\/#breadcrumb\"},\"inLanguage\":\"fr-FR\",\"potentialAction\":[{\"@type\":\"ReadAction\",\"target\":[\"https:\/\/ekinox.shop\/boutique\/produit\/rampe-dacces-ressaut-waccess\/\"]}]},{\"@type\":\"ImageObject\",\"inLanguage\":\"fr-FR\",\"@id\":\"https:\/\/ekinox.shop\/boutique\/produit\/rampe-dacces-ressaut-waccess\/#primaryimage\",\"url\":\"https:\/\/ekinox.shop\/boutique\/wp-content\/uploads\/2022\/07\/2046-RAMPE-DACCES-RESSAUT-WACCESSR.jpg\",\"contentUrl\":\"https:\/\/ekinox.shop\/boutique\/wp-content\/uploads\/2022\/07\/2046-RAMPE-DACCES-RESSAUT-WACCESSR.jpg\",\"width\":800,\"height\":500,\"caption\":\"RAMPE D\u2019ACC\u00c8S RESSAUT WACCESS\u00ae\"},{\"@type\":\"BreadcrumbList\",\"@id\":\"https:\/\/ekinox.shop\/boutique\/produit\/rampe-dacces-ressaut-waccess\/#breadcrumb\",\"itemListElement\":[{\"@type\":\"ListItem\",\"position\":1,\"name\":\"Accueil\",\"item\":\"https:\/\/ekinox.shop\/boutique\/\"},{\"@type\":\"ListItem\",\"position\":2,\"name\":\"Shop\",\"item\":\"https:\/\/ekinox.shop\/boutique\/shop\/\"},{\"@type\":\"ListItem\",\"position\":3,\"name\":\"PROTECTION DES PERSONNES\",\"item\":\"https:\/\/ekinox.shop\/boutique\/categorie-produit\/protection-des-personnes\/\"},{\"@type\":\"ListItem\",\"position\":4,\"name\":\"ACCESSIBILIT\u00c9 DES PMR\",\"item\":\"https:\/\/ekinox.shop\/boutique\/categorie-produit\/protection-des-personnes\/accessibilite-des-pmr\/\"},{\"@type\":\"ListItem\",\"position\":5,\"name\":\"RAMPE D'ACC\u00c8S\",\"item\":\"https:\/\/ekinox.shop\/boutique\/categorie-produit\/protection-des-personnes\/accessibilite-des-pmr\/rampe-d-acces\/\"},{\"@type\":\"ListItem\",\"position\":6,\"name\":\"RAMPE D\u2019ACC\u00c8S RESSAUT\"}]},{\"@type\":\"WebSite\",\"@id\":\"https:\/\/ekinox.shop\/boutique\/#website\",\"url\":\"https:\/\/ekinox.shop\/boutique\/\",\"name\":\"Ekinox.shop\",\"description\":\"Votre garde-corps inox ou aluminium sur-mesure\",\"publisher\":{\"@id\":\"https:\/\/ekinox.shop\/boutique\/#organization\"},\"potentialAction\":[{\"@type\":\"SearchAction\",\"target\":{\"@type\":\"EntryPoint\",\"urlTemplate\":\"https:\/\/ekinox.shop\/boutique\/?s={search_term_string}\"},\"query-input\":{\"@type\":\"PropertyValueSpecification\",\"valueRequired\":true,\"valueName\":\"search_term_string\"}}],\"inLanguage\":\"fr-FR\"},{\"@type\":\"Organization\",\"@id\":\"https:\/\/ekinox.shop\/boutique\/#organization\",\"name\":\"Ekinox.shop\",\"url\":\"https:\/\/ekinox.shop\/boutique\/\",\"logo\":{\"@type\":\"ImageObject\",\"inLanguage\":\"fr-FR\",\"@id\":\"https:\/\/ekinox.shop\/boutique\/#\/schema\/logo\/image\/\",\"url\":\"https:\/\/ekinox.shop\/boutique\/wp-content\/uploads\/2023\/06\/LOGO_EKINOX.svg\",\"contentUrl\":\"https:\/\/ekinox.shop\/boutique\/wp-content\/uploads\/2023\/06\/LOGO_EKINOX.svg\",\"width\":1,\"height\":1,\"caption\":\"Ekinox.shop\"},\"image\":{\"@id\":\"https:\/\/ekinox.shop\/boutique\/#\/schema\/logo\/image\/\"}}]}<\/script>\n<!-- \/ Yoast SEO plugin. -->","yoast_head_json":{"title":"RAMPE D\u2019ACC\u00c8S RESSAUT - Ekinox.shop","robots":{"index":"index","follow":"follow","max-snippet":"max-snippet:-1","max-image-preview":"max-image-preview:large","max-video-preview":"max-video-preview:-1"},"canonical":"https:\/\/ekinox.shop\/boutique\/produit\/rampe-dacces-ressaut-waccess\/","og_locale":"fr_FR","og_type":"article","og_title":"RAMPE D\u2019ACC\u00c8S RESSAUT - Ekinox.shop","og_description":"Sp\u00e9cialement con\u00e7ue pour franchir des \u00e9carts de faibles niveaux (type ressauts), inf\u00e9rieurs \u00e0 4 cm. Autoportante, \u00e0 coller ou adh\u00e9siv\u00e9e pour l\u2019int\u00e9rieur ou l\u2019ext\u00e9rieur.  LES + PRODUITS   Facile \u00e0 transporter et \u00e0 mettre en place  Auto-portante  Large choix selon la hauteur de l\u2019obstacle \u00e0 franchir  Supporte 300kg","og_url":"https:\/\/ekinox.shop\/boutique\/produit\/rampe-dacces-ressaut-waccess\/","og_site_name":"Ekinox.shop","article_modified_time":"2024-01-29T13:30:15+00:00","og_image":[{"width":800,"height":500,"url":"https:\/\/ekinox.shop\/boutique\/wp-content\/uploads\/2022\/07\/2046-RAMPE-DACCES-RESSAUT-WACCESSR.jpg","type":"image\/jpeg"}],"twitter_card":"summary_large_image","twitter_misc":{"Dur\u00e9e de lecture estim\u00e9e":"2 minutes"},"schema":{"@context":"https:\/\/schema.org","@graph":[{"@type":"WebPage","@id":"https:\/\/ekinox.shop\/boutique\/produit\/rampe-dacces-ressaut-waccess\/","url":"https:\/\/ekinox.shop\/boutique\/produit\/rampe-dacces-ressaut-waccess\/","name":"RAMPE D\u2019ACC\u00c8S RESSAUT - Ekinox.shop","isPartOf":{"@id":"https:\/\/ekinox.shop\/boutique\/#website"},"primaryImageOfPage":{"@id":"https:\/\/ekinox.shop\/boutique\/produit\/rampe-dacces-ressaut-waccess\/#primaryimage"},"image":{"@id":"https:\/\/ekinox.shop\/boutique\/produit\/rampe-dacces-ressaut-waccess\/#primaryimage"},"thumbnailUrl":"https:\/\/ekinox.shop\/boutique\/wp-content\/uploads\/2022\/07\/2046-RAMPE-DACCES-RESSAUT-WACCESSR.jpg","datePublished":"2022-07-05T09:49:22+00:00","dateModified":"2024-01-29T13:30:15+00:00","breadcrumb":{"@id":"https:\/\/ekinox.shop\/boutique\/produit\/rampe-dacces-ressaut-waccess\/#breadcrumb"},"inLanguage":"fr-FR","potentialAction":[{"@type":"ReadAction","target":["https:\/\/ekinox.shop\/boutique\/produit\/rampe-dacces-ressaut-waccess\/"]}]},{"@type":"ImageObject","inLanguage":"fr-FR","@id":"https:\/\/ekinox.shop\/boutique\/produit\/rampe-dacces-ressaut-waccess\/#primaryimage","url":"https:\/\/ekinox.shop\/boutique\/wp-content\/uploads\/2022\/07\/2046-RAMPE-DACCES-RESSAUT-WACCESSR.jpg","contentUrl":"https:\/\/ekinox.shop\/boutique\/wp-content\/uploads\/2022\/07\/2046-RAMPE-DACCES-RESSAUT-WACCESSR.jpg","width":800,"height":500,"caption":"RAMPE D\u2019ACC\u00c8S RESSAUT WACCESS\u00ae"},{"@type":"BreadcrumbList","@id":"https:\/\/ekinox.shop\/boutique\/produit\/rampe-dacces-ressaut-waccess\/#breadcrumb","itemListElement":[{"@type":"ListItem","position":1,"name":"Accueil","item":"https:\/\/ekinox.shop\/boutique\/"},{"@type":"ListItem","position":2,"name":"Shop","item":"https:\/\/ekinox.shop\/boutique\/shop\/"},{"@type":"ListItem","position":3,"name":"PROTECTION DES PERSONNES","item":"https:\/\/ekinox.shop\/boutique\/categorie-produit\/protection-des-personnes\/"},{"@type":"ListItem","position":4,"name":"ACCESSIBILIT\u00c9 DES PMR","item":"https:\/\/ekinox.shop\/boutique\/categorie-produit\/protection-des-personnes\/accessibilite-des-pmr\/"},{"@type":"ListItem","position":5,"name":"RAMPE D'ACC\u00c8S","item":"https:\/\/ekinox.shop\/boutique\/categorie-produit\/protection-des-personnes\/accessibilite-des-pmr\/rampe-d-acces\/"},{"@type":"ListItem","position":6,"name":"RAMPE D\u2019ACC\u00c8S RESSAUT"}]},{"@type":"WebSite","@id":"https:\/\/ekinox.shop\/boutique\/#website","url":"https:\/\/ekinox.shop\/boutique\/","name":"Ekinox.shop","description":"Votre garde-corps inox ou aluminium sur-mesure","publisher":{"@id":"https:\/\/ekinox.shop\/boutique\/#organization"},"potentialAction":[{"@type":"SearchAction","target":{"@type":"EntryPoint","urlTemplate":"https:\/\/ekinox.shop\/boutique\/?s={search_term_string}"},"query-input":{"@type":"PropertyValueSpecification","valueRequired":true,"valueName":"search_term_string"}}],"inLanguage":"fr-FR"},{"@type":"Organization","@id":"https:\/\/ekinox.shop\/boutique\/#organization","name":"Ekinox.shop","url":"https:\/\/ekinox.shop\/boutique\/","logo":{"@type":"ImageObject","inLanguage":"fr-FR","@id":"https:\/\/ekinox.shop\/boutique\/#\/schema\/logo\/image\/","url":"https:\/\/ekinox.shop\/boutique\/wp-content\/uploads\/2023\/06\/LOGO_EKINOX.svg","contentUrl":"https:\/\/ekinox.shop\/boutique\/wp-content\/uploads\/2023\/06\/LOGO_EKINOX.svg","width":1,"height":1,"caption":"Ekinox.shop"},"image":{"@id":"https:\/\/ekinox.shop\/boutique\/#\/schema\/logo\/image\/"}}]}},"jetpack_sharing_enabled":true,"_links":{"self":[{"href":"https:\/\/ekinox.shop\/boutique\/wp-json\/wp\/v2\/product\/3074","targetHints":{"allow":["GET"]}}],"collection":[{"href":"https:\/\/ekinox.shop\/boutique\/wp-json\/wp\/v2\/product"}],"about":[{"href":"https:\/\/ekinox.shop\/boutique\/wp-json\/wp\/v2\/types\/product"}],"wp:featuredmedia":[{"embeddable":true,"href":"https:\/\/ekinox.shop\/boutique\/wp-json\/wp\/v2\/media\/3060"}],"wp:attachment":[{"href":"https:\/\/ekinox.shop\/boutique\/wp-json\/wp\/v2\/media?parent=3074"}],"wp:term":[{"taxonomy":"product_brand","embeddable":true,"href":"https:\/\/ekinox.shop\/boutique\/wp-json\/wp\/v2\/product_brand?post=3074"},{"taxonomy":"product_cat","embeddable":true,"href":"https:\/\/ekinox.shop\/boutique\/wp-json\/wp\/v2\/product_cat?post=3074"},{"taxonomy":"product_tag","embeddable":true,"href":"https:\/\/ekinox.shop\/boutique\/wp-json\/wp\/v2\/product_tag?post=3074"}],"curies":[{"name":"wp","href":"https:\/\/api.w.org\/{rel}","templated":true}]}}