{"id":3093,"date":"2022-07-05T12:23:26","date_gmt":"2022-07-05T10:23:26","guid":{"rendered":"https:\/\/ekinox.shop\/boutique\/?post_type=product&#038;p=3093"},"modified":"2024-01-29T14:29:23","modified_gmt":"2024-01-29T13:29:23","slug":"balisage-photoluminescent-de-securite-waccess","status":"publish","type":"product","link":"https:\/\/ekinox.shop\/boutique\/produit\/balisage-photoluminescent-de-securite-waccess\/","title":{"rendered":"BALISAGE PHOTOLUMINESCENT DE S\u00c9CURIT\u00c9"},"content":{"rendered":"<p>Le balisage photoluminescent de s\u00e9curit\u00e9 s\u00e9curise l\u2019\u00e9vacuation en cas de danger et d\u2019absence de visibilit\u00e9 (fum\u00e9e, incendie, obscurit\u00e9 totale). Le film se recharge \u00e0 la lumi\u00e8re du jour ou \u00e0 l\u2019\u00e9clairage artificiel.<\/p>\n<p>LES + PRODUITS<\/p>\n<ul>\n<li>Luminescent jusqu\u2019\u00e0 2 heures<\/li>\n<li>Se recharge en continu \u00e0 la lumi\u00e8re<\/li>\n<\/ul>\n<p><strong>CARACT\u00c9RISTIQUES<\/strong><\/p>\n<table style=\"height: 80px; width: 1000px;\" width=\"861\" cellpadding=\"10\">\n<tbody>\n<tr>\n<td><strong>R\u00e9f\u00e9rence<\/strong><\/td>\n<td><strong>Dimensions<\/strong><\/td>\n<td><b>Usage<\/b><\/td>\n<td><b>Fl\u00e8che de guidage<\/b><\/td>\n<td><b>Mati\u00e8re<\/b><\/td>\n<\/tr>\n<tr>\n<td>630 001<\/td>\n<td>10 m x 25 x 0,6 mm<\/td>\n<td>Int\u00e9rieure<\/td>\n<td>&#8211;<\/td>\n<td>PVC sur surface<br \/>\npolyester<br \/>\nAdh\u00e9sif acrylique<\/td>\n<\/tr>\n<tr>\n<td>811 840 \/50<\/td>\n<td><span style=\"white-space: pre;\"><span style=\"white-space: pre;\">10 m x 25 x 0,6 mm<\/span><\/span><\/td>\n<td>Int\u00e9rieure<\/td>\n<td>&#8211;<\/td>\n<td>PVC sur surface<br \/>\npolyester<br \/>\nAdh\u00e9sif acrylique<\/td>\n<\/tr>\n<tr>\n<td>811 841 D\/25<\/td>\n<td><span style=\"white-space: pre;\"><span style=\"white-space: pre;\">10 m x 25 x 0,6 mm<\/span><\/span><\/td>\n<td>Int\u00e9rieure<\/td>\n<td>Droite<\/td>\n<td>PVC sur surface<br \/>\npolyester<br \/>\nAdh\u00e9sif acrylique<\/td>\n<\/tr>\n<tr>\n<td>811 841 D\/50<\/td>\n<td><span style=\"white-space: pre;\"><span style=\"white-space: pre;\">10 m x 25 x 0,6 mm<\/span><\/span><\/td>\n<td>Int\u00e9rieure<\/td>\n<td>Droite<\/td>\n<td>PVC sur surface<br \/>\npolyester<br \/>\nAdh\u00e9sif acrylique<\/td>\n<\/tr>\n<tr>\n<td>811 841 G\/25<\/td>\n<td><span style=\"white-space: pre;\">10 m x 25 x 0,6 mm<\/span><\/td>\n<td>Int\u00e9rieure<\/td>\n<td>Gauche<\/td>\n<td>PVC sur surface<br \/>\npolyester<br \/>\nAdh\u00e9sif acrylique<\/td>\n<\/tr>\n<tr>\n<td>811 841 G\/50<\/td>\n<td><span style=\"white-space: pre;\"> 10 m x 25 x 0,6 mm<\/span><\/td>\n<td>Int\u00e9rieure<\/td>\n<td>Gauche<\/td>\n<td>PVC sur surface<br \/>\npolyester<br \/>\nAdh\u00e9sif acrylique<\/td>\n<\/tr>\n<\/tbody>\n<\/table>\n","protected":false},"excerpt":{"rendered":"<p>Le balisage photoluminescent de s\u00e9curit\u00e9 s\u00e9curise l\u2019\u00e9vacuation en cas de danger et d\u2019absence de visibilit\u00e9 (fum\u00e9e, incendie, obscurit\u00e9 totale). Le film se recharge \u00e0 la lumi\u00e8re du jour ou \u00e0 l\u2019\u00e9clairage artificiel.<\/p>\n<p>LES + PRODUITS<\/p>\n<ul>\n<li>Luminescent jusqu\u2019\u00e0 2 heures<\/li>\n<li>Se recharge en continu \u00e0 la lumi\u00e8re<\/li>\n<\/ul>\n","protected":false},"featured_media":3081,"template":"","meta":[],"product_brand":[],"product_cat":[49,37,86],"product_tag":[],"class_list":{"0":"post-3093","1":"product","2":"type-product","3":"status-publish","4":"has-post-thumbnail","6":"product_cat-accessibilite-des-pmr","7":"product_cat-protection-des-personnes","8":"product_cat-reperage-surface-vitree","10":"first","11":"instock","12":"taxable","13":"shipping-taxable","14":"product-type-simple"},"yoast_head":"<!-- This site is optimized with the Yoast SEO plugin v27.1.1 - https:\/\/yoast.com\/product\/yoast-seo-wordpress\/ -->\n<title>BALISAGE PHOTOLUMINESCENT DE S\u00c9CURIT\u00c9 - Ekinox.shop<\/title>\n<meta name=\"robots\" content=\"index, follow, max-snippet:-1, max-image-preview:large, max-video-preview:-1\" \/>\n<link rel=\"canonical\" href=\"https:\/\/ekinox.shop\/boutique\/produit\/balisage-photoluminescent-de-securite-waccess\/\" \/>\n<meta property=\"og:locale\" content=\"fr_FR\" \/>\n<meta property=\"og:type\" content=\"article\" \/>\n<meta property=\"og:title\" content=\"BALISAGE PHOTOLUMINESCENT DE S\u00c9CURIT\u00c9 - Ekinox.shop\" \/>\n<meta property=\"og:description\" content=\"Le balisage photoluminescent de s\u00e9curit\u00e9 s\u00e9curise l\u2019\u00e9vacuation en cas de danger et d\u2019absence de visibilit\u00e9 (fum\u00e9e, incendie, obscurit\u00e9 totale). Le film se recharge \u00e0 la lumi\u00e8re du jour ou \u00e0 l\u2019\u00e9clairage artificiel.  LES + PRODUITS   Luminescent jusqu\u2019\u00e0 2 heures  Se recharge en continu \u00e0 la lumi\u00e8re\" \/>\n<meta property=\"og:url\" content=\"https:\/\/ekinox.shop\/boutique\/produit\/balisage-photoluminescent-de-securite-waccess\/\" \/>\n<meta property=\"og:site_name\" content=\"Ekinox.shop\" \/>\n<meta property=\"article:modified_time\" content=\"2024-01-29T13:29:23+00:00\" \/>\n<meta property=\"og:image\" content=\"https:\/\/ekinox.shop\/boutique\/wp-content\/uploads\/2022\/07\/2065-BALISAGE-PHOTOLUMINESCENT-DE-SECURITE-WACCESS.jpg\" \/>\n\t<meta property=\"og:image:width\" content=\"800\" \/>\n\t<meta property=\"og:image:height\" content=\"500\" \/>\n\t<meta property=\"og:image:type\" content=\"image\/jpeg\" \/>\n<meta name=\"twitter:card\" content=\"summary_large_image\" \/>\n<meta name=\"twitter:label1\" content=\"Dur\u00e9e de lecture estim\u00e9e\" \/>\n\t<meta name=\"twitter:data1\" content=\"2 minutes\" \/>\n<script type=\"application\/ld+json\" class=\"yoast-schema-graph\">{\"@context\":\"https:\/\/schema.org\",\"@graph\":[{\"@type\":\"WebPage\",\"@id\":\"https:\/\/ekinox.shop\/boutique\/produit\/balisage-photoluminescent-de-securite-waccess\/\",\"url\":\"https:\/\/ekinox.shop\/boutique\/produit\/balisage-photoluminescent-de-securite-waccess\/\",\"name\":\"BALISAGE PHOTOLUMINESCENT DE S\u00c9CURIT\u00c9 - Ekinox.shop\",\"isPartOf\":{\"@id\":\"https:\/\/ekinox.shop\/boutique\/#website\"},\"primaryImageOfPage\":{\"@id\":\"https:\/\/ekinox.shop\/boutique\/produit\/balisage-photoluminescent-de-securite-waccess\/#primaryimage\"},\"image\":{\"@id\":\"https:\/\/ekinox.shop\/boutique\/produit\/balisage-photoluminescent-de-securite-waccess\/#primaryimage\"},\"thumbnailUrl\":\"https:\/\/ekinox.shop\/boutique\/wp-content\/uploads\/2022\/07\/2065-BALISAGE-PHOTOLUMINESCENT-DE-SECURITE-WACCESS.jpg\",\"datePublished\":\"2022-07-05T10:23:26+00:00\",\"dateModified\":\"2024-01-29T13:29:23+00:00\",\"breadcrumb\":{\"@id\":\"https:\/\/ekinox.shop\/boutique\/produit\/balisage-photoluminescent-de-securite-waccess\/#breadcrumb\"},\"inLanguage\":\"fr-FR\",\"potentialAction\":[{\"@type\":\"ReadAction\",\"target\":[\"https:\/\/ekinox.shop\/boutique\/produit\/balisage-photoluminescent-de-securite-waccess\/\"]}]},{\"@type\":\"ImageObject\",\"inLanguage\":\"fr-FR\",\"@id\":\"https:\/\/ekinox.shop\/boutique\/produit\/balisage-photoluminescent-de-securite-waccess\/#primaryimage\",\"url\":\"https:\/\/ekinox.shop\/boutique\/wp-content\/uploads\/2022\/07\/2065-BALISAGE-PHOTOLUMINESCENT-DE-SECURITE-WACCESS.jpg\",\"contentUrl\":\"https:\/\/ekinox.shop\/boutique\/wp-content\/uploads\/2022\/07\/2065-BALISAGE-PHOTOLUMINESCENT-DE-SECURITE-WACCESS.jpg\",\"width\":800,\"height\":500,\"caption\":\"BALISAGE PHOTOLUMINESCENT DE S\u00c9CURIT\u00c9 WACCESS\"},{\"@type\":\"BreadcrumbList\",\"@id\":\"https:\/\/ekinox.shop\/boutique\/produit\/balisage-photoluminescent-de-securite-waccess\/#breadcrumb\",\"itemListElement\":[{\"@type\":\"ListItem\",\"position\":1,\"name\":\"Accueil\",\"item\":\"https:\/\/ekinox.shop\/boutique\/\"},{\"@type\":\"ListItem\",\"position\":2,\"name\":\"Shop\",\"item\":\"https:\/\/ekinox.shop\/boutique\/shop\/\"},{\"@type\":\"ListItem\",\"position\":3,\"name\":\"PROTECTION DES PERSONNES\",\"item\":\"https:\/\/ekinox.shop\/boutique\/categorie-produit\/protection-des-personnes\/\"},{\"@type\":\"ListItem\",\"position\":4,\"name\":\"ACCESSIBILIT\u00c9 DES PMR\",\"item\":\"https:\/\/ekinox.shop\/boutique\/categorie-produit\/protection-des-personnes\/accessibilite-des-pmr\/\"},{\"@type\":\"ListItem\",\"position\":5,\"name\":\"REP\u00c9RAGE SURFACE VITR\u00c9E\",\"item\":\"https:\/\/ekinox.shop\/boutique\/categorie-produit\/protection-des-personnes\/accessibilite-des-pmr\/reperage-surface-vitree\/\"},{\"@type\":\"ListItem\",\"position\":6,\"name\":\"BALISAGE PHOTOLUMINESCENT DE S\u00c9CURIT\u00c9\"}]},{\"@type\":\"WebSite\",\"@id\":\"https:\/\/ekinox.shop\/boutique\/#website\",\"url\":\"https:\/\/ekinox.shop\/boutique\/\",\"name\":\"Ekinox.shop\",\"description\":\"Votre garde-corps inox ou aluminium sur-mesure\",\"publisher\":{\"@id\":\"https:\/\/ekinox.shop\/boutique\/#organization\"},\"potentialAction\":[{\"@type\":\"SearchAction\",\"target\":{\"@type\":\"EntryPoint\",\"urlTemplate\":\"https:\/\/ekinox.shop\/boutique\/?s={search_term_string}\"},\"query-input\":{\"@type\":\"PropertyValueSpecification\",\"valueRequired\":true,\"valueName\":\"search_term_string\"}}],\"inLanguage\":\"fr-FR\"},{\"@type\":\"Organization\",\"@id\":\"https:\/\/ekinox.shop\/boutique\/#organization\",\"name\":\"Ekinox.shop\",\"url\":\"https:\/\/ekinox.shop\/boutique\/\",\"logo\":{\"@type\":\"ImageObject\",\"inLanguage\":\"fr-FR\",\"@id\":\"https:\/\/ekinox.shop\/boutique\/#\/schema\/logo\/image\/\",\"url\":\"https:\/\/ekinox.shop\/boutique\/wp-content\/uploads\/2023\/06\/LOGO_EKINOX.svg\",\"contentUrl\":\"https:\/\/ekinox.shop\/boutique\/wp-content\/uploads\/2023\/06\/LOGO_EKINOX.svg\",\"width\":1,\"height\":1,\"caption\":\"Ekinox.shop\"},\"image\":{\"@id\":\"https:\/\/ekinox.shop\/boutique\/#\/schema\/logo\/image\/\"}}]}<\/script>\n<!-- \/ Yoast SEO plugin. -->","yoast_head_json":{"title":"BALISAGE PHOTOLUMINESCENT DE S\u00c9CURIT\u00c9 - Ekinox.shop","robots":{"index":"index","follow":"follow","max-snippet":"max-snippet:-1","max-image-preview":"max-image-preview:large","max-video-preview":"max-video-preview:-1"},"canonical":"https:\/\/ekinox.shop\/boutique\/produit\/balisage-photoluminescent-de-securite-waccess\/","og_locale":"fr_FR","og_type":"article","og_title":"BALISAGE PHOTOLUMINESCENT DE S\u00c9CURIT\u00c9 - Ekinox.shop","og_description":"Le balisage photoluminescent de s\u00e9curit\u00e9 s\u00e9curise l\u2019\u00e9vacuation en cas de danger et d\u2019absence de visibilit\u00e9 (fum\u00e9e, incendie, obscurit\u00e9 totale). Le film se recharge \u00e0 la lumi\u00e8re du jour ou \u00e0 l\u2019\u00e9clairage artificiel.  LES + PRODUITS   Luminescent jusqu\u2019\u00e0 2 heures  Se recharge en continu \u00e0 la lumi\u00e8re","og_url":"https:\/\/ekinox.shop\/boutique\/produit\/balisage-photoluminescent-de-securite-waccess\/","og_site_name":"Ekinox.shop","article_modified_time":"2024-01-29T13:29:23+00:00","og_image":[{"width":800,"height":500,"url":"https:\/\/ekinox.shop\/boutique\/wp-content\/uploads\/2022\/07\/2065-BALISAGE-PHOTOLUMINESCENT-DE-SECURITE-WACCESS.jpg","type":"image\/jpeg"}],"twitter_card":"summary_large_image","twitter_misc":{"Dur\u00e9e de lecture estim\u00e9e":"2 minutes"},"schema":{"@context":"https:\/\/schema.org","@graph":[{"@type":"WebPage","@id":"https:\/\/ekinox.shop\/boutique\/produit\/balisage-photoluminescent-de-securite-waccess\/","url":"https:\/\/ekinox.shop\/boutique\/produit\/balisage-photoluminescent-de-securite-waccess\/","name":"BALISAGE PHOTOLUMINESCENT DE S\u00c9CURIT\u00c9 - Ekinox.shop","isPartOf":{"@id":"https:\/\/ekinox.shop\/boutique\/#website"},"primaryImageOfPage":{"@id":"https:\/\/ekinox.shop\/boutique\/produit\/balisage-photoluminescent-de-securite-waccess\/#primaryimage"},"image":{"@id":"https:\/\/ekinox.shop\/boutique\/produit\/balisage-photoluminescent-de-securite-waccess\/#primaryimage"},"thumbnailUrl":"https:\/\/ekinox.shop\/boutique\/wp-content\/uploads\/2022\/07\/2065-BALISAGE-PHOTOLUMINESCENT-DE-SECURITE-WACCESS.jpg","datePublished":"2022-07-05T10:23:26+00:00","dateModified":"2024-01-29T13:29:23+00:00","breadcrumb":{"@id":"https:\/\/ekinox.shop\/boutique\/produit\/balisage-photoluminescent-de-securite-waccess\/#breadcrumb"},"inLanguage":"fr-FR","potentialAction":[{"@type":"ReadAction","target":["https:\/\/ekinox.shop\/boutique\/produit\/balisage-photoluminescent-de-securite-waccess\/"]}]},{"@type":"ImageObject","inLanguage":"fr-FR","@id":"https:\/\/ekinox.shop\/boutique\/produit\/balisage-photoluminescent-de-securite-waccess\/#primaryimage","url":"https:\/\/ekinox.shop\/boutique\/wp-content\/uploads\/2022\/07\/2065-BALISAGE-PHOTOLUMINESCENT-DE-SECURITE-WACCESS.jpg","contentUrl":"https:\/\/ekinox.shop\/boutique\/wp-content\/uploads\/2022\/07\/2065-BALISAGE-PHOTOLUMINESCENT-DE-SECURITE-WACCESS.jpg","width":800,"height":500,"caption":"BALISAGE PHOTOLUMINESCENT DE S\u00c9CURIT\u00c9 WACCESS"},{"@type":"BreadcrumbList","@id":"https:\/\/ekinox.shop\/boutique\/produit\/balisage-photoluminescent-de-securite-waccess\/#breadcrumb","itemListElement":[{"@type":"ListItem","position":1,"name":"Accueil","item":"https:\/\/ekinox.shop\/boutique\/"},{"@type":"ListItem","position":2,"name":"Shop","item":"https:\/\/ekinox.shop\/boutique\/shop\/"},{"@type":"ListItem","position":3,"name":"PROTECTION DES PERSONNES","item":"https:\/\/ekinox.shop\/boutique\/categorie-produit\/protection-des-personnes\/"},{"@type":"ListItem","position":4,"name":"ACCESSIBILIT\u00c9 DES PMR","item":"https:\/\/ekinox.shop\/boutique\/categorie-produit\/protection-des-personnes\/accessibilite-des-pmr\/"},{"@type":"ListItem","position":5,"name":"REP\u00c9RAGE SURFACE VITR\u00c9E","item":"https:\/\/ekinox.shop\/boutique\/categorie-produit\/protection-des-personnes\/accessibilite-des-pmr\/reperage-surface-vitree\/"},{"@type":"ListItem","position":6,"name":"BALISAGE PHOTOLUMINESCENT DE S\u00c9CURIT\u00c9"}]},{"@type":"WebSite","@id":"https:\/\/ekinox.shop\/boutique\/#website","url":"https:\/\/ekinox.shop\/boutique\/","name":"Ekinox.shop","description":"Votre garde-corps inox ou aluminium sur-mesure","publisher":{"@id":"https:\/\/ekinox.shop\/boutique\/#organization"},"potentialAction":[{"@type":"SearchAction","target":{"@type":"EntryPoint","urlTemplate":"https:\/\/ekinox.shop\/boutique\/?s={search_term_string}"},"query-input":{"@type":"PropertyValueSpecification","valueRequired":true,"valueName":"search_term_string"}}],"inLanguage":"fr-FR"},{"@type":"Organization","@id":"https:\/\/ekinox.shop\/boutique\/#organization","name":"Ekinox.shop","url":"https:\/\/ekinox.shop\/boutique\/","logo":{"@type":"ImageObject","inLanguage":"fr-FR","@id":"https:\/\/ekinox.shop\/boutique\/#\/schema\/logo\/image\/","url":"https:\/\/ekinox.shop\/boutique\/wp-content\/uploads\/2023\/06\/LOGO_EKINOX.svg","contentUrl":"https:\/\/ekinox.shop\/boutique\/wp-content\/uploads\/2023\/06\/LOGO_EKINOX.svg","width":1,"height":1,"caption":"Ekinox.shop"},"image":{"@id":"https:\/\/ekinox.shop\/boutique\/#\/schema\/logo\/image\/"}}]}},"jetpack_sharing_enabled":true,"_links":{"self":[{"href":"https:\/\/ekinox.shop\/boutique\/wp-json\/wp\/v2\/product\/3093","targetHints":{"allow":["GET"]}}],"collection":[{"href":"https:\/\/ekinox.shop\/boutique\/wp-json\/wp\/v2\/product"}],"about":[{"href":"https:\/\/ekinox.shop\/boutique\/wp-json\/wp\/v2\/types\/product"}],"wp:featuredmedia":[{"embeddable":true,"href":"https:\/\/ekinox.shop\/boutique\/wp-json\/wp\/v2\/media\/3081"}],"wp:attachment":[{"href":"https:\/\/ekinox.shop\/boutique\/wp-json\/wp\/v2\/media?parent=3093"}],"wp:term":[{"taxonomy":"product_brand","embeddable":true,"href":"https:\/\/ekinox.shop\/boutique\/wp-json\/wp\/v2\/product_brand?post=3093"},{"taxonomy":"product_cat","embeddable":true,"href":"https:\/\/ekinox.shop\/boutique\/wp-json\/wp\/v2\/product_cat?post=3093"},{"taxonomy":"product_tag","embeddable":true,"href":"https:\/\/ekinox.shop\/boutique\/wp-json\/wp\/v2\/product_tag?post=3093"}],"curies":[{"name":"wp","href":"https:\/\/api.w.org\/{rel}","templated":true}]}}