{"id":3120,"date":"2022-07-05T15:50:38","date_gmt":"2022-07-05T13:50:38","guid":{"rendered":"https:\/\/ekinox.shop\/boutique\/?post_type=product&#038;p=3120"},"modified":"2024-01-29T11:44:50","modified_gmt":"2024-01-29T10:44:50","slug":"nez-de-marche-corniere-souple","status":"publish","type":"product","link":"https:\/\/ekinox.shop\/boutique\/produit\/nez-de-marche-corniere-souple\/","title":{"rendered":"NEZ DE MARCHE CORNIERE SOUPLE"},"content":{"rendered":"<p>Les nez de marche \u00e0 angle droit (corni\u00e8re) diminuent les risques de chute dans les escaliers. Ils sont constitu\u00e9s de stries int\u00e9gr\u00e9es dans la masse ou d\u2019un antid\u00e9rapant \u00e0 fort contraste visuel qui alertent d\u2019un danger potentiel. Ils rattrapent les irr\u00e9gularit\u00e9s du nez de la marche.<\/p>\n<p>Le nez de marche large (avec longue jupe) et le nez de marche simple poss\u00e8dent des antid\u00e9rapants qui permettent d\u2019assurer le contraste mais aussi de r\u00e9duire les risques de chute. Selon le type de fixation, l\u2019antid\u00e9rapant sera coll\u00e9 ou non sur le produit (s\u2019il est livr\u00e9 \u00e0 visser, l\u2019antid\u00e9rapant ne sera pas coll\u00e9 sur le produit).<\/p>\n<p>LES + PRODUITS<\/p>\n<ul>\n<li>Id\u00e9al pour la r\u00e9novation des marches ab\u00eem\u00e9es et pour la s\u00e9curisation des escaliers<\/li>\n<li>Large gamme aluminium et compound vinylique souple<\/li>\n<li>Fixation facile et durable par vissage, auto-adh\u00e9sif ou \u00e0 coller ( suivant r\u00e9f\u00e9rence choisie)<\/li>\n<li>Durabilit\u00e9 de l\u2019antid\u00e9rapant<\/li>\n<li>Profil photoluminescent sur les r\u00e9f\u00e9rences de nez de marche large<\/li>\n<li>D\u00e9coupe de la longueur (sur devis \u2013 3 m max)<\/li>\n<\/ul>\n<p><strong>CARACT\u00c9RISTIQUES<\/strong><\/p>\n<table style=\"height: 796px; width: 1232px;\" width=\"861\" cellpadding=\"10\">\n<tbody>\n<tr>\n<td><strong>R\u00e9f\u00e9rence<\/strong><\/td>\n<td><strong>Type de produit<\/strong><\/td>\n<td><b>Dimensions<\/b><\/td>\n<td><b>Mode de pose<\/b><\/td>\n<td><b>Rail\u00a0 pr\u00e9-perc\u00e9<\/b><\/td>\n<td><b>Largeur antid\u00e9rapant<\/b><\/td>\n<td><b>Photoluminescent<\/b><\/td>\n<td><b>Nbre de NDM coll\u00e9s avec la r\u00e9f 801 539<\/b><\/td>\n<td><strong>Usage<\/strong><\/td>\n<td><strong>Mati\u00e8re<\/strong><\/td>\n<\/tr>\n<tr>\n<td>810 339<\/td>\n<td>Nez de marche large<\/td>\n<td>3 m x 60 x 46 mm<\/td>\n<td>\u00c0 visser ou \u00e0 coller<br \/>\nAntid\u00e9rapant livr\u00e9 non coll\u00e9 sur le produit<\/td>\n<td>Non<\/td>\n<td>50 mm<\/td>\n<td>Oui<\/td>\n<td>2<\/td>\n<td>Int\u00e9rieur\/ext\u00e9rieur<\/td>\n<td>Aluminium<\/td>\n<\/tr>\n<tr>\n<td>810 333<\/td>\n<td>Nez de marche large<\/td>\n<td>1,5 m x 60 x 46 mm<\/td>\n<td>\u00c0 visser ou \u00e0 coller<br \/>\nAntid\u00e9rapant livr\u00e9 non coll\u00e9 sur le produit<\/td>\n<td>Non<\/td>\n<td>50 mm<\/td>\n<td>Oui<\/td>\n<td>4<\/td>\n<td>Int\u00e9rieur\/ext\u00e9rieur<\/td>\n<td>Aluminium<\/td>\n<\/tr>\n<tr>\n<td>810 338<\/td>\n<td>Nez de marche large<\/td>\n<td>3 m x 60 x 46 mm<\/td>\n<td>Autoadh\u00e9sif antid\u00e9rapant coll\u00e9 sur le produit<\/td>\n<td>Non<\/td>\n<td>50 mm<\/td>\n<td>Oui<\/td>\n<td>&#8211;<\/td>\n<td>Int\u00e9rieur<\/td>\n<td>Aluminium<\/td>\n<\/tr>\n<tr>\n<td>810 332<\/td>\n<td>Nez de marche large<\/td>\n<td>1,5 m x 60 x 46 mm<\/td>\n<td>Autoadh\u00e9sif antid\u00e9rapant coll\u00e9 sur le produit<\/td>\n<td>Non<\/td>\n<td>50 mm<\/td>\n<td>Oui<\/td>\n<td>&#8211;<\/td>\n<td>Int\u00e9rieur<\/td>\n<td>Aluminium<\/td>\n<\/tr>\n<tr>\n<td>810 336<\/td>\n<td>Nez de marche simple avec antid\u00e9rapant<\/td>\n<td>3 m x 39 x 23 mm<\/td>\n<td>\u00c0 visser ou \u00e0 coller<br \/>\nAntid\u00e9rapant livr\u00e9 non coll\u00e9 sur le produit<\/td>\n<td>Non<\/td>\n<td>30 mm<\/td>\n<td>&#8211;<\/td>\n<td>3<\/td>\n<td>Int\u00e9rieur\/ext\u00e9rieur<\/td>\n<td>Aluminium<\/td>\n<\/tr>\n<tr>\n<td>810 335<\/td>\n<td>Nez de marche simple avec antid\u00e9rapant<\/td>\n<td>1,5 m x 39 x 23 mm<\/td>\n<td>\u00c0 visser ou \u00e0 coller<br \/>\nAntid\u00e9rapant livr\u00e9 non coll\u00e9 sur le produit<\/td>\n<td>Non<\/td>\n<td>30 mm<\/td>\n<td>&#8211;<\/td>\n<td>6<\/td>\n<td>Int\u00e9rieur\/ext\u00e9rieur<\/td>\n<td>Aluminium<\/td>\n<\/tr>\n<tr>\n<td>810 331<\/td>\n<td>Nez de marche simple avec antid\u00e9rapant<\/td>\n<td>3 m x 39 x 23 mm<\/td>\n<td>Autoadh\u00e9sif antid\u00e9rapant coll\u00e9 sur le produit<\/td>\n<td>Non<\/td>\n<td>30 mm<\/td>\n<td>&#8211;<\/td>\n<td>&#8211;<\/td>\n<td>Int\u00e9rieur<\/td>\n<td>Aluminium<\/td>\n<\/tr>\n<tr>\n<td>810 334<\/td>\n<td>Nez de marche simple avec antid\u00e9rapant<\/td>\n<td>1,5 m x 39 x 23 mm<\/td>\n<td>\u00c0 visser ou \u00e0 coller<\/td>\n<td>Non<\/td>\n<td>30 mm<\/td>\n<td>&#8211;<\/td>\n<td>&#8211;<\/td>\n<td>Int\u00e9rieur<\/td>\n<td>Aluminium<\/td>\n<\/tr>\n<\/tbody>\n<\/table>\n","protected":false},"excerpt":{"rendered":"<p>Le nez de marche large (avec longue jupe) et le nez de marche simple poss\u00e8dent des antid\u00e9rapants qui permettent d\u2019assurer le contraste mais aussi de r\u00e9duire les risques de chute. Selon le type de fixation, l\u2019antid\u00e9rapant sera coll\u00e9 ou non sur le produit (s\u2019il est livr\u00e9 \u00e0 visser, l\u2019antid\u00e9rapant ne sera pas coll\u00e9 sur le produit).<\/p>\n<p>LES + PRODUITS<\/p>\n<ul>\n<li>Id\u00e9al pour la r\u00e9novation des marches ab\u00eem\u00e9es et pour la s\u00e9curisation des escaliers<\/li>\n<li>Large gamme aluminium et compound vinylique souple<\/li>\n<li>Fixation facile et durable par vissage, auto-adh\u00e9sif ou \u00e0 coller ( suivant r\u00e9f\u00e9rence choisie)<\/li>\n<li>Durabilit\u00e9 de l\u2019antid\u00e9rapant<\/li>\n<li>Profil photoluminescent sur les r\u00e9f\u00e9rences de nez de marche large<\/li>\n<li>D\u00e9coupe de la longueur (sur devis \u2013 3 m max)<\/li>\n<\/ul>\n","protected":false},"featured_media":3113,"template":"","meta":[],"product_brand":[],"product_cat":[49,37,87],"product_tag":[],"class_list":{"0":"post-3120","1":"product","2":"type-product","3":"status-publish","4":"has-post-thumbnail","6":"product_cat-accessibilite-des-pmr","7":"product_cat-protection-des-personnes","8":"product_cat-nez-de-marche","10":"first","11":"instock","12":"taxable","13":"shipping-taxable","14":"product-type-simple"},"yoast_head":"<!-- This site is optimized with the Yoast SEO plugin v27.1.1 - https:\/\/yoast.com\/product\/yoast-seo-wordpress\/ -->\n<title>NEZ DE MARCHE CORNIERE SOUPLE - Ekinox.shop<\/title>\n<meta name=\"robots\" content=\"index, follow, max-snippet:-1, max-image-preview:large, max-video-preview:-1\" \/>\n<link rel=\"canonical\" href=\"https:\/\/ekinox.shop\/boutique\/produit\/nez-de-marche-corniere-souple\/\" \/>\n<meta property=\"og:locale\" content=\"fr_FR\" \/>\n<meta property=\"og:type\" content=\"article\" \/>\n<meta property=\"og:title\" content=\"NEZ DE MARCHE CORNIERE SOUPLE - Ekinox.shop\" \/>\n<meta property=\"og:description\" content=\"Le nez de marche large (avec longue jupe) et le nez de marche simple poss\u00e8dent des antid\u00e9rapants qui permettent d\u2019assurer le contraste mais aussi de r\u00e9duire les risques de chute. Selon le type de fixation, l\u2019antid\u00e9rapant sera coll\u00e9 ou non sur le produit (s\u2019il est livr\u00e9 \u00e0 visser, l\u2019antid\u00e9rapant ne sera pas coll\u00e9 sur le produit).  LES + PRODUITS   Id\u00e9al pour la r\u00e9novation des marches ab\u00eem\u00e9es et pour la s\u00e9curisation des escaliers  Large gamme aluminium et compound vinylique souple  Fixation facile et durable par vissage, auto-adh\u00e9sif ou \u00e0 coller ( suivant r\u00e9f\u00e9rence choisie)  Durabilit\u00e9 de l\u2019antid\u00e9rapant  Profil photoluminescent sur les r\u00e9f\u00e9rences de nez de marche large  D\u00e9coupe de la longueur (sur devis \u2013 3 m max)\" \/>\n<meta property=\"og:url\" content=\"https:\/\/ekinox.shop\/boutique\/produit\/nez-de-marche-corniere-souple\/\" \/>\n<meta property=\"og:site_name\" content=\"Ekinox.shop\" \/>\n<meta property=\"article:modified_time\" content=\"2024-01-29T10:44:50+00:00\" \/>\n<meta property=\"og:image\" content=\"https:\/\/ekinox.shop\/boutique\/wp-content\/uploads\/2022\/07\/2121-NEZ-DE-MARCHE-CORNIERE-SOUPLE.jpg\" \/>\n\t<meta property=\"og:image:width\" content=\"2560\" \/>\n\t<meta property=\"og:image:height\" content=\"1600\" \/>\n\t<meta property=\"og:image:type\" content=\"image\/jpeg\" \/>\n<meta name=\"twitter:card\" content=\"summary_large_image\" \/>\n<meta name=\"twitter:label1\" content=\"Dur\u00e9e de lecture estim\u00e9e\" \/>\n\t<meta name=\"twitter:data1\" content=\"3 minutes\" \/>\n<script type=\"application\/ld+json\" class=\"yoast-schema-graph\">{\"@context\":\"https:\/\/schema.org\",\"@graph\":[{\"@type\":\"WebPage\",\"@id\":\"https:\/\/ekinox.shop\/boutique\/produit\/nez-de-marche-corniere-souple\/\",\"url\":\"https:\/\/ekinox.shop\/boutique\/produit\/nez-de-marche-corniere-souple\/\",\"name\":\"NEZ DE MARCHE CORNIERE SOUPLE - Ekinox.shop\",\"isPartOf\":{\"@id\":\"https:\/\/ekinox.shop\/boutique\/#website\"},\"primaryImageOfPage\":{\"@id\":\"https:\/\/ekinox.shop\/boutique\/produit\/nez-de-marche-corniere-souple\/#primaryimage\"},\"image\":{\"@id\":\"https:\/\/ekinox.shop\/boutique\/produit\/nez-de-marche-corniere-souple\/#primaryimage\"},\"thumbnailUrl\":\"https:\/\/ekinox.shop\/boutique\/wp-content\/uploads\/2022\/07\/2121-NEZ-DE-MARCHE-CORNIERE-SOUPLE.jpg\",\"datePublished\":\"2022-07-05T13:50:38+00:00\",\"dateModified\":\"2024-01-29T10:44:50+00:00\",\"breadcrumb\":{\"@id\":\"https:\/\/ekinox.shop\/boutique\/produit\/nez-de-marche-corniere-souple\/#breadcrumb\"},\"inLanguage\":\"fr-FR\",\"potentialAction\":[{\"@type\":\"ReadAction\",\"target\":[\"https:\/\/ekinox.shop\/boutique\/produit\/nez-de-marche-corniere-souple\/\"]}]},{\"@type\":\"ImageObject\",\"inLanguage\":\"fr-FR\",\"@id\":\"https:\/\/ekinox.shop\/boutique\/produit\/nez-de-marche-corniere-souple\/#primaryimage\",\"url\":\"https:\/\/ekinox.shop\/boutique\/wp-content\/uploads\/2022\/07\/2121-NEZ-DE-MARCHE-CORNIERE-SOUPLE.jpg\",\"contentUrl\":\"https:\/\/ekinox.shop\/boutique\/wp-content\/uploads\/2022\/07\/2121-NEZ-DE-MARCHE-CORNIERE-SOUPLE.jpg\",\"width\":2560,\"height\":1600,\"caption\":\"NEZ DE MARCHE CORNIERE SOUPLE\"},{\"@type\":\"BreadcrumbList\",\"@id\":\"https:\/\/ekinox.shop\/boutique\/produit\/nez-de-marche-corniere-souple\/#breadcrumb\",\"itemListElement\":[{\"@type\":\"ListItem\",\"position\":1,\"name\":\"Accueil\",\"item\":\"https:\/\/ekinox.shop\/boutique\/\"},{\"@type\":\"ListItem\",\"position\":2,\"name\":\"Shop\",\"item\":\"https:\/\/ekinox.shop\/boutique\/shop\/\"},{\"@type\":\"ListItem\",\"position\":3,\"name\":\"PROTECTION DES PERSONNES\",\"item\":\"https:\/\/ekinox.shop\/boutique\/categorie-produit\/protection-des-personnes\/\"},{\"@type\":\"ListItem\",\"position\":4,\"name\":\"ACCESSIBILIT\u00c9 DES PMR\",\"item\":\"https:\/\/ekinox.shop\/boutique\/categorie-produit\/protection-des-personnes\/accessibilite-des-pmr\/\"},{\"@type\":\"ListItem\",\"position\":5,\"name\":\"NEZ DE MARCHE\",\"item\":\"https:\/\/ekinox.shop\/boutique\/categorie-produit\/protection-des-personnes\/accessibilite-des-pmr\/nez-de-marche\/\"},{\"@type\":\"ListItem\",\"position\":6,\"name\":\"NEZ DE MARCHE CORNIERE SOUPLE\"}]},{\"@type\":\"WebSite\",\"@id\":\"https:\/\/ekinox.shop\/boutique\/#website\",\"url\":\"https:\/\/ekinox.shop\/boutique\/\",\"name\":\"Ekinox.shop\",\"description\":\"Votre garde-corps inox ou aluminium sur-mesure\",\"publisher\":{\"@id\":\"https:\/\/ekinox.shop\/boutique\/#organization\"},\"potentialAction\":[{\"@type\":\"SearchAction\",\"target\":{\"@type\":\"EntryPoint\",\"urlTemplate\":\"https:\/\/ekinox.shop\/boutique\/?s={search_term_string}\"},\"query-input\":{\"@type\":\"PropertyValueSpecification\",\"valueRequired\":true,\"valueName\":\"search_term_string\"}}],\"inLanguage\":\"fr-FR\"},{\"@type\":\"Organization\",\"@id\":\"https:\/\/ekinox.shop\/boutique\/#organization\",\"name\":\"Ekinox.shop\",\"url\":\"https:\/\/ekinox.shop\/boutique\/\",\"logo\":{\"@type\":\"ImageObject\",\"inLanguage\":\"fr-FR\",\"@id\":\"https:\/\/ekinox.shop\/boutique\/#\/schema\/logo\/image\/\",\"url\":\"https:\/\/ekinox.shop\/boutique\/wp-content\/uploads\/2023\/06\/LOGO_EKINOX.svg\",\"contentUrl\":\"https:\/\/ekinox.shop\/boutique\/wp-content\/uploads\/2023\/06\/LOGO_EKINOX.svg\",\"width\":1,\"height\":1,\"caption\":\"Ekinox.shop\"},\"image\":{\"@id\":\"https:\/\/ekinox.shop\/boutique\/#\/schema\/logo\/image\/\"}}]}<\/script>\n<!-- \/ Yoast SEO plugin. -->","yoast_head_json":{"title":"NEZ DE MARCHE CORNIERE SOUPLE - Ekinox.shop","robots":{"index":"index","follow":"follow","max-snippet":"max-snippet:-1","max-image-preview":"max-image-preview:large","max-video-preview":"max-video-preview:-1"},"canonical":"https:\/\/ekinox.shop\/boutique\/produit\/nez-de-marche-corniere-souple\/","og_locale":"fr_FR","og_type":"article","og_title":"NEZ DE MARCHE CORNIERE SOUPLE - Ekinox.shop","og_description":"Le nez de marche large (avec longue jupe) et le nez de marche simple poss\u00e8dent des antid\u00e9rapants qui permettent d\u2019assurer le contraste mais aussi de r\u00e9duire les risques de chute. Selon le type de fixation, l\u2019antid\u00e9rapant sera coll\u00e9 ou non sur le produit (s\u2019il est livr\u00e9 \u00e0 visser, l\u2019antid\u00e9rapant ne sera pas coll\u00e9 sur le produit).  LES + PRODUITS   Id\u00e9al pour la r\u00e9novation des marches ab\u00eem\u00e9es et pour la s\u00e9curisation des escaliers  Large gamme aluminium et compound vinylique souple  Fixation facile et durable par vissage, auto-adh\u00e9sif ou \u00e0 coller ( suivant r\u00e9f\u00e9rence choisie)  Durabilit\u00e9 de l\u2019antid\u00e9rapant  Profil photoluminescent sur les r\u00e9f\u00e9rences de nez de marche large  D\u00e9coupe de la longueur (sur devis \u2013 3 m max)","og_url":"https:\/\/ekinox.shop\/boutique\/produit\/nez-de-marche-corniere-souple\/","og_site_name":"Ekinox.shop","article_modified_time":"2024-01-29T10:44:50+00:00","og_image":[{"width":2560,"height":1600,"url":"https:\/\/ekinox.shop\/boutique\/wp-content\/uploads\/2022\/07\/2121-NEZ-DE-MARCHE-CORNIERE-SOUPLE.jpg","type":"image\/jpeg"}],"twitter_card":"summary_large_image","twitter_misc":{"Dur\u00e9e de lecture estim\u00e9e":"3 minutes"},"schema":{"@context":"https:\/\/schema.org","@graph":[{"@type":"WebPage","@id":"https:\/\/ekinox.shop\/boutique\/produit\/nez-de-marche-corniere-souple\/","url":"https:\/\/ekinox.shop\/boutique\/produit\/nez-de-marche-corniere-souple\/","name":"NEZ DE MARCHE CORNIERE SOUPLE - Ekinox.shop","isPartOf":{"@id":"https:\/\/ekinox.shop\/boutique\/#website"},"primaryImageOfPage":{"@id":"https:\/\/ekinox.shop\/boutique\/produit\/nez-de-marche-corniere-souple\/#primaryimage"},"image":{"@id":"https:\/\/ekinox.shop\/boutique\/produit\/nez-de-marche-corniere-souple\/#primaryimage"},"thumbnailUrl":"https:\/\/ekinox.shop\/boutique\/wp-content\/uploads\/2022\/07\/2121-NEZ-DE-MARCHE-CORNIERE-SOUPLE.jpg","datePublished":"2022-07-05T13:50:38+00:00","dateModified":"2024-01-29T10:44:50+00:00","breadcrumb":{"@id":"https:\/\/ekinox.shop\/boutique\/produit\/nez-de-marche-corniere-souple\/#breadcrumb"},"inLanguage":"fr-FR","potentialAction":[{"@type":"ReadAction","target":["https:\/\/ekinox.shop\/boutique\/produit\/nez-de-marche-corniere-souple\/"]}]},{"@type":"ImageObject","inLanguage":"fr-FR","@id":"https:\/\/ekinox.shop\/boutique\/produit\/nez-de-marche-corniere-souple\/#primaryimage","url":"https:\/\/ekinox.shop\/boutique\/wp-content\/uploads\/2022\/07\/2121-NEZ-DE-MARCHE-CORNIERE-SOUPLE.jpg","contentUrl":"https:\/\/ekinox.shop\/boutique\/wp-content\/uploads\/2022\/07\/2121-NEZ-DE-MARCHE-CORNIERE-SOUPLE.jpg","width":2560,"height":1600,"caption":"NEZ DE MARCHE CORNIERE SOUPLE"},{"@type":"BreadcrumbList","@id":"https:\/\/ekinox.shop\/boutique\/produit\/nez-de-marche-corniere-souple\/#breadcrumb","itemListElement":[{"@type":"ListItem","position":1,"name":"Accueil","item":"https:\/\/ekinox.shop\/boutique\/"},{"@type":"ListItem","position":2,"name":"Shop","item":"https:\/\/ekinox.shop\/boutique\/shop\/"},{"@type":"ListItem","position":3,"name":"PROTECTION DES PERSONNES","item":"https:\/\/ekinox.shop\/boutique\/categorie-produit\/protection-des-personnes\/"},{"@type":"ListItem","position":4,"name":"ACCESSIBILIT\u00c9 DES PMR","item":"https:\/\/ekinox.shop\/boutique\/categorie-produit\/protection-des-personnes\/accessibilite-des-pmr\/"},{"@type":"ListItem","position":5,"name":"NEZ DE MARCHE","item":"https:\/\/ekinox.shop\/boutique\/categorie-produit\/protection-des-personnes\/accessibilite-des-pmr\/nez-de-marche\/"},{"@type":"ListItem","position":6,"name":"NEZ DE MARCHE CORNIERE SOUPLE"}]},{"@type":"WebSite","@id":"https:\/\/ekinox.shop\/boutique\/#website","url":"https:\/\/ekinox.shop\/boutique\/","name":"Ekinox.shop","description":"Votre garde-corps inox ou aluminium sur-mesure","publisher":{"@id":"https:\/\/ekinox.shop\/boutique\/#organization"},"potentialAction":[{"@type":"SearchAction","target":{"@type":"EntryPoint","urlTemplate":"https:\/\/ekinox.shop\/boutique\/?s={search_term_string}"},"query-input":{"@type":"PropertyValueSpecification","valueRequired":true,"valueName":"search_term_string"}}],"inLanguage":"fr-FR"},{"@type":"Organization","@id":"https:\/\/ekinox.shop\/boutique\/#organization","name":"Ekinox.shop","url":"https:\/\/ekinox.shop\/boutique\/","logo":{"@type":"ImageObject","inLanguage":"fr-FR","@id":"https:\/\/ekinox.shop\/boutique\/#\/schema\/logo\/image\/","url":"https:\/\/ekinox.shop\/boutique\/wp-content\/uploads\/2023\/06\/LOGO_EKINOX.svg","contentUrl":"https:\/\/ekinox.shop\/boutique\/wp-content\/uploads\/2023\/06\/LOGO_EKINOX.svg","width":1,"height":1,"caption":"Ekinox.shop"},"image":{"@id":"https:\/\/ekinox.shop\/boutique\/#\/schema\/logo\/image\/"}}]}},"jetpack_sharing_enabled":true,"_links":{"self":[{"href":"https:\/\/ekinox.shop\/boutique\/wp-json\/wp\/v2\/product\/3120","targetHints":{"allow":["GET"]}}],"collection":[{"href":"https:\/\/ekinox.shop\/boutique\/wp-json\/wp\/v2\/product"}],"about":[{"href":"https:\/\/ekinox.shop\/boutique\/wp-json\/wp\/v2\/types\/product"}],"wp:featuredmedia":[{"embeddable":true,"href":"https:\/\/ekinox.shop\/boutique\/wp-json\/wp\/v2\/media\/3113"}],"wp:attachment":[{"href":"https:\/\/ekinox.shop\/boutique\/wp-json\/wp\/v2\/media?parent=3120"}],"wp:term":[{"taxonomy":"product_brand","embeddable":true,"href":"https:\/\/ekinox.shop\/boutique\/wp-json\/wp\/v2\/product_brand?post=3120"},{"taxonomy":"product_cat","embeddable":true,"href":"https:\/\/ekinox.shop\/boutique\/wp-json\/wp\/v2\/product_cat?post=3120"},{"taxonomy":"product_tag","embeddable":true,"href":"https:\/\/ekinox.shop\/boutique\/wp-json\/wp\/v2\/product_tag?post=3120"}],"curies":[{"name":"wp","href":"https:\/\/api.w.org\/{rel}","templated":true}]}}